{"id":3976,"date":"2024-11-11T18:35:40","date_gmt":"2024-11-11T17:35:40","guid":{"rendered":"https:\/\/www.megiw.pl\/?post_type=product&#038;p=3976"},"modified":"2025-06-25T09:40:58","modified_gmt":"2025-06-25T07:40:58","slug":"sauna-ogrodowa-lasi-200x220","status":"publish","type":"product","link":"https:\/\/www.megiw.pl\/en\/product\/sauna-ogrodowa-lasi-200x220\/","title":{"rendered":"Garden sauna \u201dLasi\u201d 200\u00d7220"},"content":{"rendered":"","protected":false},"excerpt":{"rendered":"<p>Welcome to the world of relaxation and health with our elegant outdoor sauna made from high-quality spruce wood with a thickness of 28 mm. Its modern design makes it a perfect fit for any garden space.<\/p>\n<p>The front of the sauna is fully glazed with 8 mm thick toughened graphite glass, which not only provides a unique appearance but is also resistant to changing weather conditions. This makes the interior of the sauna bright and spacious while offering privacy.<\/p>\n<p>The sauna is equipped with three ergonomic benches made of high-quality spruce wood for comfort.<\/p>\n<p>The floor has been carefully insulated with styrod, ensuring it stays warm, and then finished with 16 mm thick panelling board, adding to the natural charm of the interior.<\/p>\n<p>The sauna has a double insulated roof.<\/p>\n<p>For added style and to match your preferences, we offer a choice of black or silver hardware.<\/p>\n<p>The sauna is available in a natural color and also painted externally in black (RAL 9017).<\/p>","protected":false},"featured_media":4782,"template":"","meta":{"site-sidebar-layout":"default","site-content-layout":"","ast-site-content-layout":"default","site-content-style":"default","site-sidebar-style":"default","ast-global-header-display":"","ast-banner-title-visibility":"","ast-main-header-display":"","ast-hfb-above-header-display":"","ast-hfb-below-header-display":"","ast-hfb-mobile-header-display":"","site-post-title":"","ast-breadcrumbs-content":"","ast-featured-img":"","footer-sml-layout":"","theme-transparent-header-meta":"default","adv-header-id-meta":"","stick-header-meta":"","header-above-stick-meta":"","header-main-stick-meta":"","header-below-stick-meta":"","astra-migrate-meta-layouts":"set","ast-page-background-enabled":"default","ast-page-background-meta":{"desktop":{"background-color":"var(--ast-global-color-4)","background-image":"","background-repeat":"repeat","background-position":"center center","background-size":"auto","background-attachment":"scroll","background-type":"","background-media":"","overlay-type":"","overlay-color":"","overlay-opacity":"","overlay-gradient":""},"tablet":{"background-color":"","background-image":"","background-repeat":"repeat","background-position":"center center","background-size":"auto","background-attachment":"scroll","background-type":"","background-media":"","overlay-type":"","overlay-color":"","overlay-opacity":"","overlay-gradient":""},"mobile":{"background-color":"","background-image":"","background-repeat":"repeat","background-position":"center center","background-size":"auto","background-attachment":"scroll","background-type":"","background-media":"","overlay-type":"","overlay-color":"","overlay-opacity":"","overlay-gradient":""}},"ast-content-background-meta":{"desktop":{"background-color":"var(--ast-global-color-5)","background-image":"","background-repeat":"repeat","background-position":"center center","background-size":"auto","background-attachment":"scroll","background-type":"","background-media":"","overlay-type":"","overlay-color":"","overlay-opacity":"","overlay-gradient":""},"tablet":{"background-color":"var(--ast-global-color-5)","background-image":"","background-repeat":"repeat","background-position":"center center","background-size":"auto","background-attachment":"scroll","background-type":"","background-media":"","overlay-type":"","overlay-color":"","overlay-opacity":"","overlay-gradient":""},"mobile":{"background-color":"var(--ast-global-color-5)","background-image":"","background-repeat":"repeat","background-position":"center center","background-size":"auto","background-attachment":"scroll","background-type":"","background-media":"","overlay-type":"","overlay-color":"","overlay-opacity":"","overlay-gradient":""}}},"product_cat":[95,98],"product_tag":[],"class_list":{"0":"post-3976","1":"product","2":"type-product","3":"status-publish","4":"has-post-thumbnail","6":"product_cat-sauny","7":"product_cat-sauny-ogrodowe","8":"desktop-align-center","9":"tablet-align-left","10":"mobile-align-left","12":"first","13":"instock","14":"shipping-taxable","15":"purchasable","16":"product-type-variable"},"yoast_head":"<!-- This site is optimized with the Yoast SEO plugin v24.0 - https:\/\/yoast.com\/wordpress\/plugins\/seo\/ -->\n<title>Sauna ogrodowa &#039;&#039;Lasi&quot; 200x220 - Megiw<\/title>\n<meta name=\"robots\" content=\"index, follow, max-snippet:-1, max-image-preview:large, max-video-preview:-1\" \/>\n<link rel=\"canonical\" href=\"https:\/\/www.megiw.pl\/en\/product\/sauna-ogrodowa-lasi-200x220\/\" \/>\n<meta property=\"og:locale\" content=\"en_GB\" \/>\n<meta property=\"og:type\" content=\"article\" \/>\n<meta property=\"og:title\" content=\"Sauna ogrodowa &#039;&#039;Lasi&quot; 200x220 - Megiw\" \/>\n<meta property=\"og:description\" content=\"Zapraszamy do \u015bwiata relaksu i zdrowia z nasz\u0105 eleganck\u0105 saun\u0105 zewn\u0119trzn\u0105, wykonan\u0105 z najwy\u017cszej jako\u015b\u0107 drewna \u015bwierkowego o grubo\u015bci 28 mm. Jej nowoczesny design sprawiaj\u0105, \u017ce idealnie wpisuje si\u0119 w ka\u017cd\u0105 przestrze\u0144 ogrodow\u0105.  Front sauny zosta\u0142 w ca\u0142o\u015bci przeszklony hartowanym szk\u0142em grafitowym o grubo\u015bci 8 mm, kt\u00f3re nie tylko zapewnia wyj\u0105tkowy wygl\u0105d, ale tak\u017ce jest odporne na zmienne warunki atmosferyczne. Dzi\u0119ki temu wn\u0119trze sauny jest jasne i przestronne, a jednocze\u015bnie oferuje prywatno\u015b\u0107.  Sauna wyposa\u017cona jest w trzy ergonomiczne \u0142awki wykonane z wysokogatunkowego drewna \u015bwierkowego, kt\u00f3re zapewniaj\u0105 komfort u\u017cytkowania.  Pod\u0142oga zosta\u0142a starannie zaizolowana styrodurem, co gwarantuje utrzymanie ciep\u0142a, a nast\u0119pnie wyko\u0144czona desk\u0105 boazeryjn\u0105 o grubo\u015bci 16 mm, dodaj\u0105c wn\u0119trzu naturalnego uroku.  Sauna posiada podw\u00f3jny izolowany dach.  Dla podkre\u015blenia stylu i dopasowania do Twoich preferencji oferujemy mo\u017cliwo\u015b\u0107 wyboru oku\u0107 w kolorze czarnym lub srebrnym.  Sauna wyst\u0119puje w kolorze naturalnym oraz malowana zewn\u0119trznie na czarno (RAL 9017).\" \/>\n<meta property=\"og:url\" content=\"https:\/\/www.megiw.pl\/en\/product\/sauna-ogrodowa-lasi-200x220\/\" \/>\n<meta property=\"og:site_name\" content=\"Megiw\" \/>\n<meta property=\"article:modified_time\" content=\"2025-06-25T07:40:58+00:00\" \/>\n<meta property=\"og:image\" content=\"https:\/\/www.megiw.pl\/wp-content\/uploads\/2024\/11\/Sauna-ogrodowa-Lasi-200\u00d7220-R.jpg\" \/>\n\t<meta property=\"og:image:width\" content=\"1280\" \/>\n\t<meta property=\"og:image:height\" content=\"1280\" \/>\n\t<meta property=\"og:image:type\" content=\"image\/jpeg\" \/>\n<meta name=\"twitter:card\" content=\"summary_large_image\" \/>\n<meta name=\"twitter:label1\" content=\"Estimated reading time\" \/>\n\t<meta name=\"twitter:data1\" content=\"1 minute\" \/>\n<script type=\"application\/ld+json\" class=\"yoast-schema-graph\">{\"@context\":\"https:\/\/schema.org\",\"@graph\":[{\"@type\":\"WebPage\",\"@id\":\"https:\/\/www.megiw.pl\/produkt\/sauna-ogrodowa-lasi-200x220\/\",\"url\":\"https:\/\/www.megiw.pl\/produkt\/sauna-ogrodowa-lasi-200x220\/\",\"name\":\"Sauna ogrodowa ''Lasi\\\" 200x220 - Megiw\",\"isPartOf\":{\"@id\":\"https:\/\/www.megiw.pl\/#website\"},\"primaryImageOfPage\":{\"@id\":\"https:\/\/www.megiw.pl\/produkt\/sauna-ogrodowa-lasi-200x220\/#primaryimage\"},\"image\":{\"@id\":\"https:\/\/www.megiw.pl\/produkt\/sauna-ogrodowa-lasi-200x220\/#primaryimage\"},\"thumbnailUrl\":\"https:\/\/www.megiw.pl\/wp-content\/uploads\/2024\/11\/Sauna-ogrodowa-Lasi-200\u00d7220-R.jpg\",\"datePublished\":\"2024-11-11T17:35:40+00:00\",\"dateModified\":\"2025-06-25T07:40:58+00:00\",\"breadcrumb\":{\"@id\":\"https:\/\/www.megiw.pl\/produkt\/sauna-ogrodowa-lasi-200x220\/#breadcrumb\"},\"inLanguage\":\"en-GB\",\"potentialAction\":[{\"@type\":\"ReadAction\",\"target\":[\"https:\/\/www.megiw.pl\/produkt\/sauna-ogrodowa-lasi-200x220\/\"]}]},{\"@type\":\"ImageObject\",\"inLanguage\":\"en-GB\",\"@id\":\"https:\/\/www.megiw.pl\/produkt\/sauna-ogrodowa-lasi-200x220\/#primaryimage\",\"url\":\"https:\/\/www.megiw.pl\/wp-content\/uploads\/2024\/11\/Sauna-ogrodowa-Lasi-200\u00d7220-R.jpg\",\"contentUrl\":\"https:\/\/www.megiw.pl\/wp-content\/uploads\/2024\/11\/Sauna-ogrodowa-Lasi-200\u00d7220-R.jpg\",\"width\":1280,\"height\":1280},{\"@type\":\"BreadcrumbList\",\"@id\":\"https:\/\/www.megiw.pl\/produkt\/sauna-ogrodowa-lasi-200x220\/#breadcrumb\",\"itemListElement\":[{\"@type\":\"ListItem\",\"position\":1,\"name\":\"Strona g\u0142\u00f3wna\",\"item\":\"https:\/\/www.megiw.pl\/\"},{\"@type\":\"ListItem\",\"position\":2,\"name\":\"Sklep\",\"item\":\"https:\/\/www.megiw.pl\/en\/sklep\/\"},{\"@type\":\"ListItem\",\"position\":3,\"name\":\"Sauna ogrodowa &#8221;Lasi&#8221; 200&#215;220\"}]},{\"@type\":\"WebSite\",\"@id\":\"https:\/\/www.megiw.pl\/#website\",\"url\":\"https:\/\/www.megiw.pl\/\",\"name\":\"Megiw\",\"description\":\"Sauny, producent saun - zak\u0142ad obr\u00f3bki drewna\",\"publisher\":{\"@id\":\"https:\/\/www.megiw.pl\/#organization\"},\"alternateName\":\"Megiw\",\"potentialAction\":[{\"@type\":\"SearchAction\",\"target\":{\"@type\":\"EntryPoint\",\"urlTemplate\":\"https:\/\/www.megiw.pl\/?s={search_term_string}\"},\"query-input\":{\"@type\":\"PropertyValueSpecification\",\"valueRequired\":true,\"valueName\":\"search_term_string\"}}],\"inLanguage\":\"en-GB\"},{\"@type\":\"Organization\",\"@id\":\"https:\/\/www.megiw.pl\/#organization\",\"name\":\"Megiw\",\"url\":\"https:\/\/www.megiw.pl\/\",\"logo\":{\"@type\":\"ImageObject\",\"inLanguage\":\"en-GB\",\"@id\":\"https:\/\/www.megiw.pl\/#\/schema\/logo\/image\/\",\"url\":\"https:\/\/www.megiw.pl\/wp-content\/uploads\/2024\/10\/cropped-MEGIW_LOGO_-1-removebg-preview-3.png\",\"contentUrl\":\"https:\/\/www.megiw.pl\/wp-content\/uploads\/2024\/10\/cropped-MEGIW_LOGO_-1-removebg-preview-3.png\",\"width\":511,\"height\":489,\"caption\":\"Megiw\"},\"image\":{\"@id\":\"https:\/\/www.megiw.pl\/#\/schema\/logo\/image\/\"}}]}<\/script>\n<!-- \/ Yoast SEO plugin. -->","yoast_head_json":{"title":"Sauna ogrodowa ''Lasi\" 200x220 - Megiw","robots":{"index":"index","follow":"follow","max-snippet":"max-snippet:-1","max-image-preview":"max-image-preview:large","max-video-preview":"max-video-preview:-1"},"canonical":"https:\/\/www.megiw.pl\/en\/product\/sauna-ogrodowa-lasi-200x220\/","og_locale":"en_GB","og_type":"article","og_title":"Sauna ogrodowa ''Lasi\" 200x220 - Megiw","og_description":"Zapraszamy do \u015bwiata relaksu i zdrowia z nasz\u0105 eleganck\u0105 saun\u0105 zewn\u0119trzn\u0105, wykonan\u0105 z najwy\u017cszej jako\u015b\u0107 drewna \u015bwierkowego o grubo\u015bci 28 mm. Jej nowoczesny design sprawiaj\u0105, \u017ce idealnie wpisuje si\u0119 w ka\u017cd\u0105 przestrze\u0144 ogrodow\u0105.  Front sauny zosta\u0142 w ca\u0142o\u015bci przeszklony hartowanym szk\u0142em grafitowym o grubo\u015bci 8 mm, kt\u00f3re nie tylko zapewnia wyj\u0105tkowy wygl\u0105d, ale tak\u017ce jest odporne na zmienne warunki atmosferyczne. Dzi\u0119ki temu wn\u0119trze sauny jest jasne i przestronne, a jednocze\u015bnie oferuje prywatno\u015b\u0107.  Sauna wyposa\u017cona jest w trzy ergonomiczne \u0142awki wykonane z wysokogatunkowego drewna \u015bwierkowego, kt\u00f3re zapewniaj\u0105 komfort u\u017cytkowania.  Pod\u0142oga zosta\u0142a starannie zaizolowana styrodurem, co gwarantuje utrzymanie ciep\u0142a, a nast\u0119pnie wyko\u0144czona desk\u0105 boazeryjn\u0105 o grubo\u015bci 16 mm, dodaj\u0105c wn\u0119trzu naturalnego uroku.  Sauna posiada podw\u00f3jny izolowany dach.  Dla podkre\u015blenia stylu i dopasowania do Twoich preferencji oferujemy mo\u017cliwo\u015b\u0107 wyboru oku\u0107 w kolorze czarnym lub srebrnym.  Sauna wyst\u0119puje w kolorze naturalnym oraz malowana zewn\u0119trznie na czarno (RAL 9017).","og_url":"https:\/\/www.megiw.pl\/en\/product\/sauna-ogrodowa-lasi-200x220\/","og_site_name":"Megiw","article_modified_time":"2025-06-25T07:40:58+00:00","og_image":[{"width":1280,"height":1280,"url":"https:\/\/www.megiw.pl\/wp-content\/uploads\/2024\/11\/Sauna-ogrodowa-Lasi-200\u00d7220-R.jpg","type":"image\/jpeg"}],"twitter_card":"summary_large_image","twitter_misc":{"Estimated reading time":"1 minute"},"schema":{"@context":"https:\/\/schema.org","@graph":[{"@type":"WebPage","@id":"https:\/\/www.megiw.pl\/produkt\/sauna-ogrodowa-lasi-200x220\/","url":"https:\/\/www.megiw.pl\/produkt\/sauna-ogrodowa-lasi-200x220\/","name":"Sauna ogrodowa ''Lasi\" 200x220 - Megiw","isPartOf":{"@id":"https:\/\/www.megiw.pl\/#website"},"primaryImageOfPage":{"@id":"https:\/\/www.megiw.pl\/produkt\/sauna-ogrodowa-lasi-200x220\/#primaryimage"},"image":{"@id":"https:\/\/www.megiw.pl\/produkt\/sauna-ogrodowa-lasi-200x220\/#primaryimage"},"thumbnailUrl":"https:\/\/www.megiw.pl\/wp-content\/uploads\/2024\/11\/Sauna-ogrodowa-Lasi-200\u00d7220-R.jpg","datePublished":"2024-11-11T17:35:40+00:00","dateModified":"2025-06-25T07:40:58+00:00","breadcrumb":{"@id":"https:\/\/www.megiw.pl\/produkt\/sauna-ogrodowa-lasi-200x220\/#breadcrumb"},"inLanguage":"en-GB","potentialAction":[{"@type":"ReadAction","target":["https:\/\/www.megiw.pl\/produkt\/sauna-ogrodowa-lasi-200x220\/"]}]},{"@type":"ImageObject","inLanguage":"en-GB","@id":"https:\/\/www.megiw.pl\/produkt\/sauna-ogrodowa-lasi-200x220\/#primaryimage","url":"https:\/\/www.megiw.pl\/wp-content\/uploads\/2024\/11\/Sauna-ogrodowa-Lasi-200\u00d7220-R.jpg","contentUrl":"https:\/\/www.megiw.pl\/wp-content\/uploads\/2024\/11\/Sauna-ogrodowa-Lasi-200\u00d7220-R.jpg","width":1280,"height":1280},{"@type":"BreadcrumbList","@id":"https:\/\/www.megiw.pl\/produkt\/sauna-ogrodowa-lasi-200x220\/#breadcrumb","itemListElement":[{"@type":"ListItem","position":1,"name":"Strona g\u0142\u00f3wna","item":"https:\/\/www.megiw.pl\/"},{"@type":"ListItem","position":2,"name":"Sklep","item":"https:\/\/www.megiw.pl\/en\/sklep\/"},{"@type":"ListItem","position":3,"name":"Sauna ogrodowa &#8221;Lasi&#8221; 200&#215;220"}]},{"@type":"WebSite","@id":"https:\/\/www.megiw.pl\/#website","url":"https:\/\/www.megiw.pl\/","name":"Megiw","description":"Sauny, producent saun - zak\u0142ad obr\u00f3bki drewna","publisher":{"@id":"https:\/\/www.megiw.pl\/#organization"},"alternateName":"Megiw","potentialAction":[{"@type":"SearchAction","target":{"@type":"EntryPoint","urlTemplate":"https:\/\/www.megiw.pl\/?s={search_term_string}"},"query-input":{"@type":"PropertyValueSpecification","valueRequired":true,"valueName":"search_term_string"}}],"inLanguage":"en-GB"},{"@type":"Organization","@id":"https:\/\/www.megiw.pl\/#organization","name":"Megiw","url":"https:\/\/www.megiw.pl\/","logo":{"@type":"ImageObject","inLanguage":"en-GB","@id":"https:\/\/www.megiw.pl\/#\/schema\/logo\/image\/","url":"https:\/\/www.megiw.pl\/wp-content\/uploads\/2024\/10\/cropped-MEGIW_LOGO_-1-removebg-preview-3.png","contentUrl":"https:\/\/www.megiw.pl\/wp-content\/uploads\/2024\/10\/cropped-MEGIW_LOGO_-1-removebg-preview-3.png","width":511,"height":489,"caption":"Megiw"},"image":{"@id":"https:\/\/www.megiw.pl\/#\/schema\/logo\/image\/"}}]}},"_links":{"self":[{"href":"https:\/\/www.megiw.pl\/en\/wp-json\/wp\/v2\/product\/3976"}],"collection":[{"href":"https:\/\/www.megiw.pl\/en\/wp-json\/wp\/v2\/product"}],"about":[{"href":"https:\/\/www.megiw.pl\/en\/wp-json\/wp\/v2\/types\/product"}],"wp:featuredmedia":[{"embeddable":true,"href":"https:\/\/www.megiw.pl\/en\/wp-json\/wp\/v2\/media\/4782"}],"wp:attachment":[{"href":"https:\/\/www.megiw.pl\/en\/wp-json\/wp\/v2\/media?parent=3976"}],"wp:term":[{"taxonomy":"product_cat","embeddable":true,"href":"https:\/\/www.megiw.pl\/en\/wp-json\/wp\/v2\/product_cat?post=3976"},{"taxonomy":"product_tag","embeddable":true,"href":"https:\/\/www.megiw.pl\/en\/wp-json\/wp\/v2\/product_tag?post=3976"}],"curies":[{"name":"wp","href":"https:\/\/api.w.org\/{rel}","templated":true}]}}