{"id":3967,"date":"2024-11-11T18:31:34","date_gmt":"2024-11-11T17:31:34","guid":{"rendered":"https:\/\/www.megiw.pl\/?post_type=product&#038;p=3967"},"modified":"2024-12-12T17:37:15","modified_gmt":"2024-12-12T16:37:15","slug":"sauna-ogrodowa-storczyk-410x354","status":"publish","type":"product","link":"https:\/\/www.megiw.pl\/en\/product\/sauna-ogrodowa-storczyk-410x354\/","title":{"rendered":"Garden sauna \u201eStorczyk\u201d 410\u00d7354"},"content":{"rendered":"","protected":false},"excerpt":{"rendered":"<p>The garden sauna Storczyk consists of a cabin and an installed sauna inside with dimensions of 194x194 cm. The sauna is suitable for almost any garden. This home spa features a gable roof. The entire structure is made of 40 mm thick spruce wood. Inside the sauna, benches made of linden wood are installed, allowing users to lie down and achieve complete relaxation.<\/p>","protected":false},"featured_media":4989,"template":"","meta":{"site-sidebar-layout":"default","site-content-layout":"","ast-site-content-layout":"default","site-content-style":"default","site-sidebar-style":"default","ast-global-header-display":"","ast-banner-title-visibility":"","ast-main-header-display":"","ast-hfb-above-header-display":"","ast-hfb-below-header-display":"","ast-hfb-mobile-header-display":"","site-post-title":"","ast-breadcrumbs-content":"","ast-featured-img":"","footer-sml-layout":"","theme-transparent-header-meta":"default","adv-header-id-meta":"","stick-header-meta":"","header-above-stick-meta":"","header-main-stick-meta":"","header-below-stick-meta":"","astra-migrate-meta-layouts":"set","ast-page-background-enabled":"default","ast-page-background-meta":{"desktop":{"background-color":"var(--ast-global-color-4)","background-image":"","background-repeat":"repeat","background-position":"center center","background-size":"auto","background-attachment":"scroll","background-type":"","background-media":"","overlay-type":"","overlay-color":"","overlay-opacity":"","overlay-gradient":""},"tablet":{"background-color":"","background-image":"","background-repeat":"repeat","background-position":"center center","background-size":"auto","background-attachment":"scroll","background-type":"","background-media":"","overlay-type":"","overlay-color":"","overlay-opacity":"","overlay-gradient":""},"mobile":{"background-color":"","background-image":"","background-repeat":"repeat","background-position":"center center","background-size":"auto","background-attachment":"scroll","background-type":"","background-media":"","overlay-type":"","overlay-color":"","overlay-opacity":"","overlay-gradient":""}},"ast-content-background-meta":{"desktop":{"background-color":"var(--ast-global-color-5)","background-image":"","background-repeat":"repeat","background-position":"center center","background-size":"auto","background-attachment":"scroll","background-type":"","background-media":"","overlay-type":"","overlay-color":"","overlay-opacity":"","overlay-gradient":""},"tablet":{"background-color":"var(--ast-global-color-5)","background-image":"","background-repeat":"repeat","background-position":"center center","background-size":"auto","background-attachment":"scroll","background-type":"","background-media":"","overlay-type":"","overlay-color":"","overlay-opacity":"","overlay-gradient":""},"mobile":{"background-color":"var(--ast-global-color-5)","background-image":"","background-repeat":"repeat","background-position":"center center","background-size":"auto","background-attachment":"scroll","background-type":"","background-media":"","overlay-type":"","overlay-color":"","overlay-opacity":"","overlay-gradient":""}}},"product_cat":[95,98],"product_tag":[],"class_list":{"0":"post-3967","1":"product","2":"type-product","3":"status-publish","4":"has-post-thumbnail","6":"product_cat-sauny","7":"product_cat-sauny-ogrodowe","8":"desktop-align-center","9":"tablet-align-left","10":"mobile-align-left","12":"first","13":"instock","14":"shipping-taxable","15":"purchasable","16":"product-type-variable"},"yoast_head":"<!-- This site is optimized with the Yoast SEO plugin v24.0 - https:\/\/yoast.com\/wordpress\/plugins\/seo\/ -->\n<title>Sauna ogrodowa &quot;Storczyk&quot; 410x354 - Megiw<\/title>\n<meta name=\"robots\" content=\"index, follow, max-snippet:-1, max-image-preview:large, max-video-preview:-1\" \/>\n<link rel=\"canonical\" href=\"https:\/\/www.megiw.pl\/en\/product\/sauna-ogrodowa-storczyk-410x354\/\" \/>\n<meta property=\"og:locale\" content=\"en_GB\" \/>\n<meta property=\"og:type\" content=\"article\" \/>\n<meta property=\"og:title\" content=\"Sauna ogrodowa &quot;Storczyk&quot; 410x354 - Megiw\" \/>\n<meta property=\"og:description\" content=\"Sauna ogrodowa Storczyk sk\u0142ada si\u0119 z domku oraz zainstalowanej wewn\u0105trz sauny o wymiarach 194x194cm . Sauna sprawdzi si\u0119 w niemal ka\u017cdym ogrodzie. Domowe spa charakteryzuje si\u0119 dwuspadowym dachem. Ca\u0142o\u015b\u0107 konstrukcji zosta\u0142a wykonana z drewna \u015bwierkowego o grubo\u015bci 40 mm. Wewn\u0105trz sauny zainstalowane \u0142awki z drewna lipowego pozwalaj\u0105 po\u0142o\u017cy\u0107 si\u0119 i osi\u0105gn\u0105\u0107 sto procent relaksu.\" \/>\n<meta property=\"og:url\" content=\"https:\/\/www.megiw.pl\/en\/product\/sauna-ogrodowa-storczyk-410x354\/\" \/>\n<meta property=\"og:site_name\" content=\"Megiw\" \/>\n<meta property=\"article:modified_time\" content=\"2024-12-12T16:37:15+00:00\" \/>\n<meta property=\"og:image\" content=\"https:\/\/www.megiw.pl\/wp-content\/uploads\/2024\/11\/Sauna-ogrodowa-\u201eStorczyk-380\u00d7340-v2.jpg\" \/>\n\t<meta property=\"og:image:width\" content=\"1280\" \/>\n\t<meta property=\"og:image:height\" content=\"1280\" \/>\n\t<meta property=\"og:image:type\" content=\"image\/jpeg\" \/>\n<meta name=\"twitter:card\" content=\"summary_large_image\" \/>\n<script type=\"application\/ld+json\" class=\"yoast-schema-graph\">{\"@context\":\"https:\/\/schema.org\",\"@graph\":[{\"@type\":\"WebPage\",\"@id\":\"https:\/\/www.megiw.pl\/en\/product\/sauna-ogrodowa-storczyk-410x354\/\",\"url\":\"https:\/\/www.megiw.pl\/en\/product\/sauna-ogrodowa-storczyk-410x354\/\",\"name\":\"Sauna ogrodowa \\\"Storczyk\\\" 410x354 - Megiw\",\"isPartOf\":{\"@id\":\"https:\/\/www.megiw.pl\/#website\"},\"primaryImageOfPage\":{\"@id\":\"https:\/\/www.megiw.pl\/en\/product\/sauna-ogrodowa-storczyk-410x354\/#primaryimage\"},\"image\":{\"@id\":\"https:\/\/www.megiw.pl\/en\/product\/sauna-ogrodowa-storczyk-410x354\/#primaryimage\"},\"thumbnailUrl\":\"https:\/\/www.megiw.pl\/wp-content\/uploads\/2024\/11\/Sauna-ogrodowa-\u201eStorczyk-380\u00d7340-v2.jpg\",\"datePublished\":\"2024-11-11T17:31:34+00:00\",\"dateModified\":\"2024-12-12T16:37:15+00:00\",\"breadcrumb\":{\"@id\":\"https:\/\/www.megiw.pl\/en\/product\/sauna-ogrodowa-storczyk-410x354\/#breadcrumb\"},\"inLanguage\":\"en-GB\",\"potentialAction\":[{\"@type\":\"ReadAction\",\"target\":[\"https:\/\/www.megiw.pl\/en\/product\/sauna-ogrodowa-storczyk-410x354\/\"]}]},{\"@type\":\"ImageObject\",\"inLanguage\":\"en-GB\",\"@id\":\"https:\/\/www.megiw.pl\/en\/product\/sauna-ogrodowa-storczyk-410x354\/#primaryimage\",\"url\":\"https:\/\/www.megiw.pl\/wp-content\/uploads\/2024\/11\/Sauna-ogrodowa-\u201eStorczyk-380\u00d7340-v2.jpg\",\"contentUrl\":\"https:\/\/www.megiw.pl\/wp-content\/uploads\/2024\/11\/Sauna-ogrodowa-\u201eStorczyk-380\u00d7340-v2.jpg\",\"width\":1280,\"height\":1280},{\"@type\":\"BreadcrumbList\",\"@id\":\"https:\/\/www.megiw.pl\/en\/product\/sauna-ogrodowa-storczyk-410x354\/#breadcrumb\",\"itemListElement\":[{\"@type\":\"ListItem\",\"position\":1,\"name\":\"Strona g\u0142\u00f3wna\",\"item\":\"https:\/\/www.megiw.pl\/\"},{\"@type\":\"ListItem\",\"position\":2,\"name\":\"Sklep\",\"item\":\"https:\/\/www.megiw.pl\/en\/sklep\/\"},{\"@type\":\"ListItem\",\"position\":3,\"name\":\"Sauna ogrodowa &#8222;Storczyk&#8221; 410&#215;354\"}]},{\"@type\":\"WebSite\",\"@id\":\"https:\/\/www.megiw.pl\/#website\",\"url\":\"https:\/\/www.megiw.pl\/\",\"name\":\"Megiw\",\"description\":\"Sauny, producent saun - zak\u0142ad obr\u00f3bki drewna\",\"publisher\":{\"@id\":\"https:\/\/www.megiw.pl\/#organization\"},\"alternateName\":\"Megiw\",\"potentialAction\":[{\"@type\":\"SearchAction\",\"target\":{\"@type\":\"EntryPoint\",\"urlTemplate\":\"https:\/\/www.megiw.pl\/?s={search_term_string}\"},\"query-input\":{\"@type\":\"PropertyValueSpecification\",\"valueRequired\":true,\"valueName\":\"search_term_string\"}}],\"inLanguage\":\"en-GB\"},{\"@type\":\"Organization\",\"@id\":\"https:\/\/www.megiw.pl\/#organization\",\"name\":\"Megiw\",\"url\":\"https:\/\/www.megiw.pl\/\",\"logo\":{\"@type\":\"ImageObject\",\"inLanguage\":\"en-GB\",\"@id\":\"https:\/\/www.megiw.pl\/#\/schema\/logo\/image\/\",\"url\":\"https:\/\/www.megiw.pl\/wp-content\/uploads\/2024\/10\/cropped-MEGIW_LOGO_-1-removebg-preview-3.png\",\"contentUrl\":\"https:\/\/www.megiw.pl\/wp-content\/uploads\/2024\/10\/cropped-MEGIW_LOGO_-1-removebg-preview-3.png\",\"width\":511,\"height\":489,\"caption\":\"Megiw\"},\"image\":{\"@id\":\"https:\/\/www.megiw.pl\/#\/schema\/logo\/image\/\"}}]}<\/script>\n<!-- \/ Yoast SEO plugin. -->","yoast_head_json":{"title":"Sauna ogrodowa \"Storczyk\" 410x354 - Megiw","robots":{"index":"index","follow":"follow","max-snippet":"max-snippet:-1","max-image-preview":"max-image-preview:large","max-video-preview":"max-video-preview:-1"},"canonical":"https:\/\/www.megiw.pl\/en\/product\/sauna-ogrodowa-storczyk-410x354\/","og_locale":"en_GB","og_type":"article","og_title":"Sauna ogrodowa \"Storczyk\" 410x354 - Megiw","og_description":"Sauna ogrodowa Storczyk sk\u0142ada si\u0119 z domku oraz zainstalowanej wewn\u0105trz sauny o wymiarach 194x194cm . Sauna sprawdzi si\u0119 w niemal ka\u017cdym ogrodzie. Domowe spa charakteryzuje si\u0119 dwuspadowym dachem. Ca\u0142o\u015b\u0107 konstrukcji zosta\u0142a wykonana z drewna \u015bwierkowego o grubo\u015bci 40 mm. Wewn\u0105trz sauny zainstalowane \u0142awki z drewna lipowego pozwalaj\u0105 po\u0142o\u017cy\u0107 si\u0119 i osi\u0105gn\u0105\u0107 sto procent relaksu.","og_url":"https:\/\/www.megiw.pl\/en\/product\/sauna-ogrodowa-storczyk-410x354\/","og_site_name":"Megiw","article_modified_time":"2024-12-12T16:37:15+00:00","og_image":[{"width":1280,"height":1280,"url":"https:\/\/www.megiw.pl\/wp-content\/uploads\/2024\/11\/Sauna-ogrodowa-\u201eStorczyk-380\u00d7340-v2.jpg","type":"image\/jpeg"}],"twitter_card":"summary_large_image","schema":{"@context":"https:\/\/schema.org","@graph":[{"@type":"WebPage","@id":"https:\/\/www.megiw.pl\/en\/product\/sauna-ogrodowa-storczyk-410x354\/","url":"https:\/\/www.megiw.pl\/en\/product\/sauna-ogrodowa-storczyk-410x354\/","name":"Sauna ogrodowa \"Storczyk\" 410x354 - Megiw","isPartOf":{"@id":"https:\/\/www.megiw.pl\/#website"},"primaryImageOfPage":{"@id":"https:\/\/www.megiw.pl\/en\/product\/sauna-ogrodowa-storczyk-410x354\/#primaryimage"},"image":{"@id":"https:\/\/www.megiw.pl\/en\/product\/sauna-ogrodowa-storczyk-410x354\/#primaryimage"},"thumbnailUrl":"https:\/\/www.megiw.pl\/wp-content\/uploads\/2024\/11\/Sauna-ogrodowa-\u201eStorczyk-380\u00d7340-v2.jpg","datePublished":"2024-11-11T17:31:34+00:00","dateModified":"2024-12-12T16:37:15+00:00","breadcrumb":{"@id":"https:\/\/www.megiw.pl\/en\/product\/sauna-ogrodowa-storczyk-410x354\/#breadcrumb"},"inLanguage":"en-GB","potentialAction":[{"@type":"ReadAction","target":["https:\/\/www.megiw.pl\/en\/product\/sauna-ogrodowa-storczyk-410x354\/"]}]},{"@type":"ImageObject","inLanguage":"en-GB","@id":"https:\/\/www.megiw.pl\/en\/product\/sauna-ogrodowa-storczyk-410x354\/#primaryimage","url":"https:\/\/www.megiw.pl\/wp-content\/uploads\/2024\/11\/Sauna-ogrodowa-\u201eStorczyk-380\u00d7340-v2.jpg","contentUrl":"https:\/\/www.megiw.pl\/wp-content\/uploads\/2024\/11\/Sauna-ogrodowa-\u201eStorczyk-380\u00d7340-v2.jpg","width":1280,"height":1280},{"@type":"BreadcrumbList","@id":"https:\/\/www.megiw.pl\/en\/product\/sauna-ogrodowa-storczyk-410x354\/#breadcrumb","itemListElement":[{"@type":"ListItem","position":1,"name":"Strona g\u0142\u00f3wna","item":"https:\/\/www.megiw.pl\/"},{"@type":"ListItem","position":2,"name":"Sklep","item":"https:\/\/www.megiw.pl\/en\/sklep\/"},{"@type":"ListItem","position":3,"name":"Sauna ogrodowa &#8222;Storczyk&#8221; 410&#215;354"}]},{"@type":"WebSite","@id":"https:\/\/www.megiw.pl\/#website","url":"https:\/\/www.megiw.pl\/","name":"Megiw","description":"Sauny, producent saun - zak\u0142ad obr\u00f3bki drewna","publisher":{"@id":"https:\/\/www.megiw.pl\/#organization"},"alternateName":"Megiw","potentialAction":[{"@type":"SearchAction","target":{"@type":"EntryPoint","urlTemplate":"https:\/\/www.megiw.pl\/?s={search_term_string}"},"query-input":{"@type":"PropertyValueSpecification","valueRequired":true,"valueName":"search_term_string"}}],"inLanguage":"en-GB"},{"@type":"Organization","@id":"https:\/\/www.megiw.pl\/#organization","name":"Megiw","url":"https:\/\/www.megiw.pl\/","logo":{"@type":"ImageObject","inLanguage":"en-GB","@id":"https:\/\/www.megiw.pl\/#\/schema\/logo\/image\/","url":"https:\/\/www.megiw.pl\/wp-content\/uploads\/2024\/10\/cropped-MEGIW_LOGO_-1-removebg-preview-3.png","contentUrl":"https:\/\/www.megiw.pl\/wp-content\/uploads\/2024\/10\/cropped-MEGIW_LOGO_-1-removebg-preview-3.png","width":511,"height":489,"caption":"Megiw"},"image":{"@id":"https:\/\/www.megiw.pl\/#\/schema\/logo\/image\/"}}]}},"_links":{"self":[{"href":"https:\/\/www.megiw.pl\/en\/wp-json\/wp\/v2\/product\/3967"}],"collection":[{"href":"https:\/\/www.megiw.pl\/en\/wp-json\/wp\/v2\/product"}],"about":[{"href":"https:\/\/www.megiw.pl\/en\/wp-json\/wp\/v2\/types\/product"}],"wp:featuredmedia":[{"embeddable":true,"href":"https:\/\/www.megiw.pl\/en\/wp-json\/wp\/v2\/media\/4989"}],"wp:attachment":[{"href":"https:\/\/www.megiw.pl\/en\/wp-json\/wp\/v2\/media?parent=3967"}],"wp:term":[{"taxonomy":"product_cat","embeddable":true,"href":"https:\/\/www.megiw.pl\/en\/wp-json\/wp\/v2\/product_cat?post=3967"},{"taxonomy":"product_tag","embeddable":true,"href":"https:\/\/www.megiw.pl\/en\/wp-json\/wp\/v2\/product_tag?post=3967"}],"curies":[{"name":"wp","href":"https:\/\/api.w.org\/{rel}","templated":true}]}}