{"id":3912,"date":"2024-11-11T18:07:35","date_gmt":"2024-11-11T17:07:35","guid":{"rendered":"https:\/\/www.megiw.pl\/?post_type=product&#038;p=3912"},"modified":"2024-12-12T17:37:35","modified_gmt":"2024-12-12T16:37:35","slug":"sauna-ogrodowa-magnolia-200x350","status":"publish","type":"product","link":"https:\/\/www.megiw.pl\/en\/product\/sauna-ogrodowa-magnolia-200x350\/","title":{"rendered":"Garden sauna \u201eMagnolia\u201d 200\u00d7350"},"content":{"rendered":"","protected":false},"excerpt":{"rendered":"<p>Original outdoor sauna with a panoramic window. The structure consists of solid walls made of spruce wood with a thickness of 40 mm and a double-insulated roof with a thickness of 68 mm. This sauna will fit successfully into any stylish garden. The original window on the front wall is made of tinted, tempered glass, double-glazed. The sauna inside the house has dimensions of 2038 x 2240 mm. It is equipped with two benches and a stove casing. The lighting consists of 2 waterproof porcelain lamps with a glass shade in a wooden cover, reinforced bitumen membrane.<\/p>\n<p>Magnolia comes in a natural version and in 3 colour variants, painted on one side.<\/p>","protected":false},"featured_media":4785,"template":"","meta":{"site-sidebar-layout":"default","site-content-layout":"","ast-site-content-layout":"default","site-content-style":"default","site-sidebar-style":"default","ast-global-header-display":"","ast-banner-title-visibility":"","ast-main-header-display":"","ast-hfb-above-header-display":"","ast-hfb-below-header-display":"","ast-hfb-mobile-header-display":"","site-post-title":"","ast-breadcrumbs-content":"","ast-featured-img":"","footer-sml-layout":"","theme-transparent-header-meta":"default","adv-header-id-meta":"","stick-header-meta":"","header-above-stick-meta":"","header-main-stick-meta":"","header-below-stick-meta":"","astra-migrate-meta-layouts":"set","ast-page-background-enabled":"default","ast-page-background-meta":{"desktop":{"background-color":"var(--ast-global-color-4)","background-image":"","background-repeat":"repeat","background-position":"center center","background-size":"auto","background-attachment":"scroll","background-type":"","background-media":"","overlay-type":"","overlay-color":"","overlay-opacity":"","overlay-gradient":""},"tablet":{"background-color":"","background-image":"","background-repeat":"repeat","background-position":"center center","background-size":"auto","background-attachment":"scroll","background-type":"","background-media":"","overlay-type":"","overlay-color":"","overlay-opacity":"","overlay-gradient":""},"mobile":{"background-color":"","background-image":"","background-repeat":"repeat","background-position":"center center","background-size":"auto","background-attachment":"scroll","background-type":"","background-media":"","overlay-type":"","overlay-color":"","overlay-opacity":"","overlay-gradient":""}},"ast-content-background-meta":{"desktop":{"background-color":"var(--ast-global-color-5)","background-image":"","background-repeat":"repeat","background-position":"center center","background-size":"auto","background-attachment":"scroll","background-type":"","background-media":"","overlay-type":"","overlay-color":"","overlay-opacity":"","overlay-gradient":""},"tablet":{"background-color":"var(--ast-global-color-5)","background-image":"","background-repeat":"repeat","background-position":"center center","background-size":"auto","background-attachment":"scroll","background-type":"","background-media":"","overlay-type":"","overlay-color":"","overlay-opacity":"","overlay-gradient":""},"mobile":{"background-color":"var(--ast-global-color-5)","background-image":"","background-repeat":"repeat","background-position":"center center","background-size":"auto","background-attachment":"scroll","background-type":"","background-media":"","overlay-type":"","overlay-color":"","overlay-opacity":"","overlay-gradient":""}}},"product_cat":[95,98],"product_tag":[],"class_list":{"0":"post-3912","1":"product","2":"type-product","3":"status-publish","4":"has-post-thumbnail","6":"product_cat-sauny","7":"product_cat-sauny-ogrodowe","8":"desktop-align-center","9":"tablet-align-left","10":"mobile-align-left","12":"first","13":"instock","14":"shipping-taxable","15":"purchasable","16":"product-type-variable","17":"has-default-attributes"},"yoast_head":"<!-- This site is optimized with the Yoast SEO plugin v24.0 - https:\/\/yoast.com\/wordpress\/plugins\/seo\/ -->\n<title>Sauna ogrodowa &quot;Magnolia&quot; 200x350 - Megiw<\/title>\n<meta name=\"robots\" content=\"index, follow, max-snippet:-1, max-image-preview:large, max-video-preview:-1\" \/>\n<link rel=\"canonical\" href=\"https:\/\/www.megiw.pl\/en\/product\/sauna-ogrodowa-magnolia-200x350\/\" \/>\n<meta property=\"og:locale\" content=\"en_GB\" \/>\n<meta property=\"og:type\" content=\"article\" \/>\n<meta property=\"og:title\" content=\"Sauna ogrodowa &quot;Magnolia&quot; 200x350 - Megiw\" \/>\n<meta property=\"og:description\" content=\"Oryginalna sauna zewn\u0119trzna z panoramicznym oknem. Konstrukcj\u0119 stanowi\u0105 solidne \u015bciany z drewna \u015bwierkowego o grubo\u015bci 40 mm oraz podw\u00f3jny, izolowany dach o grubo\u015bci 68 mm. Ta sauna wpisze si\u0119 z sukcesem w ka\u017cdy stylowy ogr\u00f3d. Oryginalne okno na przedniej \u015bcianie wykonane zosta\u0142o z przyciemnionego szk\u0142a hartowanego, podw\u00f3jnie zespolonego. Sauna wewn\u0105trz domku ma wymiary 2038 x 2240 mm. Wyposa\u017cono j\u0105 w dwie \u0142awki oraz obudow\u0119 pieca. O\u015bwietlenie stanowi\u0105 2 wodoszczelne, porcelanowe lampy ze szklanym kloszem w drewnianej os\u0142onie, wzmocniona papa bitumiczna.  Magnolia wyst\u0119puje w wersji naturalnej oraz w 3 wariantach kolorystycznych, malowanych jednostronnie.\" \/>\n<meta property=\"og:url\" content=\"https:\/\/www.megiw.pl\/en\/product\/sauna-ogrodowa-magnolia-200x350\/\" \/>\n<meta property=\"og:site_name\" content=\"Megiw\" \/>\n<meta property=\"article:modified_time\" content=\"2024-12-12T16:37:35+00:00\" \/>\n<meta property=\"og:image\" content=\"https:\/\/www.megiw.pl\/wp-content\/uploads\/2024\/11\/Sauna-ogrodowa-\u201eMagnolia-200\u00d7350-R.jpg\" \/>\n\t<meta property=\"og:image:width\" content=\"1280\" \/>\n\t<meta property=\"og:image:height\" content=\"1280\" \/>\n\t<meta property=\"og:image:type\" content=\"image\/jpeg\" \/>\n<meta name=\"twitter:card\" content=\"summary_large_image\" \/>\n<script type=\"application\/ld+json\" class=\"yoast-schema-graph\">{\"@context\":\"https:\/\/schema.org\",\"@graph\":[{\"@type\":\"WebPage\",\"@id\":\"https:\/\/www.megiw.pl\/en\/product\/sauna-ogrodowa-magnolia-200x350\/\",\"url\":\"https:\/\/www.megiw.pl\/en\/product\/sauna-ogrodowa-magnolia-200x350\/\",\"name\":\"Sauna ogrodowa \\\"Magnolia\\\" 200x350 - Megiw\",\"isPartOf\":{\"@id\":\"https:\/\/www.megiw.pl\/#website\"},\"primaryImageOfPage\":{\"@id\":\"https:\/\/www.megiw.pl\/en\/product\/sauna-ogrodowa-magnolia-200x350\/#primaryimage\"},\"image\":{\"@id\":\"https:\/\/www.megiw.pl\/en\/product\/sauna-ogrodowa-magnolia-200x350\/#primaryimage\"},\"thumbnailUrl\":\"https:\/\/www.megiw.pl\/wp-content\/uploads\/2024\/11\/Sauna-ogrodowa-\u201eMagnolia-200\u00d7350-R.jpg\",\"datePublished\":\"2024-11-11T17:07:35+00:00\",\"dateModified\":\"2024-12-12T16:37:35+00:00\",\"breadcrumb\":{\"@id\":\"https:\/\/www.megiw.pl\/en\/product\/sauna-ogrodowa-magnolia-200x350\/#breadcrumb\"},\"inLanguage\":\"en-GB\",\"potentialAction\":[{\"@type\":\"ReadAction\",\"target\":[\"https:\/\/www.megiw.pl\/en\/product\/sauna-ogrodowa-magnolia-200x350\/\"]}]},{\"@type\":\"ImageObject\",\"inLanguage\":\"en-GB\",\"@id\":\"https:\/\/www.megiw.pl\/en\/product\/sauna-ogrodowa-magnolia-200x350\/#primaryimage\",\"url\":\"https:\/\/www.megiw.pl\/wp-content\/uploads\/2024\/11\/Sauna-ogrodowa-\u201eMagnolia-200\u00d7350-R.jpg\",\"contentUrl\":\"https:\/\/www.megiw.pl\/wp-content\/uploads\/2024\/11\/Sauna-ogrodowa-\u201eMagnolia-200\u00d7350-R.jpg\",\"width\":1280,\"height\":1280},{\"@type\":\"BreadcrumbList\",\"@id\":\"https:\/\/www.megiw.pl\/en\/product\/sauna-ogrodowa-magnolia-200x350\/#breadcrumb\",\"itemListElement\":[{\"@type\":\"ListItem\",\"position\":1,\"name\":\"Strona g\u0142\u00f3wna\",\"item\":\"https:\/\/www.megiw.pl\/\"},{\"@type\":\"ListItem\",\"position\":2,\"name\":\"Sklep\",\"item\":\"https:\/\/www.megiw.pl\/en\/sklep\/\"},{\"@type\":\"ListItem\",\"position\":3,\"name\":\"Sauna ogrodowa &#8222;Magnolia&#8221; 200&#215;350\"}]},{\"@type\":\"WebSite\",\"@id\":\"https:\/\/www.megiw.pl\/#website\",\"url\":\"https:\/\/www.megiw.pl\/\",\"name\":\"Megiw\",\"description\":\"Sauny, producent saun - zak\u0142ad obr\u00f3bki drewna\",\"publisher\":{\"@id\":\"https:\/\/www.megiw.pl\/#organization\"},\"alternateName\":\"Megiw\",\"potentialAction\":[{\"@type\":\"SearchAction\",\"target\":{\"@type\":\"EntryPoint\",\"urlTemplate\":\"https:\/\/www.megiw.pl\/?s={search_term_string}\"},\"query-input\":{\"@type\":\"PropertyValueSpecification\",\"valueRequired\":true,\"valueName\":\"search_term_string\"}}],\"inLanguage\":\"en-GB\"},{\"@type\":\"Organization\",\"@id\":\"https:\/\/www.megiw.pl\/#organization\",\"name\":\"Megiw\",\"url\":\"https:\/\/www.megiw.pl\/\",\"logo\":{\"@type\":\"ImageObject\",\"inLanguage\":\"en-GB\",\"@id\":\"https:\/\/www.megiw.pl\/#\/schema\/logo\/image\/\",\"url\":\"https:\/\/www.megiw.pl\/wp-content\/uploads\/2024\/10\/cropped-MEGIW_LOGO_-1-removebg-preview-3.png\",\"contentUrl\":\"https:\/\/www.megiw.pl\/wp-content\/uploads\/2024\/10\/cropped-MEGIW_LOGO_-1-removebg-preview-3.png\",\"width\":511,\"height\":489,\"caption\":\"Megiw\"},\"image\":{\"@id\":\"https:\/\/www.megiw.pl\/#\/schema\/logo\/image\/\"}}]}<\/script>\n<!-- \/ Yoast SEO plugin. -->","yoast_head_json":{"title":"Sauna ogrodowa \"Magnolia\" 200x350 - Megiw","robots":{"index":"index","follow":"follow","max-snippet":"max-snippet:-1","max-image-preview":"max-image-preview:large","max-video-preview":"max-video-preview:-1"},"canonical":"https:\/\/www.megiw.pl\/en\/product\/sauna-ogrodowa-magnolia-200x350\/","og_locale":"en_GB","og_type":"article","og_title":"Sauna ogrodowa \"Magnolia\" 200x350 - Megiw","og_description":"Oryginalna sauna zewn\u0119trzna z panoramicznym oknem. Konstrukcj\u0119 stanowi\u0105 solidne \u015bciany z drewna \u015bwierkowego o grubo\u015bci 40 mm oraz podw\u00f3jny, izolowany dach o grubo\u015bci 68 mm. Ta sauna wpisze si\u0119 z sukcesem w ka\u017cdy stylowy ogr\u00f3d. Oryginalne okno na przedniej \u015bcianie wykonane zosta\u0142o z przyciemnionego szk\u0142a hartowanego, podw\u00f3jnie zespolonego. Sauna wewn\u0105trz domku ma wymiary 2038 x 2240 mm. Wyposa\u017cono j\u0105 w dwie \u0142awki oraz obudow\u0119 pieca. O\u015bwietlenie stanowi\u0105 2 wodoszczelne, porcelanowe lampy ze szklanym kloszem w drewnianej os\u0142onie, wzmocniona papa bitumiczna.  Magnolia wyst\u0119puje w wersji naturalnej oraz w 3 wariantach kolorystycznych, malowanych jednostronnie.","og_url":"https:\/\/www.megiw.pl\/en\/product\/sauna-ogrodowa-magnolia-200x350\/","og_site_name":"Megiw","article_modified_time":"2024-12-12T16:37:35+00:00","og_image":[{"width":1280,"height":1280,"url":"https:\/\/www.megiw.pl\/wp-content\/uploads\/2024\/11\/Sauna-ogrodowa-\u201eMagnolia-200\u00d7350-R.jpg","type":"image\/jpeg"}],"twitter_card":"summary_large_image","schema":{"@context":"https:\/\/schema.org","@graph":[{"@type":"WebPage","@id":"https:\/\/www.megiw.pl\/en\/product\/sauna-ogrodowa-magnolia-200x350\/","url":"https:\/\/www.megiw.pl\/en\/product\/sauna-ogrodowa-magnolia-200x350\/","name":"Sauna ogrodowa \"Magnolia\" 200x350 - Megiw","isPartOf":{"@id":"https:\/\/www.megiw.pl\/#website"},"primaryImageOfPage":{"@id":"https:\/\/www.megiw.pl\/en\/product\/sauna-ogrodowa-magnolia-200x350\/#primaryimage"},"image":{"@id":"https:\/\/www.megiw.pl\/en\/product\/sauna-ogrodowa-magnolia-200x350\/#primaryimage"},"thumbnailUrl":"https:\/\/www.megiw.pl\/wp-content\/uploads\/2024\/11\/Sauna-ogrodowa-\u201eMagnolia-200\u00d7350-R.jpg","datePublished":"2024-11-11T17:07:35+00:00","dateModified":"2024-12-12T16:37:35+00:00","breadcrumb":{"@id":"https:\/\/www.megiw.pl\/en\/product\/sauna-ogrodowa-magnolia-200x350\/#breadcrumb"},"inLanguage":"en-GB","potentialAction":[{"@type":"ReadAction","target":["https:\/\/www.megiw.pl\/en\/product\/sauna-ogrodowa-magnolia-200x350\/"]}]},{"@type":"ImageObject","inLanguage":"en-GB","@id":"https:\/\/www.megiw.pl\/en\/product\/sauna-ogrodowa-magnolia-200x350\/#primaryimage","url":"https:\/\/www.megiw.pl\/wp-content\/uploads\/2024\/11\/Sauna-ogrodowa-\u201eMagnolia-200\u00d7350-R.jpg","contentUrl":"https:\/\/www.megiw.pl\/wp-content\/uploads\/2024\/11\/Sauna-ogrodowa-\u201eMagnolia-200\u00d7350-R.jpg","width":1280,"height":1280},{"@type":"BreadcrumbList","@id":"https:\/\/www.megiw.pl\/en\/product\/sauna-ogrodowa-magnolia-200x350\/#breadcrumb","itemListElement":[{"@type":"ListItem","position":1,"name":"Strona g\u0142\u00f3wna","item":"https:\/\/www.megiw.pl\/"},{"@type":"ListItem","position":2,"name":"Sklep","item":"https:\/\/www.megiw.pl\/en\/sklep\/"},{"@type":"ListItem","position":3,"name":"Sauna ogrodowa &#8222;Magnolia&#8221; 200&#215;350"}]},{"@type":"WebSite","@id":"https:\/\/www.megiw.pl\/#website","url":"https:\/\/www.megiw.pl\/","name":"Megiw","description":"Sauny, producent saun - zak\u0142ad obr\u00f3bki drewna","publisher":{"@id":"https:\/\/www.megiw.pl\/#organization"},"alternateName":"Megiw","potentialAction":[{"@type":"SearchAction","target":{"@type":"EntryPoint","urlTemplate":"https:\/\/www.megiw.pl\/?s={search_term_string}"},"query-input":{"@type":"PropertyValueSpecification","valueRequired":true,"valueName":"search_term_string"}}],"inLanguage":"en-GB"},{"@type":"Organization","@id":"https:\/\/www.megiw.pl\/#organization","name":"Megiw","url":"https:\/\/www.megiw.pl\/","logo":{"@type":"ImageObject","inLanguage":"en-GB","@id":"https:\/\/www.megiw.pl\/#\/schema\/logo\/image\/","url":"https:\/\/www.megiw.pl\/wp-content\/uploads\/2024\/10\/cropped-MEGIW_LOGO_-1-removebg-preview-3.png","contentUrl":"https:\/\/www.megiw.pl\/wp-content\/uploads\/2024\/10\/cropped-MEGIW_LOGO_-1-removebg-preview-3.png","width":511,"height":489,"caption":"Megiw"},"image":{"@id":"https:\/\/www.megiw.pl\/#\/schema\/logo\/image\/"}}]}},"_links":{"self":[{"href":"https:\/\/www.megiw.pl\/en\/wp-json\/wp\/v2\/product\/3912"}],"collection":[{"href":"https:\/\/www.megiw.pl\/en\/wp-json\/wp\/v2\/product"}],"about":[{"href":"https:\/\/www.megiw.pl\/en\/wp-json\/wp\/v2\/types\/product"}],"wp:featuredmedia":[{"embeddable":true,"href":"https:\/\/www.megiw.pl\/en\/wp-json\/wp\/v2\/media\/4785"}],"wp:attachment":[{"href":"https:\/\/www.megiw.pl\/en\/wp-json\/wp\/v2\/media?parent=3912"}],"wp:term":[{"taxonomy":"product_cat","embeddable":true,"href":"https:\/\/www.megiw.pl\/en\/wp-json\/wp\/v2\/product_cat?post=3912"},{"taxonomy":"product_tag","embeddable":true,"href":"https:\/\/www.megiw.pl\/en\/wp-json\/wp\/v2\/product_tag?post=3912"}],"curies":[{"name":"wp","href":"https:\/\/api.w.org\/{rel}","templated":true}]}}