{"id":3517,"date":"2024-11-07T19:42:20","date_gmt":"2024-11-07T18:42:20","guid":{"rendered":"https:\/\/www.megiw.pl\/?post_type=product&#038;p=3517"},"modified":"2024-11-29T16:02:33","modified_gmt":"2024-11-29T15:02:33","slug":"skrzynia-impregnowana-kdi-kopia","status":"publish","type":"product","link":"https:\/\/www.megiw.pl\/en\/product\/skrzynia-impregnowana-kdi-kopia\/","title":{"rendered":"Cabin \u201eSzczawik\u201d"},"content":{"rendered":"","protected":false},"excerpt":{"rendered":"<p>Wooden garden storage unit made of raw wood. Great for storing bicycles. The placement of the double doors on the long side provides free access to the interior.<\/p>\n<p>Roof covered with bitumen felt, has an interesting rounded profile. Floorless model, available in one size. The Oxalis is the ideal solution for those with limited space or who need additional, stable storage for equipment in their garden.<\/p>","protected":false},"featured_media":4738,"template":"","meta":{"site-sidebar-layout":"default","site-content-layout":"","ast-site-content-layout":"default","site-content-style":"default","site-sidebar-style":"default","ast-global-header-display":"","ast-banner-title-visibility":"","ast-main-header-display":"","ast-hfb-above-header-display":"","ast-hfb-below-header-display":"","ast-hfb-mobile-header-display":"","site-post-title":"","ast-breadcrumbs-content":"","ast-featured-img":"","footer-sml-layout":"","theme-transparent-header-meta":"default","adv-header-id-meta":"","stick-header-meta":"","header-above-stick-meta":"","header-main-stick-meta":"","header-below-stick-meta":"","astra-migrate-meta-layouts":"set","ast-page-background-enabled":"default","ast-page-background-meta":{"desktop":{"background-color":"var(--ast-global-color-4)","background-image":"","background-repeat":"repeat","background-position":"center center","background-size":"auto","background-attachment":"scroll","background-type":"","background-media":"","overlay-type":"","overlay-color":"","overlay-opacity":"","overlay-gradient":""},"tablet":{"background-color":"","background-image":"","background-repeat":"repeat","background-position":"center center","background-size":"auto","background-attachment":"scroll","background-type":"","background-media":"","overlay-type":"","overlay-color":"","overlay-opacity":"","overlay-gradient":""},"mobile":{"background-color":"","background-image":"","background-repeat":"repeat","background-position":"center center","background-size":"auto","background-attachment":"scroll","background-type":"","background-media":"","overlay-type":"","overlay-color":"","overlay-opacity":"","overlay-gradient":""}},"ast-content-background-meta":{"desktop":{"background-color":"var(--ast-global-color-5)","background-image":"","background-repeat":"repeat","background-position":"center center","background-size":"auto","background-attachment":"scroll","background-type":"","background-media":"","overlay-type":"","overlay-color":"","overlay-opacity":"","overlay-gradient":""},"tablet":{"background-color":"var(--ast-global-color-5)","background-image":"","background-repeat":"repeat","background-position":"center center","background-size":"auto","background-attachment":"scroll","background-type":"","background-media":"","overlay-type":"","overlay-color":"","overlay-opacity":"","overlay-gradient":""},"mobile":{"background-color":"var(--ast-global-color-5)","background-image":"","background-repeat":"repeat","background-position":"center center","background-size":"auto","background-attachment":"scroll","background-type":"","background-media":"","overlay-type":"","overlay-color":"","overlay-opacity":"","overlay-gradient":""}}},"product_cat":[94,101],"product_tag":[177],"class_list":{"0":"post-3517","1":"product","2":"type-product","3":"status-publish","4":"has-post-thumbnail","6":"product_cat-domki","7":"product_cat-dachy-jednospadowe","8":"product_tag-19mm","9":"desktop-align-center","10":"tablet-align-left","11":"mobile-align-left","13":"first","14":"instock","15":"shipping-taxable","16":"purchasable","17":"product-type-variable"},"yoast_head":"<!-- This site is optimized with the Yoast SEO plugin v24.0 - https:\/\/yoast.com\/wordpress\/plugins\/seo\/ -->\n<title>Domek &quot;Szczawik&quot; - Megiw<\/title>\n<meta name=\"robots\" content=\"index, follow, max-snippet:-1, max-image-preview:large, max-video-preview:-1\" \/>\n<link rel=\"canonical\" href=\"https:\/\/www.megiw.pl\/en\/product\/skrzynia-impregnowana-kdi-kopia\/\" \/>\n<meta property=\"og:locale\" content=\"en_GB\" \/>\n<meta property=\"og:type\" content=\"article\" \/>\n<meta property=\"og:title\" content=\"Domek &quot;Szczawik&quot; - Megiw\" \/>\n<meta property=\"og:description\" content=\"Drewniany schowek ogrodowy wykonany z surowego drewna. \u015awietnie sprawdzi si\u0119 w przechowywaniu rower\u00f3w. Umieszczenie dwuskrzyd\u0142owych drzwi na d\u0142u\u017cszym boku zapewnia swobodny dost\u0119p do wn\u0119trza.  Dach kryty pap\u0105 bitumiczn\u0105, posiada ciekawy zaokr\u0105glony profil. Model bezpod\u0142ogowy, dost\u0119pny w jednym wymiarze. Szczawik stanowi idealne rozwi\u0105zanie dla tych, kt\u00f3rzy dysponuj\u0105 niewielk\u0105 przestrzeni\u0105 lub potrzebuj\u0105 dodatkowego, stabilnego pomieszczenia do przechowywania sprz\u0119tu w swoim ogrodzie.\" \/>\n<meta property=\"og:url\" content=\"https:\/\/www.megiw.pl\/en\/product\/skrzynia-impregnowana-kdi-kopia\/\" \/>\n<meta property=\"og:site_name\" content=\"Megiw\" \/>\n<meta property=\"article:modified_time\" content=\"2024-11-29T15:02:33+00:00\" \/>\n<meta property=\"og:image\" content=\"https:\/\/www.megiw.pl\/wp-content\/uploads\/2024\/11\/Domek-_Szczawik_-v2.jpg\" \/>\n\t<meta property=\"og:image:width\" content=\"1280\" \/>\n\t<meta property=\"og:image:height\" content=\"1280\" \/>\n\t<meta property=\"og:image:type\" content=\"image\/jpeg\" \/>\n<meta name=\"twitter:card\" content=\"summary_large_image\" \/>\n<script type=\"application\/ld+json\" class=\"yoast-schema-graph\">{\"@context\":\"https:\/\/schema.org\",\"@graph\":[{\"@type\":\"WebPage\",\"@id\":\"https:\/\/www.megiw.pl\/en\/product\/skrzynia-impregnowana-kdi-kopia\/\",\"url\":\"https:\/\/www.megiw.pl\/en\/product\/skrzynia-impregnowana-kdi-kopia\/\",\"name\":\"Domek \\\"Szczawik\\\" - Megiw\",\"isPartOf\":{\"@id\":\"https:\/\/www.megiw.pl\/#website\"},\"primaryImageOfPage\":{\"@id\":\"https:\/\/www.megiw.pl\/en\/product\/skrzynia-impregnowana-kdi-kopia\/#primaryimage\"},\"image\":{\"@id\":\"https:\/\/www.megiw.pl\/en\/product\/skrzynia-impregnowana-kdi-kopia\/#primaryimage\"},\"thumbnailUrl\":\"https:\/\/www.megiw.pl\/wp-content\/uploads\/2024\/11\/Domek-_Szczawik_-v2.jpg\",\"datePublished\":\"2024-11-07T18:42:20+00:00\",\"dateModified\":\"2024-11-29T15:02:33+00:00\",\"breadcrumb\":{\"@id\":\"https:\/\/www.megiw.pl\/en\/product\/skrzynia-impregnowana-kdi-kopia\/#breadcrumb\"},\"inLanguage\":\"en-GB\",\"potentialAction\":[{\"@type\":\"ReadAction\",\"target\":[\"https:\/\/www.megiw.pl\/en\/product\/skrzynia-impregnowana-kdi-kopia\/\"]}]},{\"@type\":\"ImageObject\",\"inLanguage\":\"en-GB\",\"@id\":\"https:\/\/www.megiw.pl\/en\/product\/skrzynia-impregnowana-kdi-kopia\/#primaryimage\",\"url\":\"https:\/\/www.megiw.pl\/wp-content\/uploads\/2024\/11\/Domek-_Szczawik_-v2.jpg\",\"contentUrl\":\"https:\/\/www.megiw.pl\/wp-content\/uploads\/2024\/11\/Domek-_Szczawik_-v2.jpg\",\"width\":1280,\"height\":1280},{\"@type\":\"BreadcrumbList\",\"@id\":\"https:\/\/www.megiw.pl\/en\/product\/skrzynia-impregnowana-kdi-kopia\/#breadcrumb\",\"itemListElement\":[{\"@type\":\"ListItem\",\"position\":1,\"name\":\"Strona g\u0142\u00f3wna\",\"item\":\"https:\/\/www.megiw.pl\/\"},{\"@type\":\"ListItem\",\"position\":2,\"name\":\"Sklep\",\"item\":\"https:\/\/www.megiw.pl\/en\/sklep\/\"},{\"@type\":\"ListItem\",\"position\":3,\"name\":\"Domek &#8222;Szczawik&#8221;\"}]},{\"@type\":\"WebSite\",\"@id\":\"https:\/\/www.megiw.pl\/#website\",\"url\":\"https:\/\/www.megiw.pl\/\",\"name\":\"Megiw\",\"description\":\"Sauny, producent saun - zak\u0142ad obr\u00f3bki drewna\",\"publisher\":{\"@id\":\"https:\/\/www.megiw.pl\/#organization\"},\"alternateName\":\"Megiw\",\"potentialAction\":[{\"@type\":\"SearchAction\",\"target\":{\"@type\":\"EntryPoint\",\"urlTemplate\":\"https:\/\/www.megiw.pl\/?s={search_term_string}\"},\"query-input\":{\"@type\":\"PropertyValueSpecification\",\"valueRequired\":true,\"valueName\":\"search_term_string\"}}],\"inLanguage\":\"en-GB\"},{\"@type\":\"Organization\",\"@id\":\"https:\/\/www.megiw.pl\/#organization\",\"name\":\"Megiw\",\"url\":\"https:\/\/www.megiw.pl\/\",\"logo\":{\"@type\":\"ImageObject\",\"inLanguage\":\"en-GB\",\"@id\":\"https:\/\/www.megiw.pl\/#\/schema\/logo\/image\/\",\"url\":\"https:\/\/www.megiw.pl\/wp-content\/uploads\/2024\/10\/cropped-MEGIW_LOGO_-1-removebg-preview-3.png\",\"contentUrl\":\"https:\/\/www.megiw.pl\/wp-content\/uploads\/2024\/10\/cropped-MEGIW_LOGO_-1-removebg-preview-3.png\",\"width\":511,\"height\":489,\"caption\":\"Megiw\"},\"image\":{\"@id\":\"https:\/\/www.megiw.pl\/#\/schema\/logo\/image\/\"}}]}<\/script>\n<!-- \/ Yoast SEO plugin. -->","yoast_head_json":{"title":"Domek \"Szczawik\" - Megiw","robots":{"index":"index","follow":"follow","max-snippet":"max-snippet:-1","max-image-preview":"max-image-preview:large","max-video-preview":"max-video-preview:-1"},"canonical":"https:\/\/www.megiw.pl\/en\/product\/skrzynia-impregnowana-kdi-kopia\/","og_locale":"en_GB","og_type":"article","og_title":"Domek \"Szczawik\" - Megiw","og_description":"Drewniany schowek ogrodowy wykonany z surowego drewna. \u015awietnie sprawdzi si\u0119 w przechowywaniu rower\u00f3w. Umieszczenie dwuskrzyd\u0142owych drzwi na d\u0142u\u017cszym boku zapewnia swobodny dost\u0119p do wn\u0119trza.  Dach kryty pap\u0105 bitumiczn\u0105, posiada ciekawy zaokr\u0105glony profil. Model bezpod\u0142ogowy, dost\u0119pny w jednym wymiarze. Szczawik stanowi idealne rozwi\u0105zanie dla tych, kt\u00f3rzy dysponuj\u0105 niewielk\u0105 przestrzeni\u0105 lub potrzebuj\u0105 dodatkowego, stabilnego pomieszczenia do przechowywania sprz\u0119tu w swoim ogrodzie.","og_url":"https:\/\/www.megiw.pl\/en\/product\/skrzynia-impregnowana-kdi-kopia\/","og_site_name":"Megiw","article_modified_time":"2024-11-29T15:02:33+00:00","og_image":[{"width":1280,"height":1280,"url":"https:\/\/www.megiw.pl\/wp-content\/uploads\/2024\/11\/Domek-_Szczawik_-v2.jpg","type":"image\/jpeg"}],"twitter_card":"summary_large_image","schema":{"@context":"https:\/\/schema.org","@graph":[{"@type":"WebPage","@id":"https:\/\/www.megiw.pl\/en\/product\/skrzynia-impregnowana-kdi-kopia\/","url":"https:\/\/www.megiw.pl\/en\/product\/skrzynia-impregnowana-kdi-kopia\/","name":"Domek \"Szczawik\" - Megiw","isPartOf":{"@id":"https:\/\/www.megiw.pl\/#website"},"primaryImageOfPage":{"@id":"https:\/\/www.megiw.pl\/en\/product\/skrzynia-impregnowana-kdi-kopia\/#primaryimage"},"image":{"@id":"https:\/\/www.megiw.pl\/en\/product\/skrzynia-impregnowana-kdi-kopia\/#primaryimage"},"thumbnailUrl":"https:\/\/www.megiw.pl\/wp-content\/uploads\/2024\/11\/Domek-_Szczawik_-v2.jpg","datePublished":"2024-11-07T18:42:20+00:00","dateModified":"2024-11-29T15:02:33+00:00","breadcrumb":{"@id":"https:\/\/www.megiw.pl\/en\/product\/skrzynia-impregnowana-kdi-kopia\/#breadcrumb"},"inLanguage":"en-GB","potentialAction":[{"@type":"ReadAction","target":["https:\/\/www.megiw.pl\/en\/product\/skrzynia-impregnowana-kdi-kopia\/"]}]},{"@type":"ImageObject","inLanguage":"en-GB","@id":"https:\/\/www.megiw.pl\/en\/product\/skrzynia-impregnowana-kdi-kopia\/#primaryimage","url":"https:\/\/www.megiw.pl\/wp-content\/uploads\/2024\/11\/Domek-_Szczawik_-v2.jpg","contentUrl":"https:\/\/www.megiw.pl\/wp-content\/uploads\/2024\/11\/Domek-_Szczawik_-v2.jpg","width":1280,"height":1280},{"@type":"BreadcrumbList","@id":"https:\/\/www.megiw.pl\/en\/product\/skrzynia-impregnowana-kdi-kopia\/#breadcrumb","itemListElement":[{"@type":"ListItem","position":1,"name":"Strona g\u0142\u00f3wna","item":"https:\/\/www.megiw.pl\/"},{"@type":"ListItem","position":2,"name":"Sklep","item":"https:\/\/www.megiw.pl\/en\/sklep\/"},{"@type":"ListItem","position":3,"name":"Domek &#8222;Szczawik&#8221;"}]},{"@type":"WebSite","@id":"https:\/\/www.megiw.pl\/#website","url":"https:\/\/www.megiw.pl\/","name":"Megiw","description":"Sauny, producent saun - zak\u0142ad obr\u00f3bki drewna","publisher":{"@id":"https:\/\/www.megiw.pl\/#organization"},"alternateName":"Megiw","potentialAction":[{"@type":"SearchAction","target":{"@type":"EntryPoint","urlTemplate":"https:\/\/www.megiw.pl\/?s={search_term_string}"},"query-input":{"@type":"PropertyValueSpecification","valueRequired":true,"valueName":"search_term_string"}}],"inLanguage":"en-GB"},{"@type":"Organization","@id":"https:\/\/www.megiw.pl\/#organization","name":"Megiw","url":"https:\/\/www.megiw.pl\/","logo":{"@type":"ImageObject","inLanguage":"en-GB","@id":"https:\/\/www.megiw.pl\/#\/schema\/logo\/image\/","url":"https:\/\/www.megiw.pl\/wp-content\/uploads\/2024\/10\/cropped-MEGIW_LOGO_-1-removebg-preview-3.png","contentUrl":"https:\/\/www.megiw.pl\/wp-content\/uploads\/2024\/10\/cropped-MEGIW_LOGO_-1-removebg-preview-3.png","width":511,"height":489,"caption":"Megiw"},"image":{"@id":"https:\/\/www.megiw.pl\/#\/schema\/logo\/image\/"}}]}},"_links":{"self":[{"href":"https:\/\/www.megiw.pl\/en\/wp-json\/wp\/v2\/product\/3517"}],"collection":[{"href":"https:\/\/www.megiw.pl\/en\/wp-json\/wp\/v2\/product"}],"about":[{"href":"https:\/\/www.megiw.pl\/en\/wp-json\/wp\/v2\/types\/product"}],"wp:featuredmedia":[{"embeddable":true,"href":"https:\/\/www.megiw.pl\/en\/wp-json\/wp\/v2\/media\/4738"}],"wp:attachment":[{"href":"https:\/\/www.megiw.pl\/en\/wp-json\/wp\/v2\/media?parent=3517"}],"wp:term":[{"taxonomy":"product_cat","embeddable":true,"href":"https:\/\/www.megiw.pl\/en\/wp-json\/wp\/v2\/product_cat?post=3517"},{"taxonomy":"product_tag","embeddable":true,"href":"https:\/\/www.megiw.pl\/en\/wp-json\/wp\/v2\/product_tag?post=3517"}],"curies":[{"name":"wp","href":"https:\/\/api.w.org\/{rel}","templated":true}]}}