{"id":3479,"date":"2024-11-07T19:02:09","date_gmt":"2024-11-07T18:02:09","guid":{"rendered":"https:\/\/www.megiw.pl\/?post_type=product&#038;p=3479"},"modified":"2024-12-12T17:23:19","modified_gmt":"2024-12-12T16:23:19","slug":"domek-powojnik-366x415","status":"publish","type":"product","link":"https:\/\/www.megiw.pl\/en\/product\/domek-powojnik-366x415\/","title":{"rendered":"Cabin \u201ePowojnik\u201d 366\u00d7415"},"content":{"rendered":"","protected":false},"excerpt":{"rendered":"<p>The elegant and functional Powojnik garden cabin is made from spruce wood with 28 mm thick profiles. It is ideal as both a relaxation space and a storage area for tools. The standard roof version is covered with asphalt felt. The cabin also features an overhang at the front with a depth of 1000 mm. The entrance consists of double-leaf glazed doors. Windows with mullions are placed on the front and side elevations. The precision of corner connections ensures stability and durability of the structure.<\/p>\n<p>This model is available in one size. Optional extras include a terrace and a window planter box, as shown in the following photos.<\/p>\n<p>&nbsp;<\/p>","protected":false},"featured_media":4986,"template":"","meta":{"site-sidebar-layout":"default","site-content-layout":"","ast-site-content-layout":"default","site-content-style":"default","site-sidebar-style":"default","ast-global-header-display":"","ast-banner-title-visibility":"","ast-main-header-display":"","ast-hfb-above-header-display":"","ast-hfb-below-header-display":"","ast-hfb-mobile-header-display":"","site-post-title":"","ast-breadcrumbs-content":"","ast-featured-img":"","footer-sml-layout":"","theme-transparent-header-meta":"default","adv-header-id-meta":"","stick-header-meta":"","header-above-stick-meta":"","header-main-stick-meta":"","header-below-stick-meta":"","astra-migrate-meta-layouts":"set","ast-page-background-enabled":"default","ast-page-background-meta":{"desktop":{"background-color":"var(--ast-global-color-4)","background-image":"","background-repeat":"repeat","background-position":"center center","background-size":"auto","background-attachment":"scroll","background-type":"","background-media":"","overlay-type":"","overlay-color":"","overlay-opacity":"","overlay-gradient":""},"tablet":{"background-color":"","background-image":"","background-repeat":"repeat","background-position":"center center","background-size":"auto","background-attachment":"scroll","background-type":"","background-media":"","overlay-type":"","overlay-color":"","overlay-opacity":"","overlay-gradient":""},"mobile":{"background-color":"","background-image":"","background-repeat":"repeat","background-position":"center center","background-size":"auto","background-attachment":"scroll","background-type":"","background-media":"","overlay-type":"","overlay-color":"","overlay-opacity":"","overlay-gradient":""}},"ast-content-background-meta":{"desktop":{"background-color":"var(--ast-global-color-5)","background-image":"","background-repeat":"repeat","background-position":"center center","background-size":"auto","background-attachment":"scroll","background-type":"","background-media":"","overlay-type":"","overlay-color":"","overlay-opacity":"","overlay-gradient":""},"tablet":{"background-color":"var(--ast-global-color-5)","background-image":"","background-repeat":"repeat","background-position":"center center","background-size":"auto","background-attachment":"scroll","background-type":"","background-media":"","overlay-type":"","overlay-color":"","overlay-opacity":"","overlay-gradient":""},"mobile":{"background-color":"var(--ast-global-color-5)","background-image":"","background-repeat":"repeat","background-position":"center center","background-size":"auto","background-attachment":"scroll","background-type":"","background-media":"","overlay-type":"","overlay-color":"","overlay-opacity":"","overlay-gradient":""}}},"product_cat":[94,100],"product_tag":[178],"class_list":{"0":"post-3479","1":"product","2":"type-product","3":"status-publish","4":"has-post-thumbnail","6":"product_cat-domki","7":"product_cat-dachy-dwuspadowe","8":"product_tag-28mm","9":"desktop-align-center","10":"tablet-align-left","11":"mobile-align-left","13":"first","14":"instock","15":"shipping-taxable","16":"purchasable","17":"product-type-variable"},"yoast_head":"<!-- This site is optimized with the Yoast SEO plugin v24.0 - https:\/\/yoast.com\/wordpress\/plugins\/seo\/ -->\n<title>Domek &quot;Powojnik&quot; 366x415 - Megiw<\/title>\n<meta name=\"robots\" content=\"index, follow, max-snippet:-1, max-image-preview:large, max-video-preview:-1\" \/>\n<link rel=\"canonical\" href=\"https:\/\/www.megiw.pl\/en\/product\/domek-powojnik-366x415\/\" \/>\n<meta property=\"og:locale\" content=\"en_GB\" \/>\n<meta property=\"og:type\" content=\"article\" \/>\n<meta property=\"og:title\" content=\"Domek &quot;Powojnik&quot; 366x415 - Megiw\" \/>\n<meta property=\"og:description\" content=\"Elegancki i funkcjonalny domek ogrodowy z drewna \u015bwierkowego o grubo\u015bci profila 28mm. \u015awietnie sprawdzi si\u0119 zar\u00f3wno w formie miejsca wypoczynku, jaki schowka na narz\u0119dzia. Podstawow\u0105 wersj\u0119 dachu pokrywa papa asfaltowa. Domek dodatkowo posiada okap z przodu o g\u0142\u0119boko\u015bci 1000mm. Wej\u015bcie stanowi\u0105 dwuskrzyd\u0142owe, przeszklone drzwi. Wyposa\u017cone w szprosy okna umieszczone zosta\u0142y na frontowej i bocznej elewacji. Precyzja \u0142\u0105cze\u0144 naro\u017cnych wp\u0142ywa na stabilno\u015b\u0107 i trwa\u0142o\u015b\u0107 konstrukcji.  Model dost\u0119pny w jednym wymiarze. Opcj\u0105 dodatkow\u0105 jest taras oraz donica pod okno - pokazane na kolejnych zdj\u0119ciach.  &nbsp;\" \/>\n<meta property=\"og:url\" content=\"https:\/\/www.megiw.pl\/en\/product\/domek-powojnik-366x415\/\" \/>\n<meta property=\"og:site_name\" content=\"Megiw\" \/>\n<meta property=\"article:modified_time\" content=\"2024-12-12T16:23:19+00:00\" \/>\n<meta property=\"og:image\" content=\"https:\/\/www.megiw.pl\/wp-content\/uploads\/2024\/11\/Domek-_Powojnik_-366x415-v1.jpg\" \/>\n\t<meta property=\"og:image:width\" content=\"1280\" \/>\n\t<meta property=\"og:image:height\" content=\"1280\" \/>\n\t<meta property=\"og:image:type\" content=\"image\/jpeg\" \/>\n<meta name=\"twitter:card\" content=\"summary_large_image\" \/>\n<script type=\"application\/ld+json\" class=\"yoast-schema-graph\">{\"@context\":\"https:\/\/schema.org\",\"@graph\":[{\"@type\":\"WebPage\",\"@id\":\"https:\/\/www.megiw.pl\/produkt\/domek-powojnik-366x415\/\",\"url\":\"https:\/\/www.megiw.pl\/produkt\/domek-powojnik-366x415\/\",\"name\":\"Domek \\\"Powojnik\\\" 366x415 - Megiw\",\"isPartOf\":{\"@id\":\"https:\/\/www.megiw.pl\/#website\"},\"primaryImageOfPage\":{\"@id\":\"https:\/\/www.megiw.pl\/produkt\/domek-powojnik-366x415\/#primaryimage\"},\"image\":{\"@id\":\"https:\/\/www.megiw.pl\/produkt\/domek-powojnik-366x415\/#primaryimage\"},\"thumbnailUrl\":\"https:\/\/www.megiw.pl\/wp-content\/uploads\/2024\/11\/Domek-_Powojnik_-366x415-v1.jpg\",\"datePublished\":\"2024-11-07T18:02:09+00:00\",\"dateModified\":\"2024-12-12T16:23:19+00:00\",\"breadcrumb\":{\"@id\":\"https:\/\/www.megiw.pl\/produkt\/domek-powojnik-366x415\/#breadcrumb\"},\"inLanguage\":\"en-GB\",\"potentialAction\":[{\"@type\":\"ReadAction\",\"target\":[\"https:\/\/www.megiw.pl\/produkt\/domek-powojnik-366x415\/\"]}]},{\"@type\":\"ImageObject\",\"inLanguage\":\"en-GB\",\"@id\":\"https:\/\/www.megiw.pl\/produkt\/domek-powojnik-366x415\/#primaryimage\",\"url\":\"https:\/\/www.megiw.pl\/wp-content\/uploads\/2024\/11\/Domek-_Powojnik_-366x415-v1.jpg\",\"contentUrl\":\"https:\/\/www.megiw.pl\/wp-content\/uploads\/2024\/11\/Domek-_Powojnik_-366x415-v1.jpg\",\"width\":1280,\"height\":1280},{\"@type\":\"BreadcrumbList\",\"@id\":\"https:\/\/www.megiw.pl\/produkt\/domek-powojnik-366x415\/#breadcrumb\",\"itemListElement\":[{\"@type\":\"ListItem\",\"position\":1,\"name\":\"Strona g\u0142\u00f3wna\",\"item\":\"https:\/\/www.megiw.pl\/\"},{\"@type\":\"ListItem\",\"position\":2,\"name\":\"Sklep\",\"item\":\"https:\/\/www.megiw.pl\/en\/sklep\/\"},{\"@type\":\"ListItem\",\"position\":3,\"name\":\"Domek &#8222;Powojnik&#8221; 366&#215;415\"}]},{\"@type\":\"WebSite\",\"@id\":\"https:\/\/www.megiw.pl\/#website\",\"url\":\"https:\/\/www.megiw.pl\/\",\"name\":\"Megiw\",\"description\":\"Sauny, producent saun - zak\u0142ad obr\u00f3bki drewna\",\"publisher\":{\"@id\":\"https:\/\/www.megiw.pl\/#organization\"},\"alternateName\":\"Megiw\",\"potentialAction\":[{\"@type\":\"SearchAction\",\"target\":{\"@type\":\"EntryPoint\",\"urlTemplate\":\"https:\/\/www.megiw.pl\/?s={search_term_string}\"},\"query-input\":{\"@type\":\"PropertyValueSpecification\",\"valueRequired\":true,\"valueName\":\"search_term_string\"}}],\"inLanguage\":\"en-GB\"},{\"@type\":\"Organization\",\"@id\":\"https:\/\/www.megiw.pl\/#organization\",\"name\":\"Megiw\",\"url\":\"https:\/\/www.megiw.pl\/\",\"logo\":{\"@type\":\"ImageObject\",\"inLanguage\":\"en-GB\",\"@id\":\"https:\/\/www.megiw.pl\/#\/schema\/logo\/image\/\",\"url\":\"https:\/\/www.megiw.pl\/wp-content\/uploads\/2024\/10\/cropped-MEGIW_LOGO_-1-removebg-preview-3.png\",\"contentUrl\":\"https:\/\/www.megiw.pl\/wp-content\/uploads\/2024\/10\/cropped-MEGIW_LOGO_-1-removebg-preview-3.png\",\"width\":511,\"height\":489,\"caption\":\"Megiw\"},\"image\":{\"@id\":\"https:\/\/www.megiw.pl\/#\/schema\/logo\/image\/\"}}]}<\/script>\n<!-- \/ Yoast SEO plugin. -->","yoast_head_json":{"title":"Domek \"Powojnik\" 366x415 - Megiw","robots":{"index":"index","follow":"follow","max-snippet":"max-snippet:-1","max-image-preview":"max-image-preview:large","max-video-preview":"max-video-preview:-1"},"canonical":"https:\/\/www.megiw.pl\/en\/product\/domek-powojnik-366x415\/","og_locale":"en_GB","og_type":"article","og_title":"Domek \"Powojnik\" 366x415 - Megiw","og_description":"Elegancki i funkcjonalny domek ogrodowy z drewna \u015bwierkowego o grubo\u015bci profila 28mm. \u015awietnie sprawdzi si\u0119 zar\u00f3wno w formie miejsca wypoczynku, jaki schowka na narz\u0119dzia. Podstawow\u0105 wersj\u0119 dachu pokrywa papa asfaltowa. Domek dodatkowo posiada okap z przodu o g\u0142\u0119boko\u015bci 1000mm. Wej\u015bcie stanowi\u0105 dwuskrzyd\u0142owe, przeszklone drzwi. Wyposa\u017cone w szprosy okna umieszczone zosta\u0142y na frontowej i bocznej elewacji. Precyzja \u0142\u0105cze\u0144 naro\u017cnych wp\u0142ywa na stabilno\u015b\u0107 i trwa\u0142o\u015b\u0107 konstrukcji.  Model dost\u0119pny w jednym wymiarze. Opcj\u0105 dodatkow\u0105 jest taras oraz donica pod okno - pokazane na kolejnych zdj\u0119ciach.  &nbsp;","og_url":"https:\/\/www.megiw.pl\/en\/product\/domek-powojnik-366x415\/","og_site_name":"Megiw","article_modified_time":"2024-12-12T16:23:19+00:00","og_image":[{"width":1280,"height":1280,"url":"https:\/\/www.megiw.pl\/wp-content\/uploads\/2024\/11\/Domek-_Powojnik_-366x415-v1.jpg","type":"image\/jpeg"}],"twitter_card":"summary_large_image","schema":{"@context":"https:\/\/schema.org","@graph":[{"@type":"WebPage","@id":"https:\/\/www.megiw.pl\/produkt\/domek-powojnik-366x415\/","url":"https:\/\/www.megiw.pl\/produkt\/domek-powojnik-366x415\/","name":"Domek \"Powojnik\" 366x415 - Megiw","isPartOf":{"@id":"https:\/\/www.megiw.pl\/#website"},"primaryImageOfPage":{"@id":"https:\/\/www.megiw.pl\/produkt\/domek-powojnik-366x415\/#primaryimage"},"image":{"@id":"https:\/\/www.megiw.pl\/produkt\/domek-powojnik-366x415\/#primaryimage"},"thumbnailUrl":"https:\/\/www.megiw.pl\/wp-content\/uploads\/2024\/11\/Domek-_Powojnik_-366x415-v1.jpg","datePublished":"2024-11-07T18:02:09+00:00","dateModified":"2024-12-12T16:23:19+00:00","breadcrumb":{"@id":"https:\/\/www.megiw.pl\/produkt\/domek-powojnik-366x415\/#breadcrumb"},"inLanguage":"en-GB","potentialAction":[{"@type":"ReadAction","target":["https:\/\/www.megiw.pl\/produkt\/domek-powojnik-366x415\/"]}]},{"@type":"ImageObject","inLanguage":"en-GB","@id":"https:\/\/www.megiw.pl\/produkt\/domek-powojnik-366x415\/#primaryimage","url":"https:\/\/www.megiw.pl\/wp-content\/uploads\/2024\/11\/Domek-_Powojnik_-366x415-v1.jpg","contentUrl":"https:\/\/www.megiw.pl\/wp-content\/uploads\/2024\/11\/Domek-_Powojnik_-366x415-v1.jpg","width":1280,"height":1280},{"@type":"BreadcrumbList","@id":"https:\/\/www.megiw.pl\/produkt\/domek-powojnik-366x415\/#breadcrumb","itemListElement":[{"@type":"ListItem","position":1,"name":"Strona g\u0142\u00f3wna","item":"https:\/\/www.megiw.pl\/"},{"@type":"ListItem","position":2,"name":"Sklep","item":"https:\/\/www.megiw.pl\/en\/sklep\/"},{"@type":"ListItem","position":3,"name":"Domek &#8222;Powojnik&#8221; 366&#215;415"}]},{"@type":"WebSite","@id":"https:\/\/www.megiw.pl\/#website","url":"https:\/\/www.megiw.pl\/","name":"Megiw","description":"Sauny, producent saun - zak\u0142ad obr\u00f3bki drewna","publisher":{"@id":"https:\/\/www.megiw.pl\/#organization"},"alternateName":"Megiw","potentialAction":[{"@type":"SearchAction","target":{"@type":"EntryPoint","urlTemplate":"https:\/\/www.megiw.pl\/?s={search_term_string}"},"query-input":{"@type":"PropertyValueSpecification","valueRequired":true,"valueName":"search_term_string"}}],"inLanguage":"en-GB"},{"@type":"Organization","@id":"https:\/\/www.megiw.pl\/#organization","name":"Megiw","url":"https:\/\/www.megiw.pl\/","logo":{"@type":"ImageObject","inLanguage":"en-GB","@id":"https:\/\/www.megiw.pl\/#\/schema\/logo\/image\/","url":"https:\/\/www.megiw.pl\/wp-content\/uploads\/2024\/10\/cropped-MEGIW_LOGO_-1-removebg-preview-3.png","contentUrl":"https:\/\/www.megiw.pl\/wp-content\/uploads\/2024\/10\/cropped-MEGIW_LOGO_-1-removebg-preview-3.png","width":511,"height":489,"caption":"Megiw"},"image":{"@id":"https:\/\/www.megiw.pl\/#\/schema\/logo\/image\/"}}]}},"_links":{"self":[{"href":"https:\/\/www.megiw.pl\/en\/wp-json\/wp\/v2\/product\/3479"}],"collection":[{"href":"https:\/\/www.megiw.pl\/en\/wp-json\/wp\/v2\/product"}],"about":[{"href":"https:\/\/www.megiw.pl\/en\/wp-json\/wp\/v2\/types\/product"}],"wp:featuredmedia":[{"embeddable":true,"href":"https:\/\/www.megiw.pl\/en\/wp-json\/wp\/v2\/media\/4986"}],"wp:attachment":[{"href":"https:\/\/www.megiw.pl\/en\/wp-json\/wp\/v2\/media?parent=3479"}],"wp:term":[{"taxonomy":"product_cat","embeddable":true,"href":"https:\/\/www.megiw.pl\/en\/wp-json\/wp\/v2\/product_cat?post=3479"},{"taxonomy":"product_tag","embeddable":true,"href":"https:\/\/www.megiw.pl\/en\/wp-json\/wp\/v2\/product_tag?post=3479"}],"curies":[{"name":"wp","href":"https:\/\/api.w.org\/{rel}","templated":true}]}}