{"id":3255,"date":"2024-11-04T23:23:53","date_gmt":"2024-11-04T22:23:53","guid":{"rendered":"https:\/\/www.megiw.pl\/?post_type=product&#038;p=3255"},"modified":"2025-03-31T09:43:09","modified_gmt":"2025-03-31T07:43:09","slug":"domek-plomyk-200-200","status":"publish","type":"product","link":"https:\/\/www.megiw.pl\/en\/product\/domek-plomyk-200-200\/","title":{"rendered":"Children's Cabin \u201eP\u0142omyk\u201d 200\/200"},"content":{"rendered":"","protected":false},"excerpt":{"rendered":"<p>This charming, almost fairy-tale wooden house takes children's play to a whole new level. It stimulates imagination and gives little ones their own corner in the garden. Made of spruce wood with wall thickness of 19 mm.<\/p>\n<p>The house is mounted on posts, allowing it to be placed even on uneven or sloped ground. An additional advantage of the elevation is that it is very attractive to children.<\/p>\n<p>Two wide steps lead to the small terrace. Safety is ensured by a railing and a solid wooden floor.<\/p>\n<p>The house is finished with a gable roof. The main section is equipped with a full door and 2 windows.<\/p>\n<p>&nbsp;<\/p>\n<p>Color: Natural<\/p>","protected":false},"featured_media":4724,"template":"","meta":{"site-sidebar-layout":"default","site-content-layout":"","ast-site-content-layout":"default","site-content-style":"default","site-sidebar-style":"default","ast-global-header-display":"","ast-banner-title-visibility":"","ast-main-header-display":"","ast-hfb-above-header-display":"","ast-hfb-below-header-display":"","ast-hfb-mobile-header-display":"","site-post-title":"","ast-breadcrumbs-content":"","ast-featured-img":"","footer-sml-layout":"","theme-transparent-header-meta":"default","adv-header-id-meta":"","stick-header-meta":"","header-above-stick-meta":"","header-main-stick-meta":"","header-below-stick-meta":"","astra-migrate-meta-layouts":"set","ast-page-background-enabled":"default","ast-page-background-meta":{"desktop":{"background-color":"var(--ast-global-color-4)","background-image":"","background-repeat":"repeat","background-position":"center center","background-size":"auto","background-attachment":"scroll","background-type":"","background-media":"","overlay-type":"","overlay-color":"","overlay-opacity":"","overlay-gradient":""},"tablet":{"background-color":"","background-image":"","background-repeat":"repeat","background-position":"center center","background-size":"auto","background-attachment":"scroll","background-type":"","background-media":"","overlay-type":"","overlay-color":"","overlay-opacity":"","overlay-gradient":""},"mobile":{"background-color":"","background-image":"","background-repeat":"repeat","background-position":"center center","background-size":"auto","background-attachment":"scroll","background-type":"","background-media":"","overlay-type":"","overlay-color":"","overlay-opacity":"","overlay-gradient":""}},"ast-content-background-meta":{"desktop":{"background-color":"var(--ast-global-color-5)","background-image":"","background-repeat":"repeat","background-position":"center center","background-size":"auto","background-attachment":"scroll","background-type":"","background-media":"","overlay-type":"","overlay-color":"","overlay-opacity":"","overlay-gradient":""},"tablet":{"background-color":"var(--ast-global-color-5)","background-image":"","background-repeat":"repeat","background-position":"center center","background-size":"auto","background-attachment":"scroll","background-type":"","background-media":"","overlay-type":"","overlay-color":"","overlay-opacity":"","overlay-gradient":""},"mobile":{"background-color":"var(--ast-global-color-5)","background-image":"","background-repeat":"repeat","background-position":"center center","background-size":"auto","background-attachment":"scroll","background-type":"","background-media":"","overlay-type":"","overlay-color":"","overlay-opacity":"","overlay-gradient":""}}},"product_cat":[92,94,99],"product_tag":[],"class_list":{"0":"post-3255","1":"product","2":"type-product","3":"status-publish","4":"has-post-thumbnail","6":"product_cat-bestsellers","7":"product_cat-domki","8":"product_cat-dzieciece","9":"desktop-align-center","10":"tablet-align-left","11":"mobile-align-left","13":"first","14":"instock","15":"shipping-taxable","16":"product-type-simple"},"yoast_head":"<!-- This site is optimized with the Yoast SEO plugin v24.0 - https:\/\/yoast.com\/wordpress\/plugins\/seo\/ -->\n<title>Domek &quot;P\u0142omyk&quot; 200\/200 - Megiw<\/title>\n<meta name=\"robots\" content=\"index, follow, max-snippet:-1, max-image-preview:large, max-video-preview:-1\" \/>\n<link rel=\"canonical\" href=\"https:\/\/www.megiw.pl\/en\/product\/domek-plomyk-200-200\/\" \/>\n<meta property=\"og:locale\" content=\"en_GB\" \/>\n<meta property=\"og:type\" content=\"article\" \/>\n<meta property=\"og:title\" content=\"Domek &quot;P\u0142omyk&quot; 200\/200 - Megiw\" \/>\n<meta property=\"og:description\" content=\"Uroczy, niemal\u017ce bajkowy domek drewniany wynosi dzieci\u0119ce zabawy na zupe\u0142nie inny poziom. Pobudza wyobra\u017ani\u0119 i sprawia, \u017ce maluchy zyskuj\u0105 sw\u00f3j w\u0142asny zak\u0105tek w przydomowym ogrodzie.\u00a0 Wykonany z drewna \u015bwierkowego o grubo\u015bci \u015bcian 19mm.  Domek posadowiony zosta\u0142 na palach, kt\u00f3re umo\u017cliwiaj\u0105 ulokowanie konstrukcji nawet na nier\u00f3wnym lub pochy\u0142ym gruncie. Dodatkow\u0105 zalet\u0105 podwy\u017cszenia jest fakt, \u017ce jest ono niezwykle atrakcyjne dla dzieci.  Na niewielki taras prowadz\u0105 dwustopniowe, szerokie schodki. Bezpiecze\u0144stwo u\u017cytkowania zapewnia balustrada oraz solidna, drewniana pod\u0142oga.  Domek wyko\u0144czony zosta\u0142 dwuspadowym dachem. Cz\u0119\u015b\u0107 g\u0142\u00f3wna wyposa\u017cona zosta\u0142a w pe\u0142ne drzwi oraz 2 okna.  &nbsp;  Kolor: Naturalny\" \/>\n<meta property=\"og:url\" content=\"https:\/\/www.megiw.pl\/en\/product\/domek-plomyk-200-200\/\" \/>\n<meta property=\"og:site_name\" content=\"Megiw\" \/>\n<meta property=\"article:modified_time\" content=\"2025-03-31T07:43:09+00:00\" \/>\n<meta property=\"og:image\" content=\"https:\/\/www.megiw.pl\/wp-content\/uploads\/2024\/11\/Domek-_Plomyk_-200-200-v2.jpg\" \/>\n\t<meta property=\"og:image:width\" content=\"1280\" \/>\n\t<meta property=\"og:image:height\" content=\"1280\" \/>\n\t<meta property=\"og:image:type\" content=\"image\/jpeg\" \/>\n<meta name=\"twitter:card\" content=\"summary_large_image\" \/>\n<meta name=\"twitter:label1\" content=\"Estimated reading time\" \/>\n\t<meta name=\"twitter:data1\" content=\"1 minute\" \/>\n<script type=\"application\/ld+json\" class=\"yoast-schema-graph\">{\"@context\":\"https:\/\/schema.org\",\"@graph\":[{\"@type\":\"WebPage\",\"@id\":\"https:\/\/www.megiw.pl\/produkt\/domek-plomyk-200-200\/\",\"url\":\"https:\/\/www.megiw.pl\/produkt\/domek-plomyk-200-200\/\",\"name\":\"Domek \\\"P\u0142omyk\\\" 200\/200 - Megiw\",\"isPartOf\":{\"@id\":\"https:\/\/www.megiw.pl\/#website\"},\"primaryImageOfPage\":{\"@id\":\"https:\/\/www.megiw.pl\/produkt\/domek-plomyk-200-200\/#primaryimage\"},\"image\":{\"@id\":\"https:\/\/www.megiw.pl\/produkt\/domek-plomyk-200-200\/#primaryimage\"},\"thumbnailUrl\":\"https:\/\/www.megiw.pl\/wp-content\/uploads\/2024\/11\/Domek-_Plomyk_-200-200-v2.jpg\",\"datePublished\":\"2024-11-04T22:23:53+00:00\",\"dateModified\":\"2025-03-31T07:43:09+00:00\",\"breadcrumb\":{\"@id\":\"https:\/\/www.megiw.pl\/produkt\/domek-plomyk-200-200\/#breadcrumb\"},\"inLanguage\":\"en-GB\",\"potentialAction\":[{\"@type\":\"ReadAction\",\"target\":[\"https:\/\/www.megiw.pl\/produkt\/domek-plomyk-200-200\/\"]}]},{\"@type\":\"ImageObject\",\"inLanguage\":\"en-GB\",\"@id\":\"https:\/\/www.megiw.pl\/produkt\/domek-plomyk-200-200\/#primaryimage\",\"url\":\"https:\/\/www.megiw.pl\/wp-content\/uploads\/2024\/11\/Domek-_Plomyk_-200-200-v2.jpg\",\"contentUrl\":\"https:\/\/www.megiw.pl\/wp-content\/uploads\/2024\/11\/Domek-_Plomyk_-200-200-v2.jpg\",\"width\":1280,\"height\":1280},{\"@type\":\"BreadcrumbList\",\"@id\":\"https:\/\/www.megiw.pl\/produkt\/domek-plomyk-200-200\/#breadcrumb\",\"itemListElement\":[{\"@type\":\"ListItem\",\"position\":1,\"name\":\"Strona g\u0142\u00f3wna\",\"item\":\"https:\/\/www.megiw.pl\/\"},{\"@type\":\"ListItem\",\"position\":2,\"name\":\"Sklep\",\"item\":\"https:\/\/www.megiw.pl\/en\/sklep\/\"},{\"@type\":\"ListItem\",\"position\":3,\"name\":\"Domek &#8222;P\u0142omyk&#8221; 200\/200\"}]},{\"@type\":\"WebSite\",\"@id\":\"https:\/\/www.megiw.pl\/#website\",\"url\":\"https:\/\/www.megiw.pl\/\",\"name\":\"Megiw\",\"description\":\"Sauny, producent saun - zak\u0142ad obr\u00f3bki drewna\",\"publisher\":{\"@id\":\"https:\/\/www.megiw.pl\/#organization\"},\"alternateName\":\"Megiw\",\"potentialAction\":[{\"@type\":\"SearchAction\",\"target\":{\"@type\":\"EntryPoint\",\"urlTemplate\":\"https:\/\/www.megiw.pl\/?s={search_term_string}\"},\"query-input\":{\"@type\":\"PropertyValueSpecification\",\"valueRequired\":true,\"valueName\":\"search_term_string\"}}],\"inLanguage\":\"en-GB\"},{\"@type\":\"Organization\",\"@id\":\"https:\/\/www.megiw.pl\/#organization\",\"name\":\"Megiw\",\"url\":\"https:\/\/www.megiw.pl\/\",\"logo\":{\"@type\":\"ImageObject\",\"inLanguage\":\"en-GB\",\"@id\":\"https:\/\/www.megiw.pl\/#\/schema\/logo\/image\/\",\"url\":\"https:\/\/www.megiw.pl\/wp-content\/uploads\/2024\/10\/cropped-MEGIW_LOGO_-1-removebg-preview-3.png\",\"contentUrl\":\"https:\/\/www.megiw.pl\/wp-content\/uploads\/2024\/10\/cropped-MEGIW_LOGO_-1-removebg-preview-3.png\",\"width\":511,\"height\":489,\"caption\":\"Megiw\"},\"image\":{\"@id\":\"https:\/\/www.megiw.pl\/#\/schema\/logo\/image\/\"}}]}<\/script>\n<!-- \/ Yoast SEO plugin. -->","yoast_head_json":{"title":"Domek \"P\u0142omyk\" 200\/200 - Megiw","robots":{"index":"index","follow":"follow","max-snippet":"max-snippet:-1","max-image-preview":"max-image-preview:large","max-video-preview":"max-video-preview:-1"},"canonical":"https:\/\/www.megiw.pl\/en\/product\/domek-plomyk-200-200\/","og_locale":"en_GB","og_type":"article","og_title":"Domek \"P\u0142omyk\" 200\/200 - Megiw","og_description":"Uroczy, niemal\u017ce bajkowy domek drewniany wynosi dzieci\u0119ce zabawy na zupe\u0142nie inny poziom. Pobudza wyobra\u017ani\u0119 i sprawia, \u017ce maluchy zyskuj\u0105 sw\u00f3j w\u0142asny zak\u0105tek w przydomowym ogrodzie.\u00a0 Wykonany z drewna \u015bwierkowego o grubo\u015bci \u015bcian 19mm.  Domek posadowiony zosta\u0142 na palach, kt\u00f3re umo\u017cliwiaj\u0105 ulokowanie konstrukcji nawet na nier\u00f3wnym lub pochy\u0142ym gruncie. Dodatkow\u0105 zalet\u0105 podwy\u017cszenia jest fakt, \u017ce jest ono niezwykle atrakcyjne dla dzieci.  Na niewielki taras prowadz\u0105 dwustopniowe, szerokie schodki. Bezpiecze\u0144stwo u\u017cytkowania zapewnia balustrada oraz solidna, drewniana pod\u0142oga.  Domek wyko\u0144czony zosta\u0142 dwuspadowym dachem. Cz\u0119\u015b\u0107 g\u0142\u00f3wna wyposa\u017cona zosta\u0142a w pe\u0142ne drzwi oraz 2 okna.  &nbsp;  Kolor: Naturalny","og_url":"https:\/\/www.megiw.pl\/en\/product\/domek-plomyk-200-200\/","og_site_name":"Megiw","article_modified_time":"2025-03-31T07:43:09+00:00","og_image":[{"width":1280,"height":1280,"url":"https:\/\/www.megiw.pl\/wp-content\/uploads\/2024\/11\/Domek-_Plomyk_-200-200-v2.jpg","type":"image\/jpeg"}],"twitter_card":"summary_large_image","twitter_misc":{"Estimated reading time":"1 minute"},"schema":{"@context":"https:\/\/schema.org","@graph":[{"@type":"WebPage","@id":"https:\/\/www.megiw.pl\/produkt\/domek-plomyk-200-200\/","url":"https:\/\/www.megiw.pl\/produkt\/domek-plomyk-200-200\/","name":"Domek \"P\u0142omyk\" 200\/200 - Megiw","isPartOf":{"@id":"https:\/\/www.megiw.pl\/#website"},"primaryImageOfPage":{"@id":"https:\/\/www.megiw.pl\/produkt\/domek-plomyk-200-200\/#primaryimage"},"image":{"@id":"https:\/\/www.megiw.pl\/produkt\/domek-plomyk-200-200\/#primaryimage"},"thumbnailUrl":"https:\/\/www.megiw.pl\/wp-content\/uploads\/2024\/11\/Domek-_Plomyk_-200-200-v2.jpg","datePublished":"2024-11-04T22:23:53+00:00","dateModified":"2025-03-31T07:43:09+00:00","breadcrumb":{"@id":"https:\/\/www.megiw.pl\/produkt\/domek-plomyk-200-200\/#breadcrumb"},"inLanguage":"en-GB","potentialAction":[{"@type":"ReadAction","target":["https:\/\/www.megiw.pl\/produkt\/domek-plomyk-200-200\/"]}]},{"@type":"ImageObject","inLanguage":"en-GB","@id":"https:\/\/www.megiw.pl\/produkt\/domek-plomyk-200-200\/#primaryimage","url":"https:\/\/www.megiw.pl\/wp-content\/uploads\/2024\/11\/Domek-_Plomyk_-200-200-v2.jpg","contentUrl":"https:\/\/www.megiw.pl\/wp-content\/uploads\/2024\/11\/Domek-_Plomyk_-200-200-v2.jpg","width":1280,"height":1280},{"@type":"BreadcrumbList","@id":"https:\/\/www.megiw.pl\/produkt\/domek-plomyk-200-200\/#breadcrumb","itemListElement":[{"@type":"ListItem","position":1,"name":"Strona g\u0142\u00f3wna","item":"https:\/\/www.megiw.pl\/"},{"@type":"ListItem","position":2,"name":"Sklep","item":"https:\/\/www.megiw.pl\/en\/sklep\/"},{"@type":"ListItem","position":3,"name":"Domek &#8222;P\u0142omyk&#8221; 200\/200"}]},{"@type":"WebSite","@id":"https:\/\/www.megiw.pl\/#website","url":"https:\/\/www.megiw.pl\/","name":"Megiw","description":"Sauny, producent saun - zak\u0142ad obr\u00f3bki drewna","publisher":{"@id":"https:\/\/www.megiw.pl\/#organization"},"alternateName":"Megiw","potentialAction":[{"@type":"SearchAction","target":{"@type":"EntryPoint","urlTemplate":"https:\/\/www.megiw.pl\/?s={search_term_string}"},"query-input":{"@type":"PropertyValueSpecification","valueRequired":true,"valueName":"search_term_string"}}],"inLanguage":"en-GB"},{"@type":"Organization","@id":"https:\/\/www.megiw.pl\/#organization","name":"Megiw","url":"https:\/\/www.megiw.pl\/","logo":{"@type":"ImageObject","inLanguage":"en-GB","@id":"https:\/\/www.megiw.pl\/#\/schema\/logo\/image\/","url":"https:\/\/www.megiw.pl\/wp-content\/uploads\/2024\/10\/cropped-MEGIW_LOGO_-1-removebg-preview-3.png","contentUrl":"https:\/\/www.megiw.pl\/wp-content\/uploads\/2024\/10\/cropped-MEGIW_LOGO_-1-removebg-preview-3.png","width":511,"height":489,"caption":"Megiw"},"image":{"@id":"https:\/\/www.megiw.pl\/#\/schema\/logo\/image\/"}}]}},"_links":{"self":[{"href":"https:\/\/www.megiw.pl\/en\/wp-json\/wp\/v2\/product\/3255"}],"collection":[{"href":"https:\/\/www.megiw.pl\/en\/wp-json\/wp\/v2\/product"}],"about":[{"href":"https:\/\/www.megiw.pl\/en\/wp-json\/wp\/v2\/types\/product"}],"wp:featuredmedia":[{"embeddable":true,"href":"https:\/\/www.megiw.pl\/en\/wp-json\/wp\/v2\/media\/4724"}],"wp:attachment":[{"href":"https:\/\/www.megiw.pl\/en\/wp-json\/wp\/v2\/media?parent=3255"}],"wp:term":[{"taxonomy":"product_cat","embeddable":true,"href":"https:\/\/www.megiw.pl\/en\/wp-json\/wp\/v2\/product_cat?post=3255"},{"taxonomy":"product_tag","embeddable":true,"href":"https:\/\/www.megiw.pl\/en\/wp-json\/wp\/v2\/product_tag?post=3255"}],"curies":[{"name":"wp","href":"https:\/\/api.w.org\/{rel}","templated":true}]}}