{"id":5142,"date":"2026-01-15T13:46:26","date_gmt":"2026-01-15T12:46:26","guid":{"rendered":"https:\/\/www.megiw.pl\/?post_type=product&#038;p=5142"},"modified":"2026-03-19T13:21:54","modified_gmt":"2026-03-19T12:21:54","slug":"domek-alas","status":"publish","type":"product","link":"https:\/\/www.megiw.pl\/de\/produkt\/domek-alas\/","title":{"rendered":"Haus \u201eAlas\u201d"},"content":{"rendered":"","protected":false},"excerpt":{"rendered":"<p>Neu!<\/p>\n<p>Die Ferienh\u00e4user der Familie Alas zeichnen sich durch minimalistische Architektur aus, inspiriert von skandinavischer Schlichtheit und Naturverbundenheit. Mit Blick auf G\u00e4rten, Freizeitbereiche und Entspannungszonen f\u00fcgen sie sich harmonisch in ihre Umgebung ein \u2013 sowohl in die Waldlandschaft als auch in die moderne Umgebung.<\/p>\n<p>&nbsp;<\/p>\n<p><strong>Zwei Gr\u00f6\u00dfen \u2013 eine Idee<\/strong><\/p>\n<p>Die Alas Cottages sind in zwei Gr\u00f6\u00dfen erh\u00e4ltlich, sodass Sie die Anlage an den verf\u00fcgbaren Platz und die geplante Funktion anpassen k\u00f6nnen \u2013 von einem gem\u00fctlichen R\u00fcckzugsort bis hin zu einer offeneren, funktionalen Form.<\/p>\n<p>&nbsp;<\/p>\n<p><strong>Vier Konfigurationen \u2013 v\u00f6llige Wahlfreiheit<\/strong><\/p>\n<p>Jede Gr\u00f6\u00dfe ist in vier Ausf\u00fchrungen erh\u00e4ltlich, die sich im Grad der Offenheit zur Umgebung und der Innenbeleuchtung unterscheiden:<\/p>\n<ul>\n<li>Option I Alle W\u00e4nde sind massiv \u2013 maximale Privatsph\u00e4re und eine ruhige, geschlossene Form.<\/li>\n<li>Option II Ein Seitenfenster \u2013 mehr Licht und eine subtile Verbindung zur Natur.<\/li>\n<li>Option III Einseitiges Schaufenster + verglaste Giebel \u2013 leichte Form und Panoramablick auf den Raum.<\/li>\n<li>Option IV Verglaste Giebel \u2013 Offenheit, Licht und einzigartiger architektonischer Charakter.<\/li>\n<\/ul>\n<p>Jedes Haus ist mit einem Stahlstangengriff mit Rolle und einem Schloss mit Schl\u00fcsseleinsatz ausgestattet.<\/p>","protected":false},"featured_media":5160,"template":"","meta":{"site-sidebar-layout":"default","site-content-layout":"","ast-site-content-layout":"default","site-content-style":"default","site-sidebar-style":"default","ast-global-header-display":"","ast-banner-title-visibility":"","ast-main-header-display":"","ast-hfb-above-header-display":"","ast-hfb-below-header-display":"","ast-hfb-mobile-header-display":"","site-post-title":"","ast-breadcrumbs-content":"","ast-featured-img":"","footer-sml-layout":"","theme-transparent-header-meta":"default","adv-header-id-meta":"","stick-header-meta":"","header-above-stick-meta":"","header-main-stick-meta":"","header-below-stick-meta":"","astra-migrate-meta-layouts":"set","ast-page-background-enabled":"default","ast-page-background-meta":{"desktop":{"background-color":"var(--ast-global-color-4)","background-image":"","background-repeat":"repeat","background-position":"center center","background-size":"auto","background-attachment":"scroll","background-type":"","background-media":"","overlay-type":"","overlay-color":"","overlay-opacity":"","overlay-gradient":""},"tablet":{"background-color":"","background-image":"","background-repeat":"repeat","background-position":"center center","background-size":"auto","background-attachment":"scroll","background-type":"","background-media":"","overlay-type":"","overlay-color":"","overlay-opacity":"","overlay-gradient":""},"mobile":{"background-color":"","background-image":"","background-repeat":"repeat","background-position":"center center","background-size":"auto","background-attachment":"scroll","background-type":"","background-media":"","overlay-type":"","overlay-color":"","overlay-opacity":"","overlay-gradient":""}},"ast-content-background-meta":{"desktop":{"background-color":"var(--ast-global-color-5)","background-image":"","background-repeat":"repeat","background-position":"center center","background-size":"auto","background-attachment":"scroll","background-type":"","background-media":"","overlay-type":"","overlay-color":"","overlay-opacity":"","overlay-gradient":""},"tablet":{"background-color":"var(--ast-global-color-5)","background-image":"","background-repeat":"repeat","background-position":"center center","background-size":"auto","background-attachment":"scroll","background-type":"","background-media":"","overlay-type":"","overlay-color":"","overlay-opacity":"","overlay-gradient":""},"mobile":{"background-color":"var(--ast-global-color-5)","background-image":"","background-repeat":"repeat","background-position":"center center","background-size":"auto","background-attachment":"scroll","background-type":"","background-media":"","overlay-type":"","overlay-color":"","overlay-opacity":"","overlay-gradient":""}}},"product_cat":[94,100],"product_tag":[373],"class_list":{"0":"post-5142","1":"product","2":"type-product","3":"status-publish","4":"has-post-thumbnail","6":"product_cat-domki","7":"product_cat-dachy-dwuspadowe","8":"product_tag-16mm","9":"desktop-align-center","10":"tablet-align-left","11":"mobile-align-left","13":"first","14":"instock","15":"shipping-taxable","16":"purchasable","17":"product-type-variable"},"yoast_head":"<!-- This site is optimized with the Yoast SEO plugin v24.0 - https:\/\/yoast.com\/wordpress\/plugins\/seo\/ -->\n<title>Domek &quot;Alas&quot; - Megiw<\/title>\n<meta name=\"robots\" content=\"index, follow, max-snippet:-1, max-image-preview:large, max-video-preview:-1\" \/>\n<link rel=\"canonical\" href=\"https:\/\/www.megiw.pl\/de\/produkt\/domek-alas\/\" \/>\n<meta property=\"og:locale\" content=\"de_DE\" \/>\n<meta property=\"og:type\" content=\"article\" \/>\n<meta property=\"og:title\" content=\"Domek &quot;Alas&quot; - Megiw\" \/>\n<meta property=\"og:description\" content=\"NOWO\u015a\u0106!  Rodzina domk\u00f3w Alas to minimalistyczne, architektoniczne bry\u0142y inspirowane skandynawsk\u0105 prostot\u0105 i blisko\u015bci\u0105 natury. Zaprojektowane z my\u015bl\u0105 o ogrodach, przestrzeniach rekreacyjnych i strefach relaksu. Harmonijnie wpisuj\u0105 si\u0119 w otoczenie \u2013 zar\u00f3wno le\u015bne, jak i nowoczesne.  &nbsp;  Dwa rozmiary \u2013 jedna idea  Domki Alas dost\u0119pne s\u0105 w dw\u00f3ch wariantach wymiarowych, co pozwala dopasowa\u0107 obiekt do dost\u0119pnej przestrzeni i planowanej funkcji \u2013 od kameralnego schronienia po bardziej otwart\u0105, u\u017cytkow\u0105 form\u0119.  &nbsp;  Cztery konfiguracje \u2013 pe\u0142na swoboda wyboru  Ka\u017cdy rozmiar wyst\u0119puje w czterech konfiguracjach, kt\u00f3re r\u00f3\u017cni\u0105 si\u0119 stopniem otwarcia na otoczenie i do\u015bwietleniem wn\u0119trza:   Wariant I\u00a0 Wszystkie \u015bciany pe\u0142ne \u2013 maksymalna prywatno\u015b\u0107 i spokojna, zamkni\u0119ta bry\u0142a.  Wariant II\u00a0 Jedna boczna witryna \u2013 wi\u0119cej \u015bwiat\u0142a i subtelne po\u0142\u0105czenie z natur\u0105.  Wariant III\u00a0 Jedna boczna witryna + przeszklone szczyty \u2013 lekka forma i panoramiczne wra\u017cenie przestrzeni.  Wariant IV\u00a0 Przeszklone szczyty \u2013 otwarto\u015b\u0107, \u015bwiat\u0142o i wyj\u0105tkowy charakter architektoniczny.  Ka\u017cdy domek wyposa\u017cony jest w stalowy uchwyt typu sztanga z rolk\u0105 oraz zamkiem z wk\u0142adk\u0105 na klucz.\" \/>\n<meta property=\"og:url\" content=\"https:\/\/www.megiw.pl\/de\/produkt\/domek-alas\/\" \/>\n<meta property=\"og:site_name\" content=\"Megiw\" \/>\n<meta property=\"article:modified_time\" content=\"2026-03-19T12:21:54+00:00\" \/>\n<meta property=\"og:image\" content=\"https:\/\/www.megiw.pl\/wp-content\/uploads\/2026\/01\/Alas-www-1857x1920.png\" \/>\n\t<meta property=\"og:image:width\" content=\"1857\" \/>\n\t<meta property=\"og:image:height\" content=\"1920\" \/>\n\t<meta property=\"og:image:type\" content=\"image\/png\" \/>\n<meta name=\"twitter:card\" content=\"summary_large_image\" \/>\n<meta name=\"twitter:label1\" content=\"Gesch\u00e4tzte Lesezeit\" \/>\n\t<meta name=\"twitter:data1\" content=\"1\u00a0Minute\" \/>\n<script type=\"application\/ld+json\" class=\"yoast-schema-graph\">{\"@context\":\"https:\/\/schema.org\",\"@graph\":[{\"@type\":\"WebPage\",\"@id\":\"https:\/\/www.megiw.pl\/produkt\/domek-alas\/\",\"url\":\"https:\/\/www.megiw.pl\/produkt\/domek-alas\/\",\"name\":\"Domek \\\"Alas\\\" - Megiw\",\"isPartOf\":{\"@id\":\"https:\/\/www.megiw.pl\/#website\"},\"primaryImageOfPage\":{\"@id\":\"https:\/\/www.megiw.pl\/produkt\/domek-alas\/#primaryimage\"},\"image\":{\"@id\":\"https:\/\/www.megiw.pl\/produkt\/domek-alas\/#primaryimage\"},\"thumbnailUrl\":\"https:\/\/www.megiw.pl\/wp-content\/uploads\/2026\/01\/Alas-www.png\",\"datePublished\":\"2026-01-15T12:46:26+00:00\",\"dateModified\":\"2026-03-19T12:21:54+00:00\",\"breadcrumb\":{\"@id\":\"https:\/\/www.megiw.pl\/produkt\/domek-alas\/#breadcrumb\"},\"inLanguage\":\"de\",\"potentialAction\":[{\"@type\":\"ReadAction\",\"target\":[\"https:\/\/www.megiw.pl\/produkt\/domek-alas\/\"]}]},{\"@type\":\"ImageObject\",\"inLanguage\":\"de\",\"@id\":\"https:\/\/www.megiw.pl\/produkt\/domek-alas\/#primaryimage\",\"url\":\"https:\/\/www.megiw.pl\/wp-content\/uploads\/2026\/01\/Alas-www.png\",\"contentUrl\":\"https:\/\/www.megiw.pl\/wp-content\/uploads\/2026\/01\/Alas-www.png\",\"width\":5557,\"height\":5744},{\"@type\":\"BreadcrumbList\",\"@id\":\"https:\/\/www.megiw.pl\/produkt\/domek-alas\/#breadcrumb\",\"itemListElement\":[{\"@type\":\"ListItem\",\"position\":1,\"name\":\"Strona g\u0142\u00f3wna\",\"item\":\"https:\/\/www.megiw.pl\/\"},{\"@type\":\"ListItem\",\"position\":2,\"name\":\"Sklep\",\"item\":\"https:\/\/www.megiw.pl\/en\/sklep\/\"},{\"@type\":\"ListItem\",\"position\":3,\"name\":\"Domek &#8222;Alas&#8221;\"}]},{\"@type\":\"WebSite\",\"@id\":\"https:\/\/www.megiw.pl\/#website\",\"url\":\"https:\/\/www.megiw.pl\/\",\"name\":\"Megiw\",\"description\":\"Sauny, producent saun - zak\u0142ad obr\u00f3bki drewna\",\"publisher\":{\"@id\":\"https:\/\/www.megiw.pl\/#organization\"},\"alternateName\":\"Megiw\",\"potentialAction\":[{\"@type\":\"SearchAction\",\"target\":{\"@type\":\"EntryPoint\",\"urlTemplate\":\"https:\/\/www.megiw.pl\/?s={search_term_string}\"},\"query-input\":{\"@type\":\"PropertyValueSpecification\",\"valueRequired\":true,\"valueName\":\"search_term_string\"}}],\"inLanguage\":\"de\"},{\"@type\":\"Organization\",\"@id\":\"https:\/\/www.megiw.pl\/#organization\",\"name\":\"Megiw\",\"url\":\"https:\/\/www.megiw.pl\/\",\"logo\":{\"@type\":\"ImageObject\",\"inLanguage\":\"de\",\"@id\":\"https:\/\/www.megiw.pl\/#\/schema\/logo\/image\/\",\"url\":\"https:\/\/www.megiw.pl\/wp-content\/uploads\/2024\/10\/cropped-MEGIW_LOGO_-1-removebg-preview-3.png\",\"contentUrl\":\"https:\/\/www.megiw.pl\/wp-content\/uploads\/2024\/10\/cropped-MEGIW_LOGO_-1-removebg-preview-3.png\",\"width\":511,\"height\":489,\"caption\":\"Megiw\"},\"image\":{\"@id\":\"https:\/\/www.megiw.pl\/#\/schema\/logo\/image\/\"}}]}<\/script>\n<!-- \/ Yoast SEO plugin. -->","yoast_head_json":{"title":"Domek \"Alas\" - Megiw","robots":{"index":"index","follow":"follow","max-snippet":"max-snippet:-1","max-image-preview":"max-image-preview:large","max-video-preview":"max-video-preview:-1"},"canonical":"https:\/\/www.megiw.pl\/de\/produkt\/domek-alas\/","og_locale":"de_DE","og_type":"article","og_title":"Domek \"Alas\" - Megiw","og_description":"NOWO\u015a\u0106!  Rodzina domk\u00f3w Alas to minimalistyczne, architektoniczne bry\u0142y inspirowane skandynawsk\u0105 prostot\u0105 i blisko\u015bci\u0105 natury. Zaprojektowane z my\u015bl\u0105 o ogrodach, przestrzeniach rekreacyjnych i strefach relaksu. Harmonijnie wpisuj\u0105 si\u0119 w otoczenie \u2013 zar\u00f3wno le\u015bne, jak i nowoczesne.  &nbsp;  Dwa rozmiary \u2013 jedna idea  Domki Alas dost\u0119pne s\u0105 w dw\u00f3ch wariantach wymiarowych, co pozwala dopasowa\u0107 obiekt do dost\u0119pnej przestrzeni i planowanej funkcji \u2013 od kameralnego schronienia po bardziej otwart\u0105, u\u017cytkow\u0105 form\u0119.  &nbsp;  Cztery konfiguracje \u2013 pe\u0142na swoboda wyboru  Ka\u017cdy rozmiar wyst\u0119puje w czterech konfiguracjach, kt\u00f3re r\u00f3\u017cni\u0105 si\u0119 stopniem otwarcia na otoczenie i do\u015bwietleniem wn\u0119trza:   Wariant I\u00a0 Wszystkie \u015bciany pe\u0142ne \u2013 maksymalna prywatno\u015b\u0107 i spokojna, zamkni\u0119ta bry\u0142a.  Wariant II\u00a0 Jedna boczna witryna \u2013 wi\u0119cej \u015bwiat\u0142a i subtelne po\u0142\u0105czenie z natur\u0105.  Wariant III\u00a0 Jedna boczna witryna + przeszklone szczyty \u2013 lekka forma i panoramiczne wra\u017cenie przestrzeni.  Wariant IV\u00a0 Przeszklone szczyty \u2013 otwarto\u015b\u0107, \u015bwiat\u0142o i wyj\u0105tkowy charakter architektoniczny.  Ka\u017cdy domek wyposa\u017cony jest w stalowy uchwyt typu sztanga z rolk\u0105 oraz zamkiem z wk\u0142adk\u0105 na klucz.","og_url":"https:\/\/www.megiw.pl\/de\/produkt\/domek-alas\/","og_site_name":"Megiw","article_modified_time":"2026-03-19T12:21:54+00:00","og_image":[{"width":1857,"height":1920,"url":"https:\/\/www.megiw.pl\/wp-content\/uploads\/2026\/01\/Alas-www-1857x1920.png","type":"image\/png"}],"twitter_card":"summary_large_image","twitter_misc":{"Gesch\u00e4tzte Lesezeit":"1\u00a0Minute"},"schema":{"@context":"https:\/\/schema.org","@graph":[{"@type":"WebPage","@id":"https:\/\/www.megiw.pl\/produkt\/domek-alas\/","url":"https:\/\/www.megiw.pl\/produkt\/domek-alas\/","name":"Domek \"Alas\" - Megiw","isPartOf":{"@id":"https:\/\/www.megiw.pl\/#website"},"primaryImageOfPage":{"@id":"https:\/\/www.megiw.pl\/produkt\/domek-alas\/#primaryimage"},"image":{"@id":"https:\/\/www.megiw.pl\/produkt\/domek-alas\/#primaryimage"},"thumbnailUrl":"https:\/\/www.megiw.pl\/wp-content\/uploads\/2026\/01\/Alas-www.png","datePublished":"2026-01-15T12:46:26+00:00","dateModified":"2026-03-19T12:21:54+00:00","breadcrumb":{"@id":"https:\/\/www.megiw.pl\/produkt\/domek-alas\/#breadcrumb"},"inLanguage":"de","potentialAction":[{"@type":"ReadAction","target":["https:\/\/www.megiw.pl\/produkt\/domek-alas\/"]}]},{"@type":"ImageObject","inLanguage":"de","@id":"https:\/\/www.megiw.pl\/produkt\/domek-alas\/#primaryimage","url":"https:\/\/www.megiw.pl\/wp-content\/uploads\/2026\/01\/Alas-www.png","contentUrl":"https:\/\/www.megiw.pl\/wp-content\/uploads\/2026\/01\/Alas-www.png","width":5557,"height":5744},{"@type":"BreadcrumbList","@id":"https:\/\/www.megiw.pl\/produkt\/domek-alas\/#breadcrumb","itemListElement":[{"@type":"ListItem","position":1,"name":"Strona g\u0142\u00f3wna","item":"https:\/\/www.megiw.pl\/"},{"@type":"ListItem","position":2,"name":"Sklep","item":"https:\/\/www.megiw.pl\/en\/sklep\/"},{"@type":"ListItem","position":3,"name":"Domek &#8222;Alas&#8221;"}]},{"@type":"WebSite","@id":"https:\/\/www.megiw.pl\/#website","url":"https:\/\/www.megiw.pl\/","name":"Megiw","description":"Sauny, producent saun - zak\u0142ad obr\u00f3bki drewna","publisher":{"@id":"https:\/\/www.megiw.pl\/#organization"},"alternateName":"Megiw","potentialAction":[{"@type":"SearchAction","target":{"@type":"EntryPoint","urlTemplate":"https:\/\/www.megiw.pl\/?s={search_term_string}"},"query-input":{"@type":"PropertyValueSpecification","valueRequired":true,"valueName":"search_term_string"}}],"inLanguage":"de"},{"@type":"Organization","@id":"https:\/\/www.megiw.pl\/#organization","name":"Megiw","url":"https:\/\/www.megiw.pl\/","logo":{"@type":"ImageObject","inLanguage":"de","@id":"https:\/\/www.megiw.pl\/#\/schema\/logo\/image\/","url":"https:\/\/www.megiw.pl\/wp-content\/uploads\/2024\/10\/cropped-MEGIW_LOGO_-1-removebg-preview-3.png","contentUrl":"https:\/\/www.megiw.pl\/wp-content\/uploads\/2024\/10\/cropped-MEGIW_LOGO_-1-removebg-preview-3.png","width":511,"height":489,"caption":"Megiw"},"image":{"@id":"https:\/\/www.megiw.pl\/#\/schema\/logo\/image\/"}}]}},"_links":{"self":[{"href":"https:\/\/www.megiw.pl\/de\/wp-json\/wp\/v2\/product\/5142"}],"collection":[{"href":"https:\/\/www.megiw.pl\/de\/wp-json\/wp\/v2\/product"}],"about":[{"href":"https:\/\/www.megiw.pl\/de\/wp-json\/wp\/v2\/types\/product"}],"wp:featuredmedia":[{"embeddable":true,"href":"https:\/\/www.megiw.pl\/de\/wp-json\/wp\/v2\/media\/5160"}],"wp:attachment":[{"href":"https:\/\/www.megiw.pl\/de\/wp-json\/wp\/v2\/media?parent=5142"}],"wp:term":[{"taxonomy":"product_cat","embeddable":true,"href":"https:\/\/www.megiw.pl\/de\/wp-json\/wp\/v2\/product_cat?post=5142"},{"taxonomy":"product_tag","embeddable":true,"href":"https:\/\/www.megiw.pl\/de\/wp-json\/wp\/v2\/product_tag?post=5142"}],"curies":[{"name":"wp","href":"https:\/\/api.w.org\/{rel}","templated":true}]}}