{"id":3996,"date":"2024-11-11T18:54:43","date_gmt":"2024-11-11T17:54:43","guid":{"rendered":"https:\/\/www.megiw.pl\/?post_type=product&#038;p=3996"},"modified":"2024-11-19T18:18:06","modified_gmt":"2024-11-19T17:18:06","slug":"doniczka-wiszaca","status":"publish","type":"product","link":"https:\/\/www.megiw.pl\/de\/produkt\/doniczka-wiszaca\/","title":{"rendered":"H\u00e4ngender Blumentopf"},"content":{"rendered":"","protected":false},"excerpt":{"rendered":"<p>Wir bieten Ihnen Holzblumenk\u00e4sten f\u00fcr Fenster an. Die Blumenk\u00e4sten sind mit gr\u00f6\u00dfter Sorgfalt aus hochwertigem Fichtenholz gefertigt. Dies ist eine ideale L\u00f6sung, um sowohl Ihr Gartenhaus als auch den gesamten Gartenraum zu versch\u00f6nern.<\/p>\n<p>Pflanzen kommen in diesen K\u00e4sten perfekt zur Geltung.<\/p>","protected":false},"featured_media":4801,"template":"","meta":{"site-sidebar-layout":"default","site-content-layout":"","ast-site-content-layout":"default","site-content-style":"default","site-sidebar-style":"default","ast-global-header-display":"","ast-banner-title-visibility":"","ast-main-header-display":"","ast-hfb-above-header-display":"","ast-hfb-below-header-display":"","ast-hfb-mobile-header-display":"","site-post-title":"","ast-breadcrumbs-content":"","ast-featured-img":"","footer-sml-layout":"","theme-transparent-header-meta":"default","adv-header-id-meta":"","stick-header-meta":"","header-above-stick-meta":"","header-main-stick-meta":"","header-below-stick-meta":"","astra-migrate-meta-layouts":"set","ast-page-background-enabled":"default","ast-page-background-meta":{"desktop":{"background-color":"var(--ast-global-color-4)","background-image":"","background-repeat":"repeat","background-position":"center center","background-size":"auto","background-attachment":"scroll","background-type":"","background-media":"","overlay-type":"","overlay-color":"","overlay-opacity":"","overlay-gradient":""},"tablet":{"background-color":"","background-image":"","background-repeat":"repeat","background-position":"center center","background-size":"auto","background-attachment":"scroll","background-type":"","background-media":"","overlay-type":"","overlay-color":"","overlay-opacity":"","overlay-gradient":""},"mobile":{"background-color":"","background-image":"","background-repeat":"repeat","background-position":"center center","background-size":"auto","background-attachment":"scroll","background-type":"","background-media":"","overlay-type":"","overlay-color":"","overlay-opacity":"","overlay-gradient":""}},"ast-content-background-meta":{"desktop":{"background-color":"var(--ast-global-color-5)","background-image":"","background-repeat":"repeat","background-position":"center center","background-size":"auto","background-attachment":"scroll","background-type":"","background-media":"","overlay-type":"","overlay-color":"","overlay-opacity":"","overlay-gradient":""},"tablet":{"background-color":"var(--ast-global-color-5)","background-image":"","background-repeat":"repeat","background-position":"center center","background-size":"auto","background-attachment":"scroll","background-type":"","background-media":"","overlay-type":"","overlay-color":"","overlay-opacity":"","overlay-gradient":""},"mobile":{"background-color":"var(--ast-global-color-5)","background-image":"","background-repeat":"repeat","background-position":"center center","background-size":"auto","background-attachment":"scroll","background-type":"","background-media":"","overlay-type":"","overlay-color":"","overlay-opacity":"","overlay-gradient":""}}},"product_cat":[107],"product_tag":[],"class_list":{"0":"post-3996","1":"product","2":"type-product","3":"status-publish","4":"has-post-thumbnail","6":"product_cat-dodatki","7":"desktop-align-center","8":"tablet-align-left","9":"mobile-align-left","11":"first","12":"instock","13":"shipping-taxable","14":"purchasable","15":"product-type-variable"},"yoast_head":"<!-- This site is optimized with the Yoast SEO plugin v24.0 - https:\/\/yoast.com\/wordpress\/plugins\/seo\/ -->\n<title>Doniczka wisz\u0105ca - Megiw<\/title>\n<meta name=\"robots\" content=\"index, follow, max-snippet:-1, max-image-preview:large, max-video-preview:-1\" \/>\n<link rel=\"canonical\" href=\"https:\/\/www.megiw.pl\/de\/produkt\/doniczka-wiszaca\/\" \/>\n<meta property=\"og:locale\" content=\"de_DE\" \/>\n<meta property=\"og:type\" content=\"article\" \/>\n<meta property=\"og:title\" content=\"Doniczka wisz\u0105ca - Megiw\" \/>\n<meta property=\"og:description\" content=\"Proponujemy Pa\u0144stwu drewniane donice pod okno. Donice wykonane s\u0105 z najwi\u0119ksza staranno\u015bci\u0105 z najwy\u017cszej jako\u015bci drewna \u015bwierkowego. Jest to idealne rozwi\u0105zanie, aby upi\u0119kszy\u0107 zar\u00f3wno Pa\u0144stwa domek ogrodowy, jak i ca\u0142\u0105 przestrze\u0144 ogrodu.  Ro\u015bliny prezentuj\u0105 si\u0119 w nich wprost doskonale.\" \/>\n<meta property=\"og:url\" content=\"https:\/\/www.megiw.pl\/de\/produkt\/doniczka-wiszaca\/\" \/>\n<meta property=\"og:site_name\" content=\"Megiw\" \/>\n<meta property=\"article:modified_time\" content=\"2024-11-19T17:18:06+00:00\" \/>\n<meta property=\"og:image\" content=\"https:\/\/www.megiw.pl\/wp-content\/uploads\/2024\/11\/Doniczka-wiszaca-R.jpg\" \/>\n\t<meta property=\"og:image:width\" content=\"1280\" \/>\n\t<meta property=\"og:image:height\" content=\"1280\" \/>\n\t<meta property=\"og:image:type\" content=\"image\/jpeg\" \/>\n<meta name=\"twitter:card\" content=\"summary_large_image\" \/>\n<script type=\"application\/ld+json\" class=\"yoast-schema-graph\">{\"@context\":\"https:\/\/schema.org\",\"@graph\":[{\"@type\":\"WebPage\",\"@id\":\"https:\/\/www.megiw.pl\/produkt\/doniczka-wiszaca\/\",\"url\":\"https:\/\/www.megiw.pl\/produkt\/doniczka-wiszaca\/\",\"name\":\"Doniczka wisz\u0105ca - Megiw\",\"isPartOf\":{\"@id\":\"https:\/\/www.megiw.pl\/#website\"},\"primaryImageOfPage\":{\"@id\":\"https:\/\/www.megiw.pl\/produkt\/doniczka-wiszaca\/#primaryimage\"},\"image\":{\"@id\":\"https:\/\/www.megiw.pl\/produkt\/doniczka-wiszaca\/#primaryimage\"},\"thumbnailUrl\":\"https:\/\/www.megiw.pl\/wp-content\/uploads\/2024\/11\/Doniczka-wiszaca-R.jpg\",\"datePublished\":\"2024-11-11T17:54:43+00:00\",\"dateModified\":\"2024-11-19T17:18:06+00:00\",\"breadcrumb\":{\"@id\":\"https:\/\/www.megiw.pl\/produkt\/doniczka-wiszaca\/#breadcrumb\"},\"inLanguage\":\"de\",\"potentialAction\":[{\"@type\":\"ReadAction\",\"target\":[\"https:\/\/www.megiw.pl\/produkt\/doniczka-wiszaca\/\"]}]},{\"@type\":\"ImageObject\",\"inLanguage\":\"de\",\"@id\":\"https:\/\/www.megiw.pl\/produkt\/doniczka-wiszaca\/#primaryimage\",\"url\":\"https:\/\/www.megiw.pl\/wp-content\/uploads\/2024\/11\/Doniczka-wiszaca-R.jpg\",\"contentUrl\":\"https:\/\/www.megiw.pl\/wp-content\/uploads\/2024\/11\/Doniczka-wiszaca-R.jpg\",\"width\":1280,\"height\":1280},{\"@type\":\"BreadcrumbList\",\"@id\":\"https:\/\/www.megiw.pl\/produkt\/doniczka-wiszaca\/#breadcrumb\",\"itemListElement\":[{\"@type\":\"ListItem\",\"position\":1,\"name\":\"Strona g\u0142\u00f3wna\",\"item\":\"https:\/\/www.megiw.pl\/\"},{\"@type\":\"ListItem\",\"position\":2,\"name\":\"Sklep\",\"item\":\"https:\/\/www.megiw.pl\/en\/sklep\/\"},{\"@type\":\"ListItem\",\"position\":3,\"name\":\"Doniczka wisz\u0105ca\"}]},{\"@type\":\"WebSite\",\"@id\":\"https:\/\/www.megiw.pl\/#website\",\"url\":\"https:\/\/www.megiw.pl\/\",\"name\":\"Megiw\",\"description\":\"Sauny, producent saun - zak\u0142ad obr\u00f3bki drewna\",\"publisher\":{\"@id\":\"https:\/\/www.megiw.pl\/#organization\"},\"alternateName\":\"Megiw\",\"potentialAction\":[{\"@type\":\"SearchAction\",\"target\":{\"@type\":\"EntryPoint\",\"urlTemplate\":\"https:\/\/www.megiw.pl\/?s={search_term_string}\"},\"query-input\":{\"@type\":\"PropertyValueSpecification\",\"valueRequired\":true,\"valueName\":\"search_term_string\"}}],\"inLanguage\":\"de\"},{\"@type\":\"Organization\",\"@id\":\"https:\/\/www.megiw.pl\/#organization\",\"name\":\"Megiw\",\"url\":\"https:\/\/www.megiw.pl\/\",\"logo\":{\"@type\":\"ImageObject\",\"inLanguage\":\"de\",\"@id\":\"https:\/\/www.megiw.pl\/#\/schema\/logo\/image\/\",\"url\":\"https:\/\/www.megiw.pl\/wp-content\/uploads\/2024\/10\/cropped-MEGIW_LOGO_-1-removebg-preview-3.png\",\"contentUrl\":\"https:\/\/www.megiw.pl\/wp-content\/uploads\/2024\/10\/cropped-MEGIW_LOGO_-1-removebg-preview-3.png\",\"width\":511,\"height\":489,\"caption\":\"Megiw\"},\"image\":{\"@id\":\"https:\/\/www.megiw.pl\/#\/schema\/logo\/image\/\"}}]}<\/script>\n<!-- \/ Yoast SEO plugin. -->","yoast_head_json":{"title":"Doniczka wisz\u0105ca - Megiw","robots":{"index":"index","follow":"follow","max-snippet":"max-snippet:-1","max-image-preview":"max-image-preview:large","max-video-preview":"max-video-preview:-1"},"canonical":"https:\/\/www.megiw.pl\/de\/produkt\/doniczka-wiszaca\/","og_locale":"de_DE","og_type":"article","og_title":"Doniczka wisz\u0105ca - Megiw","og_description":"Proponujemy Pa\u0144stwu drewniane donice pod okno. Donice wykonane s\u0105 z najwi\u0119ksza staranno\u015bci\u0105 z najwy\u017cszej jako\u015bci drewna \u015bwierkowego. Jest to idealne rozwi\u0105zanie, aby upi\u0119kszy\u0107 zar\u00f3wno Pa\u0144stwa domek ogrodowy, jak i ca\u0142\u0105 przestrze\u0144 ogrodu.  Ro\u015bliny prezentuj\u0105 si\u0119 w nich wprost doskonale.","og_url":"https:\/\/www.megiw.pl\/de\/produkt\/doniczka-wiszaca\/","og_site_name":"Megiw","article_modified_time":"2024-11-19T17:18:06+00:00","og_image":[{"width":1280,"height":1280,"url":"https:\/\/www.megiw.pl\/wp-content\/uploads\/2024\/11\/Doniczka-wiszaca-R.jpg","type":"image\/jpeg"}],"twitter_card":"summary_large_image","schema":{"@context":"https:\/\/schema.org","@graph":[{"@type":"WebPage","@id":"https:\/\/www.megiw.pl\/produkt\/doniczka-wiszaca\/","url":"https:\/\/www.megiw.pl\/produkt\/doniczka-wiszaca\/","name":"Doniczka wisz\u0105ca - Megiw","isPartOf":{"@id":"https:\/\/www.megiw.pl\/#website"},"primaryImageOfPage":{"@id":"https:\/\/www.megiw.pl\/produkt\/doniczka-wiszaca\/#primaryimage"},"image":{"@id":"https:\/\/www.megiw.pl\/produkt\/doniczka-wiszaca\/#primaryimage"},"thumbnailUrl":"https:\/\/www.megiw.pl\/wp-content\/uploads\/2024\/11\/Doniczka-wiszaca-R.jpg","datePublished":"2024-11-11T17:54:43+00:00","dateModified":"2024-11-19T17:18:06+00:00","breadcrumb":{"@id":"https:\/\/www.megiw.pl\/produkt\/doniczka-wiszaca\/#breadcrumb"},"inLanguage":"de","potentialAction":[{"@type":"ReadAction","target":["https:\/\/www.megiw.pl\/produkt\/doniczka-wiszaca\/"]}]},{"@type":"ImageObject","inLanguage":"de","@id":"https:\/\/www.megiw.pl\/produkt\/doniczka-wiszaca\/#primaryimage","url":"https:\/\/www.megiw.pl\/wp-content\/uploads\/2024\/11\/Doniczka-wiszaca-R.jpg","contentUrl":"https:\/\/www.megiw.pl\/wp-content\/uploads\/2024\/11\/Doniczka-wiszaca-R.jpg","width":1280,"height":1280},{"@type":"BreadcrumbList","@id":"https:\/\/www.megiw.pl\/produkt\/doniczka-wiszaca\/#breadcrumb","itemListElement":[{"@type":"ListItem","position":1,"name":"Strona g\u0142\u00f3wna","item":"https:\/\/www.megiw.pl\/"},{"@type":"ListItem","position":2,"name":"Sklep","item":"https:\/\/www.megiw.pl\/en\/sklep\/"},{"@type":"ListItem","position":3,"name":"Doniczka wisz\u0105ca"}]},{"@type":"WebSite","@id":"https:\/\/www.megiw.pl\/#website","url":"https:\/\/www.megiw.pl\/","name":"Megiw","description":"Sauny, producent saun - zak\u0142ad obr\u00f3bki drewna","publisher":{"@id":"https:\/\/www.megiw.pl\/#organization"},"alternateName":"Megiw","potentialAction":[{"@type":"SearchAction","target":{"@type":"EntryPoint","urlTemplate":"https:\/\/www.megiw.pl\/?s={search_term_string}"},"query-input":{"@type":"PropertyValueSpecification","valueRequired":true,"valueName":"search_term_string"}}],"inLanguage":"de"},{"@type":"Organization","@id":"https:\/\/www.megiw.pl\/#organization","name":"Megiw","url":"https:\/\/www.megiw.pl\/","logo":{"@type":"ImageObject","inLanguage":"de","@id":"https:\/\/www.megiw.pl\/#\/schema\/logo\/image\/","url":"https:\/\/www.megiw.pl\/wp-content\/uploads\/2024\/10\/cropped-MEGIW_LOGO_-1-removebg-preview-3.png","contentUrl":"https:\/\/www.megiw.pl\/wp-content\/uploads\/2024\/10\/cropped-MEGIW_LOGO_-1-removebg-preview-3.png","width":511,"height":489,"caption":"Megiw"},"image":{"@id":"https:\/\/www.megiw.pl\/#\/schema\/logo\/image\/"}}]}},"_links":{"self":[{"href":"https:\/\/www.megiw.pl\/de\/wp-json\/wp\/v2\/product\/3996"}],"collection":[{"href":"https:\/\/www.megiw.pl\/de\/wp-json\/wp\/v2\/product"}],"about":[{"href":"https:\/\/www.megiw.pl\/de\/wp-json\/wp\/v2\/types\/product"}],"wp:featuredmedia":[{"embeddable":true,"href":"https:\/\/www.megiw.pl\/de\/wp-json\/wp\/v2\/media\/4801"}],"wp:attachment":[{"href":"https:\/\/www.megiw.pl\/de\/wp-json\/wp\/v2\/media?parent=3996"}],"wp:term":[{"taxonomy":"product_cat","embeddable":true,"href":"https:\/\/www.megiw.pl\/de\/wp-json\/wp\/v2\/product_cat?post=3996"},{"taxonomy":"product_tag","embeddable":true,"href":"https:\/\/www.megiw.pl\/de\/wp-json\/wp\/v2\/product_tag?post=3996"}],"curies":[{"name":"wp","href":"https:\/\/api.w.org\/{rel}","templated":true}]}}