{"id":3984,"date":"2024-11-11T18:40:47","date_gmt":"2024-11-11T17:40:47","guid":{"rendered":"https:\/\/www.megiw.pl\/?post_type=product&#038;p=3984"},"modified":"2024-12-12T17:38:09","modified_gmt":"2024-12-12T16:38:09","slug":"sauna-ogrodowa-harma-250x300","status":"publish","type":"product","link":"https:\/\/www.megiw.pl\/de\/produkt\/sauna-ogrodowa-harma-250x300\/","title":{"rendered":"Garten-Sauna \u201eHARMA\u201d 250\u00d7300"},"content":{"rendered":"","protected":false},"excerpt":{"rendered":"<p>Eine Au\u00dfensauna mit modernem Design, die f\u00fcr den Garten oder den Bereich rund um das Haus vorgesehen ist. Die Sauna bietet Platz f\u00fcr 6 bis 8 Personen. Der Fu\u00dfboden der Sauna ist mit Styrodurplatten ausgelegt, die mit einer 16 mm dicken Holzverkleidung bedeckt sind. Die W\u00e4nde der Sauna bestehen aus Modulen mit einer Dicke von 72 mm, die mit 40 mm dickem Mineralwolle-Isoliermaterial gef\u00fcllt sind.<\/p>\n<p>Dach der Sauna:<br \/>\n\u2013 Innen Dach \u2013 isoliert mit Mineralwolle, beidseitig mit einer 68 mm dicken Holzverkleidung versehen,<br \/>\n\u2013 Au\u00dfen Dach \u2013 16 mm dicke Holzverkleidung,<br \/>\n\u2013 verst\u00e4rkte selbstklebende Bitumenbahn.<\/p>\n<p>Die Verglasung des Hauses \u2013 drei Fenster aus get\u00f6ntem geh\u00e4rtetem Glas (doppelt verglast) in grafitgrauer Farbe.<\/p>\n<p>Ausstattung der Sauna:<br \/>\n\u2013 2 B\u00e4nke aus Fichtenholz mit R\u00fcckenlehnen,<br \/>\n\u2013 Glas T\u00fcren aus get\u00f6ntem geh\u00e4rtetem Glas in grafitgrauer Farbe,<br \/>\n\u2013 wasserdichte Porzellanlampe mit Glasabdeckung in Holzverkleidung.<\/p>\n<p>Es besteht die M\u00f6glichkeit, zus\u00e4tzliche \u00e4u\u00dfere B\u00e4nke zu kaufen.<\/p>\n<p>Das Haus ist einseitig gestrichen und in zwei Farbvarianten erh\u00e4ltlich: schwarz RAL 9017 und grau-beige RAL 1019.<\/p>\n<p>Es besteht die M\u00f6glichkeit, das Haus in roher Version (unbehandeltes Holz) zu bestellen.<\/p>","protected":false},"featured_media":4784,"template":"","meta":{"site-sidebar-layout":"default","site-content-layout":"","ast-site-content-layout":"default","site-content-style":"default","site-sidebar-style":"default","ast-global-header-display":"","ast-banner-title-visibility":"","ast-main-header-display":"","ast-hfb-above-header-display":"","ast-hfb-below-header-display":"","ast-hfb-mobile-header-display":"","site-post-title":"","ast-breadcrumbs-content":"","ast-featured-img":"","footer-sml-layout":"","theme-transparent-header-meta":"default","adv-header-id-meta":"","stick-header-meta":"","header-above-stick-meta":"","header-main-stick-meta":"","header-below-stick-meta":"","astra-migrate-meta-layouts":"set","ast-page-background-enabled":"default","ast-page-background-meta":{"desktop":{"background-color":"var(--ast-global-color-4)","background-image":"","background-repeat":"repeat","background-position":"center center","background-size":"auto","background-attachment":"scroll","background-type":"","background-media":"","overlay-type":"","overlay-color":"","overlay-opacity":"","overlay-gradient":""},"tablet":{"background-color":"","background-image":"","background-repeat":"repeat","background-position":"center center","background-size":"auto","background-attachment":"scroll","background-type":"","background-media":"","overlay-type":"","overlay-color":"","overlay-opacity":"","overlay-gradient":""},"mobile":{"background-color":"","background-image":"","background-repeat":"repeat","background-position":"center center","background-size":"auto","background-attachment":"scroll","background-type":"","background-media":"","overlay-type":"","overlay-color":"","overlay-opacity":"","overlay-gradient":""}},"ast-content-background-meta":{"desktop":{"background-color":"var(--ast-global-color-5)","background-image":"","background-repeat":"repeat","background-position":"center center","background-size":"auto","background-attachment":"scroll","background-type":"","background-media":"","overlay-type":"","overlay-color":"","overlay-opacity":"","overlay-gradient":""},"tablet":{"background-color":"var(--ast-global-color-5)","background-image":"","background-repeat":"repeat","background-position":"center center","background-size":"auto","background-attachment":"scroll","background-type":"","background-media":"","overlay-type":"","overlay-color":"","overlay-opacity":"","overlay-gradient":""},"mobile":{"background-color":"var(--ast-global-color-5)","background-image":"","background-repeat":"repeat","background-position":"center center","background-size":"auto","background-attachment":"scroll","background-type":"","background-media":"","overlay-type":"","overlay-color":"","overlay-opacity":"","overlay-gradient":""}}},"product_cat":[95,98],"product_tag":[],"class_list":{"0":"post-3984","1":"product","2":"type-product","3":"status-publish","4":"has-post-thumbnail","6":"product_cat-sauny","7":"product_cat-sauny-ogrodowe","8":"desktop-align-center","9":"tablet-align-left","10":"mobile-align-left","12":"first","13":"instock","14":"shipping-taxable","15":"purchasable","16":"product-type-variable","17":"has-default-attributes"},"yoast_head":"<!-- This site is optimized with the Yoast SEO plugin v24.0 - https:\/\/yoast.com\/wordpress\/plugins\/seo\/ -->\n<title>Sauna ogrodowa &quot;HARMA &quot; 250x300 - Megiw<\/title>\n<meta name=\"robots\" content=\"index, follow, max-snippet:-1, max-image-preview:large, max-video-preview:-1\" \/>\n<link rel=\"canonical\" href=\"https:\/\/www.megiw.pl\/de\/produkt\/sauna-ogrodowa-harma-250x300\/\" \/>\n<meta property=\"og:locale\" content=\"de_DE\" \/>\n<meta property=\"og:type\" content=\"article\" \/>\n<meta property=\"og:title\" content=\"Sauna ogrodowa &quot;HARMA &quot; 250x300 - Megiw\" \/>\n<meta property=\"og:description\" content=\"Sauna zewn\u0119trzna o nowoczesnym designie, przeznaczona do ogrodu lub przestrzeni przydomowej. Sauna pomie\u015bci od 6 do 8 os\u00f3b. Pod\u0142oga sauny jest wy\u0142o\u017cona p\u0142ytami styroduru, kt\u00f3re pokryte s\u0105 desk\u0105 boazeryjn\u0105 o grubo\u015bci 16 mm. \u015aciany sauny wykonano z modu\u0142\u00f3w o grubo\u015bci 72 mm izolowanych we\u0142n\u0105 mineraln\u0105 o grubo\u015bci 40 mm.  Dach sauny: - dach wewn\u0119trzny \u2013 izolowany we\u0142n\u0105 mineraln\u0105, obustronnie wyko\u0144czony desk\u0105 boazeryjn\u0105 o grubo\u015bci 68 mm, - dach zewn\u0119trzny \u2013 deska o grubo\u015bci 16 mm, - wzmocniona papa samoprzylepna.  Przeszklenie domku \u2013 trzy okna witrynowe z przyciemnianego hartowanego szk\u0142a (szyba podw\u00f3jna, zespolona) w kolorze grafitowym.  Wyposa\u017cenie sauny: - 2 \u0142awki wykonane z drewna \u015bwierkowego z oparciami, - drzwi szklane z przyciemnianego, hartowanego szk\u0142a w kolorze grafitowym, - wodoszczeln\u0105, porcelanow\u0105 lamp\u0119 ze szklanym kloszem w drewnianej os\u0142onie.  Istnieje mo\u017cliwo\u015b\u0107 dokupienia dodatkowych zewn\u0119trznych \u0142awek.  Domek jednostronnie malowany i dost\u0119pny w dw\u00f3ch wariantach kolorystycznych: czarnym RAL 9017 i szaro-be\u017cowym RAL 1019.  Istnieje mo\u017cliwo\u015b\u0107 zam\u00f3wienia domku w wersji surowej (nie malowane drewno).\" \/>\n<meta property=\"og:url\" content=\"https:\/\/www.megiw.pl\/de\/produkt\/sauna-ogrodowa-harma-250x300\/\" \/>\n<meta property=\"og:site_name\" content=\"Megiw\" \/>\n<meta property=\"article:modified_time\" content=\"2024-12-12T16:38:09+00:00\" \/>\n<meta property=\"og:image\" content=\"https:\/\/www.megiw.pl\/wp-content\/uploads\/2024\/11\/Sauna-ogrodowa-\u201eHARMA-250\u00d7300-R.jpg\" \/>\n\t<meta property=\"og:image:width\" content=\"1280\" \/>\n\t<meta property=\"og:image:height\" content=\"1280\" \/>\n\t<meta property=\"og:image:type\" content=\"image\/jpeg\" \/>\n<meta name=\"twitter:card\" content=\"summary_large_image\" \/>\n<script type=\"application\/ld+json\" class=\"yoast-schema-graph\">{\"@context\":\"https:\/\/schema.org\",\"@graph\":[{\"@type\":\"WebPage\",\"@id\":\"https:\/\/www.megiw.pl\/produkt\/sauna-ogrodowa-harma-250x300\/\",\"url\":\"https:\/\/www.megiw.pl\/produkt\/sauna-ogrodowa-harma-250x300\/\",\"name\":\"Sauna ogrodowa \\\"HARMA \\\" 250x300 - Megiw\",\"isPartOf\":{\"@id\":\"https:\/\/www.megiw.pl\/#website\"},\"primaryImageOfPage\":{\"@id\":\"https:\/\/www.megiw.pl\/produkt\/sauna-ogrodowa-harma-250x300\/#primaryimage\"},\"image\":{\"@id\":\"https:\/\/www.megiw.pl\/produkt\/sauna-ogrodowa-harma-250x300\/#primaryimage\"},\"thumbnailUrl\":\"https:\/\/www.megiw.pl\/wp-content\/uploads\/2024\/11\/Sauna-ogrodowa-\u201eHARMA-250\u00d7300-R.jpg\",\"datePublished\":\"2024-11-11T17:40:47+00:00\",\"dateModified\":\"2024-12-12T16:38:09+00:00\",\"breadcrumb\":{\"@id\":\"https:\/\/www.megiw.pl\/produkt\/sauna-ogrodowa-harma-250x300\/#breadcrumb\"},\"inLanguage\":\"de\",\"potentialAction\":[{\"@type\":\"ReadAction\",\"target\":[\"https:\/\/www.megiw.pl\/produkt\/sauna-ogrodowa-harma-250x300\/\"]}]},{\"@type\":\"ImageObject\",\"inLanguage\":\"de\",\"@id\":\"https:\/\/www.megiw.pl\/produkt\/sauna-ogrodowa-harma-250x300\/#primaryimage\",\"url\":\"https:\/\/www.megiw.pl\/wp-content\/uploads\/2024\/11\/Sauna-ogrodowa-\u201eHARMA-250\u00d7300-R.jpg\",\"contentUrl\":\"https:\/\/www.megiw.pl\/wp-content\/uploads\/2024\/11\/Sauna-ogrodowa-\u201eHARMA-250\u00d7300-R.jpg\",\"width\":1280,\"height\":1280},{\"@type\":\"BreadcrumbList\",\"@id\":\"https:\/\/www.megiw.pl\/produkt\/sauna-ogrodowa-harma-250x300\/#breadcrumb\",\"itemListElement\":[{\"@type\":\"ListItem\",\"position\":1,\"name\":\"Strona g\u0142\u00f3wna\",\"item\":\"https:\/\/www.megiw.pl\/\"},{\"@type\":\"ListItem\",\"position\":2,\"name\":\"Sklep\",\"item\":\"https:\/\/www.megiw.pl\/en\/sklep\/\"},{\"@type\":\"ListItem\",\"position\":3,\"name\":\"Sauna ogrodowa &#8222;HARMA &#8221; 250&#215;300\"}]},{\"@type\":\"WebSite\",\"@id\":\"https:\/\/www.megiw.pl\/#website\",\"url\":\"https:\/\/www.megiw.pl\/\",\"name\":\"Megiw\",\"description\":\"Sauny, producent saun - zak\u0142ad obr\u00f3bki drewna\",\"publisher\":{\"@id\":\"https:\/\/www.megiw.pl\/#organization\"},\"alternateName\":\"Megiw\",\"potentialAction\":[{\"@type\":\"SearchAction\",\"target\":{\"@type\":\"EntryPoint\",\"urlTemplate\":\"https:\/\/www.megiw.pl\/?s={search_term_string}\"},\"query-input\":{\"@type\":\"PropertyValueSpecification\",\"valueRequired\":true,\"valueName\":\"search_term_string\"}}],\"inLanguage\":\"de\"},{\"@type\":\"Organization\",\"@id\":\"https:\/\/www.megiw.pl\/#organization\",\"name\":\"Megiw\",\"url\":\"https:\/\/www.megiw.pl\/\",\"logo\":{\"@type\":\"ImageObject\",\"inLanguage\":\"de\",\"@id\":\"https:\/\/www.megiw.pl\/#\/schema\/logo\/image\/\",\"url\":\"https:\/\/www.megiw.pl\/wp-content\/uploads\/2024\/10\/cropped-MEGIW_LOGO_-1-removebg-preview-3.png\",\"contentUrl\":\"https:\/\/www.megiw.pl\/wp-content\/uploads\/2024\/10\/cropped-MEGIW_LOGO_-1-removebg-preview-3.png\",\"width\":511,\"height\":489,\"caption\":\"Megiw\"},\"image\":{\"@id\":\"https:\/\/www.megiw.pl\/#\/schema\/logo\/image\/\"}}]}<\/script>\n<!-- \/ Yoast SEO plugin. -->","yoast_head_json":{"title":"Sauna ogrodowa \"HARMA \" 250x300 - Megiw","robots":{"index":"index","follow":"follow","max-snippet":"max-snippet:-1","max-image-preview":"max-image-preview:large","max-video-preview":"max-video-preview:-1"},"canonical":"https:\/\/www.megiw.pl\/de\/produkt\/sauna-ogrodowa-harma-250x300\/","og_locale":"de_DE","og_type":"article","og_title":"Sauna ogrodowa \"HARMA \" 250x300 - Megiw","og_description":"Sauna zewn\u0119trzna o nowoczesnym designie, przeznaczona do ogrodu lub przestrzeni przydomowej. Sauna pomie\u015bci od 6 do 8 os\u00f3b. Pod\u0142oga sauny jest wy\u0142o\u017cona p\u0142ytami styroduru, kt\u00f3re pokryte s\u0105 desk\u0105 boazeryjn\u0105 o grubo\u015bci 16 mm. \u015aciany sauny wykonano z modu\u0142\u00f3w o grubo\u015bci 72 mm izolowanych we\u0142n\u0105 mineraln\u0105 o grubo\u015bci 40 mm.  Dach sauny: - dach wewn\u0119trzny \u2013 izolowany we\u0142n\u0105 mineraln\u0105, obustronnie wyko\u0144czony desk\u0105 boazeryjn\u0105 o grubo\u015bci 68 mm, - dach zewn\u0119trzny \u2013 deska o grubo\u015bci 16 mm, - wzmocniona papa samoprzylepna.  Przeszklenie domku \u2013 trzy okna witrynowe z przyciemnianego hartowanego szk\u0142a (szyba podw\u00f3jna, zespolona) w kolorze grafitowym.  Wyposa\u017cenie sauny: - 2 \u0142awki wykonane z drewna \u015bwierkowego z oparciami, - drzwi szklane z przyciemnianego, hartowanego szk\u0142a w kolorze grafitowym, - wodoszczeln\u0105, porcelanow\u0105 lamp\u0119 ze szklanym kloszem w drewnianej os\u0142onie.  Istnieje mo\u017cliwo\u015b\u0107 dokupienia dodatkowych zewn\u0119trznych \u0142awek.  Domek jednostronnie malowany i dost\u0119pny w dw\u00f3ch wariantach kolorystycznych: czarnym RAL 9017 i szaro-be\u017cowym RAL 1019.  Istnieje mo\u017cliwo\u015b\u0107 zam\u00f3wienia domku w wersji surowej (nie malowane drewno).","og_url":"https:\/\/www.megiw.pl\/de\/produkt\/sauna-ogrodowa-harma-250x300\/","og_site_name":"Megiw","article_modified_time":"2024-12-12T16:38:09+00:00","og_image":[{"width":1280,"height":1280,"url":"https:\/\/www.megiw.pl\/wp-content\/uploads\/2024\/11\/Sauna-ogrodowa-\u201eHARMA-250\u00d7300-R.jpg","type":"image\/jpeg"}],"twitter_card":"summary_large_image","schema":{"@context":"https:\/\/schema.org","@graph":[{"@type":"WebPage","@id":"https:\/\/www.megiw.pl\/produkt\/sauna-ogrodowa-harma-250x300\/","url":"https:\/\/www.megiw.pl\/produkt\/sauna-ogrodowa-harma-250x300\/","name":"Sauna ogrodowa \"HARMA \" 250x300 - Megiw","isPartOf":{"@id":"https:\/\/www.megiw.pl\/#website"},"primaryImageOfPage":{"@id":"https:\/\/www.megiw.pl\/produkt\/sauna-ogrodowa-harma-250x300\/#primaryimage"},"image":{"@id":"https:\/\/www.megiw.pl\/produkt\/sauna-ogrodowa-harma-250x300\/#primaryimage"},"thumbnailUrl":"https:\/\/www.megiw.pl\/wp-content\/uploads\/2024\/11\/Sauna-ogrodowa-\u201eHARMA-250\u00d7300-R.jpg","datePublished":"2024-11-11T17:40:47+00:00","dateModified":"2024-12-12T16:38:09+00:00","breadcrumb":{"@id":"https:\/\/www.megiw.pl\/produkt\/sauna-ogrodowa-harma-250x300\/#breadcrumb"},"inLanguage":"de","potentialAction":[{"@type":"ReadAction","target":["https:\/\/www.megiw.pl\/produkt\/sauna-ogrodowa-harma-250x300\/"]}]},{"@type":"ImageObject","inLanguage":"de","@id":"https:\/\/www.megiw.pl\/produkt\/sauna-ogrodowa-harma-250x300\/#primaryimage","url":"https:\/\/www.megiw.pl\/wp-content\/uploads\/2024\/11\/Sauna-ogrodowa-\u201eHARMA-250\u00d7300-R.jpg","contentUrl":"https:\/\/www.megiw.pl\/wp-content\/uploads\/2024\/11\/Sauna-ogrodowa-\u201eHARMA-250\u00d7300-R.jpg","width":1280,"height":1280},{"@type":"BreadcrumbList","@id":"https:\/\/www.megiw.pl\/produkt\/sauna-ogrodowa-harma-250x300\/#breadcrumb","itemListElement":[{"@type":"ListItem","position":1,"name":"Strona g\u0142\u00f3wna","item":"https:\/\/www.megiw.pl\/"},{"@type":"ListItem","position":2,"name":"Sklep","item":"https:\/\/www.megiw.pl\/en\/sklep\/"},{"@type":"ListItem","position":3,"name":"Sauna ogrodowa &#8222;HARMA &#8221; 250&#215;300"}]},{"@type":"WebSite","@id":"https:\/\/www.megiw.pl\/#website","url":"https:\/\/www.megiw.pl\/","name":"Megiw","description":"Sauny, producent saun - zak\u0142ad obr\u00f3bki drewna","publisher":{"@id":"https:\/\/www.megiw.pl\/#organization"},"alternateName":"Megiw","potentialAction":[{"@type":"SearchAction","target":{"@type":"EntryPoint","urlTemplate":"https:\/\/www.megiw.pl\/?s={search_term_string}"},"query-input":{"@type":"PropertyValueSpecification","valueRequired":true,"valueName":"search_term_string"}}],"inLanguage":"de"},{"@type":"Organization","@id":"https:\/\/www.megiw.pl\/#organization","name":"Megiw","url":"https:\/\/www.megiw.pl\/","logo":{"@type":"ImageObject","inLanguage":"de","@id":"https:\/\/www.megiw.pl\/#\/schema\/logo\/image\/","url":"https:\/\/www.megiw.pl\/wp-content\/uploads\/2024\/10\/cropped-MEGIW_LOGO_-1-removebg-preview-3.png","contentUrl":"https:\/\/www.megiw.pl\/wp-content\/uploads\/2024\/10\/cropped-MEGIW_LOGO_-1-removebg-preview-3.png","width":511,"height":489,"caption":"Megiw"},"image":{"@id":"https:\/\/www.megiw.pl\/#\/schema\/logo\/image\/"}}]}},"_links":{"self":[{"href":"https:\/\/www.megiw.pl\/de\/wp-json\/wp\/v2\/product\/3984"}],"collection":[{"href":"https:\/\/www.megiw.pl\/de\/wp-json\/wp\/v2\/product"}],"about":[{"href":"https:\/\/www.megiw.pl\/de\/wp-json\/wp\/v2\/types\/product"}],"wp:featuredmedia":[{"embeddable":true,"href":"https:\/\/www.megiw.pl\/de\/wp-json\/wp\/v2\/media\/4784"}],"wp:attachment":[{"href":"https:\/\/www.megiw.pl\/de\/wp-json\/wp\/v2\/media?parent=3984"}],"wp:term":[{"taxonomy":"product_cat","embeddable":true,"href":"https:\/\/www.megiw.pl\/de\/wp-json\/wp\/v2\/product_cat?post=3984"},{"taxonomy":"product_tag","embeddable":true,"href":"https:\/\/www.megiw.pl\/de\/wp-json\/wp\/v2\/product_tag?post=3984"}],"curies":[{"name":"wp","href":"https:\/\/api.w.org\/{rel}","templated":true}]}}