{"id":3928,"date":"2024-11-11T18:15:15","date_gmt":"2024-11-11T17:15:15","guid":{"rendered":"https:\/\/www.megiw.pl\/?post_type=product&#038;p=3928"},"modified":"2024-12-18T20:30:36","modified_gmt":"2024-12-18T19:30:36","slug":"sauna-ogrodowa-prymulka-200x250","status":"publish","type":"product","link":"https:\/\/www.megiw.pl\/de\/produkt\/sauna-ogrodowa-prymulka-200x250\/","title":{"rendered":"Garten-Sauna \u201ePrymulka\u201d 200\u00d7250"},"content":{"rendered":"","protected":false},"excerpt":{"rendered":"<p>Die kompakten Ma\u00dfe der Sauna eignen sich ideal f\u00fcr einen kleinen Garten. Die W\u00e4nde des Hauses bestehen aus Fichtenholz mit einer Dicke von 40 mm. Der Fu\u00dfboden der Sauna besteht aus wasserfesten, mit Mineralwolle isolierten Paneelen, die mit einem 16 mm dicken Fu\u00dfbodenbrett bedeckt sind. Die Stabilit\u00e4t der Konstruktion wird durch das doppelte Dach gew\u00e4hrleistet: das innere Dach \u2013 68 mm, mit Mineralwolle isoliert und beidseitig mit Bohrholz bedeckt, sowie das 16 mm dicke \u00e4u\u00dfere Dach.<\/p>\n<p>Die Sauna im Inneren des Hauses hat die Ma\u00dfe 2038 x 1240 mm. Sie ist mit zwei B\u00e4nken und einem Ofenschutz ausgestattet. Die Beleuchtung besteht aus zwei wasserdichten, porzellan Lampen mit einem Glasschirm in einer Holzabdeckung.<\/p>\n<p>\u201ePrymulka\u201d ist in der nat\u00fcrlichen Version sowie in 3 Farbvarianten erh\u00e4ltlich, einseitig gestrichen.<\/p>","protected":false},"featured_media":4938,"template":"","meta":{"site-sidebar-layout":"default","site-content-layout":"","ast-site-content-layout":"default","site-content-style":"default","site-sidebar-style":"default","ast-global-header-display":"","ast-banner-title-visibility":"","ast-main-header-display":"","ast-hfb-above-header-display":"","ast-hfb-below-header-display":"","ast-hfb-mobile-header-display":"","site-post-title":"","ast-breadcrumbs-content":"","ast-featured-img":"","footer-sml-layout":"","theme-transparent-header-meta":"default","adv-header-id-meta":"","stick-header-meta":"","header-above-stick-meta":"","header-main-stick-meta":"","header-below-stick-meta":"","astra-migrate-meta-layouts":"set","ast-page-background-enabled":"default","ast-page-background-meta":{"desktop":{"background-color":"var(--ast-global-color-4)","background-image":"","background-repeat":"repeat","background-position":"center center","background-size":"auto","background-attachment":"scroll","background-type":"","background-media":"","overlay-type":"","overlay-color":"","overlay-opacity":"","overlay-gradient":""},"tablet":{"background-color":"","background-image":"","background-repeat":"repeat","background-position":"center center","background-size":"auto","background-attachment":"scroll","background-type":"","background-media":"","overlay-type":"","overlay-color":"","overlay-opacity":"","overlay-gradient":""},"mobile":{"background-color":"","background-image":"","background-repeat":"repeat","background-position":"center center","background-size":"auto","background-attachment":"scroll","background-type":"","background-media":"","overlay-type":"","overlay-color":"","overlay-opacity":"","overlay-gradient":""}},"ast-content-background-meta":{"desktop":{"background-color":"var(--ast-global-color-5)","background-image":"","background-repeat":"repeat","background-position":"center center","background-size":"auto","background-attachment":"scroll","background-type":"","background-media":"","overlay-type":"","overlay-color":"","overlay-opacity":"","overlay-gradient":""},"tablet":{"background-color":"var(--ast-global-color-5)","background-image":"","background-repeat":"repeat","background-position":"center center","background-size":"auto","background-attachment":"scroll","background-type":"","background-media":"","overlay-type":"","overlay-color":"","overlay-opacity":"","overlay-gradient":""},"mobile":{"background-color":"var(--ast-global-color-5)","background-image":"","background-repeat":"repeat","background-position":"center center","background-size":"auto","background-attachment":"scroll","background-type":"","background-media":"","overlay-type":"","overlay-color":"","overlay-opacity":"","overlay-gradient":""}}},"product_cat":[95,98],"product_tag":[],"class_list":{"0":"post-3928","1":"product","2":"type-product","3":"status-publish","4":"has-post-thumbnail","6":"product_cat-sauny","7":"product_cat-sauny-ogrodowe","8":"desktop-align-center","9":"tablet-align-left","10":"mobile-align-left","12":"first","13":"instock","14":"shipping-taxable","15":"purchasable","16":"product-type-variable","17":"has-default-attributes"},"yoast_head":"<!-- This site is optimized with the Yoast SEO plugin v24.0 - https:\/\/yoast.com\/wordpress\/plugins\/seo\/ -->\n<title>Sauna ogrodowa &quot;Prymulka&quot; 200x250 - Megiw<\/title>\n<meta name=\"robots\" content=\"index, follow, max-snippet:-1, max-image-preview:large, max-video-preview:-1\" \/>\n<link rel=\"canonical\" href=\"https:\/\/www.megiw.pl\/de\/produkt\/sauna-ogrodowa-prymulka-200x250\/\" \/>\n<meta property=\"og:locale\" content=\"de_DE\" \/>\n<meta property=\"og:type\" content=\"article\" \/>\n<meta property=\"og:title\" content=\"Sauna ogrodowa &quot;Prymulka&quot; 200x250 - Megiw\" \/>\n<meta property=\"og:description\" content=\"Niewielkie wymiary sauny idealnie sprawdz\u0105 si\u0119 w ma\u0142ym ogrodzie. \u015aciany domku wykonano z drewna \u015bwierkowego o grubo\u015bci 40 mm. Pod\u0142oga sauny sk\u0142ada si\u0119 z zaizolowanych we\u0142n\u0105 mineraln\u0105 wodoodpornych paneli, kt\u00f3re pokryte s\u0105 desk\u0105 pod\u0142ogow\u0105 16mm. Solidno\u015bci konstrukcji nadaje podw\u00f3jny dach: wewn\u0119trzny - 68 mm, ocieplony we\u0142n\u0105 mineraln\u0105 obustronnie pokryty desk\u0105 boazeryjn\u0105 oraz 16mm dach zewn\u0119trzny  Sauna wewn\u0105trz domku ma wymiary 2038 x 1240 mm. Wyposa\u017cono j\u0105 w dwie \u0142awki oraz obudow\u0119 pieca. O\u015bwietlenie stanowi\u0105 2 wodoszczelne, porcelanowe lampy ze szklanym kloszem w drewnianej os\u0142onie.  Prymulka wyst\u0119puje w wersji naturalnej oraz w 3 wariantach kolorystycznych, malowanych jednostronnie.\" \/>\n<meta property=\"og:url\" content=\"https:\/\/www.megiw.pl\/de\/produkt\/sauna-ogrodowa-prymulka-200x250\/\" \/>\n<meta property=\"og:site_name\" content=\"Megiw\" \/>\n<meta property=\"article:modified_time\" content=\"2024-12-18T19:30:36+00:00\" \/>\n<meta property=\"og:image\" content=\"https:\/\/www.megiw.pl\/wp-content\/uploads\/2024\/11\/Sauna-ogrodowa-\u201ePrymulka-200\u00d7250-.jpg\" \/>\n\t<meta property=\"og:image:width\" content=\"1280\" \/>\n\t<meta property=\"og:image:height\" content=\"1280\" \/>\n\t<meta property=\"og:image:type\" content=\"image\/jpeg\" \/>\n<meta name=\"twitter:card\" content=\"summary_large_image\" \/>\n<meta name=\"twitter:label1\" content=\"Gesch\u00e4tzte Lesezeit\" \/>\n\t<meta name=\"twitter:data1\" content=\"1\u00a0Minute\" \/>\n<script type=\"application\/ld+json\" class=\"yoast-schema-graph\">{\"@context\":\"https:\/\/schema.org\",\"@graph\":[{\"@type\":\"WebPage\",\"@id\":\"https:\/\/www.megiw.pl\/en\/product\/sauna-ogrodowa-prymulka-200x250\/\",\"url\":\"https:\/\/www.megiw.pl\/en\/product\/sauna-ogrodowa-prymulka-200x250\/\",\"name\":\"Sauna ogrodowa \\\"Prymulka\\\" 200x250 - Megiw\",\"isPartOf\":{\"@id\":\"https:\/\/www.megiw.pl\/#website\"},\"primaryImageOfPage\":{\"@id\":\"https:\/\/www.megiw.pl\/en\/product\/sauna-ogrodowa-prymulka-200x250\/#primaryimage\"},\"image\":{\"@id\":\"https:\/\/www.megiw.pl\/en\/product\/sauna-ogrodowa-prymulka-200x250\/#primaryimage\"},\"thumbnailUrl\":\"https:\/\/www.megiw.pl\/wp-content\/uploads\/2024\/11\/Sauna-ogrodowa-\u201ePrymulka-200\u00d7250-.jpg\",\"datePublished\":\"2024-11-11T17:15:15+00:00\",\"dateModified\":\"2024-12-18T19:30:36+00:00\",\"breadcrumb\":{\"@id\":\"https:\/\/www.megiw.pl\/en\/product\/sauna-ogrodowa-prymulka-200x250\/#breadcrumb\"},\"inLanguage\":\"de\",\"potentialAction\":[{\"@type\":\"ReadAction\",\"target\":[\"https:\/\/www.megiw.pl\/en\/product\/sauna-ogrodowa-prymulka-200x250\/\"]}]},{\"@type\":\"ImageObject\",\"inLanguage\":\"de\",\"@id\":\"https:\/\/www.megiw.pl\/en\/product\/sauna-ogrodowa-prymulka-200x250\/#primaryimage\",\"url\":\"https:\/\/www.megiw.pl\/wp-content\/uploads\/2024\/11\/Sauna-ogrodowa-\u201ePrymulka-200\u00d7250-.jpg\",\"contentUrl\":\"https:\/\/www.megiw.pl\/wp-content\/uploads\/2024\/11\/Sauna-ogrodowa-\u201ePrymulka-200\u00d7250-.jpg\",\"width\":1280,\"height\":1280},{\"@type\":\"BreadcrumbList\",\"@id\":\"https:\/\/www.megiw.pl\/en\/product\/sauna-ogrodowa-prymulka-200x250\/#breadcrumb\",\"itemListElement\":[{\"@type\":\"ListItem\",\"position\":1,\"name\":\"Strona g\u0142\u00f3wna\",\"item\":\"https:\/\/www.megiw.pl\/\"},{\"@type\":\"ListItem\",\"position\":2,\"name\":\"Sklep\",\"item\":\"https:\/\/www.megiw.pl\/en\/sklep\/\"},{\"@type\":\"ListItem\",\"position\":3,\"name\":\"Sauna ogrodowa &#8222;Prymulka&#8221; 200&#215;250\"}]},{\"@type\":\"WebSite\",\"@id\":\"https:\/\/www.megiw.pl\/#website\",\"url\":\"https:\/\/www.megiw.pl\/\",\"name\":\"Megiw\",\"description\":\"Sauny, producent saun - zak\u0142ad obr\u00f3bki drewna\",\"publisher\":{\"@id\":\"https:\/\/www.megiw.pl\/#organization\"},\"alternateName\":\"Megiw\",\"potentialAction\":[{\"@type\":\"SearchAction\",\"target\":{\"@type\":\"EntryPoint\",\"urlTemplate\":\"https:\/\/www.megiw.pl\/?s={search_term_string}\"},\"query-input\":{\"@type\":\"PropertyValueSpecification\",\"valueRequired\":true,\"valueName\":\"search_term_string\"}}],\"inLanguage\":\"de\"},{\"@type\":\"Organization\",\"@id\":\"https:\/\/www.megiw.pl\/#organization\",\"name\":\"Megiw\",\"url\":\"https:\/\/www.megiw.pl\/\",\"logo\":{\"@type\":\"ImageObject\",\"inLanguage\":\"de\",\"@id\":\"https:\/\/www.megiw.pl\/#\/schema\/logo\/image\/\",\"url\":\"https:\/\/www.megiw.pl\/wp-content\/uploads\/2024\/10\/cropped-MEGIW_LOGO_-1-removebg-preview-3.png\",\"contentUrl\":\"https:\/\/www.megiw.pl\/wp-content\/uploads\/2024\/10\/cropped-MEGIW_LOGO_-1-removebg-preview-3.png\",\"width\":511,\"height\":489,\"caption\":\"Megiw\"},\"image\":{\"@id\":\"https:\/\/www.megiw.pl\/#\/schema\/logo\/image\/\"}}]}<\/script>\n<!-- \/ Yoast SEO plugin. -->","yoast_head_json":{"title":"Sauna ogrodowa \"Prymulka\" 200x250 - Megiw","robots":{"index":"index","follow":"follow","max-snippet":"max-snippet:-1","max-image-preview":"max-image-preview:large","max-video-preview":"max-video-preview:-1"},"canonical":"https:\/\/www.megiw.pl\/de\/produkt\/sauna-ogrodowa-prymulka-200x250\/","og_locale":"de_DE","og_type":"article","og_title":"Sauna ogrodowa \"Prymulka\" 200x250 - Megiw","og_description":"Niewielkie wymiary sauny idealnie sprawdz\u0105 si\u0119 w ma\u0142ym ogrodzie. \u015aciany domku wykonano z drewna \u015bwierkowego o grubo\u015bci 40 mm. Pod\u0142oga sauny sk\u0142ada si\u0119 z zaizolowanych we\u0142n\u0105 mineraln\u0105 wodoodpornych paneli, kt\u00f3re pokryte s\u0105 desk\u0105 pod\u0142ogow\u0105 16mm. Solidno\u015bci konstrukcji nadaje podw\u00f3jny dach: wewn\u0119trzny - 68 mm, ocieplony we\u0142n\u0105 mineraln\u0105 obustronnie pokryty desk\u0105 boazeryjn\u0105 oraz 16mm dach zewn\u0119trzny  Sauna wewn\u0105trz domku ma wymiary 2038 x 1240 mm. Wyposa\u017cono j\u0105 w dwie \u0142awki oraz obudow\u0119 pieca. O\u015bwietlenie stanowi\u0105 2 wodoszczelne, porcelanowe lampy ze szklanym kloszem w drewnianej os\u0142onie.  Prymulka wyst\u0119puje w wersji naturalnej oraz w 3 wariantach kolorystycznych, malowanych jednostronnie.","og_url":"https:\/\/www.megiw.pl\/de\/produkt\/sauna-ogrodowa-prymulka-200x250\/","og_site_name":"Megiw","article_modified_time":"2024-12-18T19:30:36+00:00","og_image":[{"width":1280,"height":1280,"url":"https:\/\/www.megiw.pl\/wp-content\/uploads\/2024\/11\/Sauna-ogrodowa-\u201ePrymulka-200\u00d7250-.jpg","type":"image\/jpeg"}],"twitter_card":"summary_large_image","twitter_misc":{"Gesch\u00e4tzte Lesezeit":"1\u00a0Minute"},"schema":{"@context":"https:\/\/schema.org","@graph":[{"@type":"WebPage","@id":"https:\/\/www.megiw.pl\/en\/product\/sauna-ogrodowa-prymulka-200x250\/","url":"https:\/\/www.megiw.pl\/en\/product\/sauna-ogrodowa-prymulka-200x250\/","name":"Sauna ogrodowa \"Prymulka\" 200x250 - Megiw","isPartOf":{"@id":"https:\/\/www.megiw.pl\/#website"},"primaryImageOfPage":{"@id":"https:\/\/www.megiw.pl\/en\/product\/sauna-ogrodowa-prymulka-200x250\/#primaryimage"},"image":{"@id":"https:\/\/www.megiw.pl\/en\/product\/sauna-ogrodowa-prymulka-200x250\/#primaryimage"},"thumbnailUrl":"https:\/\/www.megiw.pl\/wp-content\/uploads\/2024\/11\/Sauna-ogrodowa-\u201ePrymulka-200\u00d7250-.jpg","datePublished":"2024-11-11T17:15:15+00:00","dateModified":"2024-12-18T19:30:36+00:00","breadcrumb":{"@id":"https:\/\/www.megiw.pl\/en\/product\/sauna-ogrodowa-prymulka-200x250\/#breadcrumb"},"inLanguage":"de","potentialAction":[{"@type":"ReadAction","target":["https:\/\/www.megiw.pl\/en\/product\/sauna-ogrodowa-prymulka-200x250\/"]}]},{"@type":"ImageObject","inLanguage":"de","@id":"https:\/\/www.megiw.pl\/en\/product\/sauna-ogrodowa-prymulka-200x250\/#primaryimage","url":"https:\/\/www.megiw.pl\/wp-content\/uploads\/2024\/11\/Sauna-ogrodowa-\u201ePrymulka-200\u00d7250-.jpg","contentUrl":"https:\/\/www.megiw.pl\/wp-content\/uploads\/2024\/11\/Sauna-ogrodowa-\u201ePrymulka-200\u00d7250-.jpg","width":1280,"height":1280},{"@type":"BreadcrumbList","@id":"https:\/\/www.megiw.pl\/en\/product\/sauna-ogrodowa-prymulka-200x250\/#breadcrumb","itemListElement":[{"@type":"ListItem","position":1,"name":"Strona g\u0142\u00f3wna","item":"https:\/\/www.megiw.pl\/"},{"@type":"ListItem","position":2,"name":"Sklep","item":"https:\/\/www.megiw.pl\/en\/sklep\/"},{"@type":"ListItem","position":3,"name":"Sauna ogrodowa &#8222;Prymulka&#8221; 200&#215;250"}]},{"@type":"WebSite","@id":"https:\/\/www.megiw.pl\/#website","url":"https:\/\/www.megiw.pl\/","name":"Megiw","description":"Sauny, producent saun - zak\u0142ad obr\u00f3bki drewna","publisher":{"@id":"https:\/\/www.megiw.pl\/#organization"},"alternateName":"Megiw","potentialAction":[{"@type":"SearchAction","target":{"@type":"EntryPoint","urlTemplate":"https:\/\/www.megiw.pl\/?s={search_term_string}"},"query-input":{"@type":"PropertyValueSpecification","valueRequired":true,"valueName":"search_term_string"}}],"inLanguage":"de"},{"@type":"Organization","@id":"https:\/\/www.megiw.pl\/#organization","name":"Megiw","url":"https:\/\/www.megiw.pl\/","logo":{"@type":"ImageObject","inLanguage":"de","@id":"https:\/\/www.megiw.pl\/#\/schema\/logo\/image\/","url":"https:\/\/www.megiw.pl\/wp-content\/uploads\/2024\/10\/cropped-MEGIW_LOGO_-1-removebg-preview-3.png","contentUrl":"https:\/\/www.megiw.pl\/wp-content\/uploads\/2024\/10\/cropped-MEGIW_LOGO_-1-removebg-preview-3.png","width":511,"height":489,"caption":"Megiw"},"image":{"@id":"https:\/\/www.megiw.pl\/#\/schema\/logo\/image\/"}}]}},"_links":{"self":[{"href":"https:\/\/www.megiw.pl\/de\/wp-json\/wp\/v2\/product\/3928"}],"collection":[{"href":"https:\/\/www.megiw.pl\/de\/wp-json\/wp\/v2\/product"}],"about":[{"href":"https:\/\/www.megiw.pl\/de\/wp-json\/wp\/v2\/types\/product"}],"wp:featuredmedia":[{"embeddable":true,"href":"https:\/\/www.megiw.pl\/de\/wp-json\/wp\/v2\/media\/4938"}],"wp:attachment":[{"href":"https:\/\/www.megiw.pl\/de\/wp-json\/wp\/v2\/media?parent=3928"}],"wp:term":[{"taxonomy":"product_cat","embeddable":true,"href":"https:\/\/www.megiw.pl\/de\/wp-json\/wp\/v2\/product_cat?post=3928"},{"taxonomy":"product_tag","embeddable":true,"href":"https:\/\/www.megiw.pl\/de\/wp-json\/wp\/v2\/product_tag?post=3928"}],"curies":[{"name":"wp","href":"https:\/\/api.w.org\/{rel}","templated":true}]}}