{"id":3367,"date":"2024-11-07T16:38:21","date_gmt":"2024-11-07T15:38:21","guid":{"rendered":"https:\/\/www.megiw.pl\/?post_type=product&#038;p=3367"},"modified":"2024-12-12T17:35:20","modified_gmt":"2024-12-12T16:35:20","slug":"drewutnia-wolnostojaca","status":"publish","type":"product","link":"https:\/\/www.megiw.pl\/de\/produkt\/drewutnia-wolnostojaca\/","title":{"rendered":"Freistehendes Gartenhaus"},"content":{"rendered":"","protected":false},"excerpt":{"rendered":"<p>Das freistehende Gartenhaus ist aus Fichtenholz gefertigt und hat einen rechteckigen Grundriss mit einem Satteldach. Es ist mit einer 2,5 mm dicken PVC-Trapezplatte bedeckt. Die Konstruktion sorgt f\u00fcr Stabilit\u00e4t durch drei tragende W\u00e4nde, die an den Ecken zus\u00e4tzlich verst\u00e4rkt wurden. Die Bauweise gew\u00e4hrleistet einen freien Luftstrom. Das Geb\u00e4ude kann zur Aufbewahrung von Holz sowie f\u00fcr die Lagerung von Werkzeugen und landwirtschaftlichem Ger\u00e4t verwendet werden. Das Modell ist in einer Gr\u00f6\u00dfe erh\u00e4ltlich und mit einem Boden ausgestattet.<\/p>\n<p>In vielen G\u00e4rten eignet sich das Geb\u00e4ude auch als\u00a0<strong>M\u00fclltonnenabdeckung<\/strong><\/p>","protected":false},"featured_media":4728,"template":"","meta":{"site-sidebar-layout":"default","site-content-layout":"","ast-site-content-layout":"default","site-content-style":"default","site-sidebar-style":"default","ast-global-header-display":"","ast-banner-title-visibility":"","ast-main-header-display":"","ast-hfb-above-header-display":"","ast-hfb-below-header-display":"","ast-hfb-mobile-header-display":"","site-post-title":"","ast-breadcrumbs-content":"","ast-featured-img":"","footer-sml-layout":"","theme-transparent-header-meta":"default","adv-header-id-meta":"","stick-header-meta":"","header-above-stick-meta":"","header-main-stick-meta":"","header-below-stick-meta":"","astra-migrate-meta-layouts":"set","ast-page-background-enabled":"default","ast-page-background-meta":{"desktop":{"background-color":"var(--ast-global-color-4)","background-image":"","background-repeat":"repeat","background-position":"center center","background-size":"auto","background-attachment":"scroll","background-type":"","background-media":"","overlay-type":"","overlay-color":"","overlay-opacity":"","overlay-gradient":""},"tablet":{"background-color":"","background-image":"","background-repeat":"repeat","background-position":"center center","background-size":"auto","background-attachment":"scroll","background-type":"","background-media":"","overlay-type":"","overlay-color":"","overlay-opacity":"","overlay-gradient":""},"mobile":{"background-color":"","background-image":"","background-repeat":"repeat","background-position":"center center","background-size":"auto","background-attachment":"scroll","background-type":"","background-media":"","overlay-type":"","overlay-color":"","overlay-opacity":"","overlay-gradient":""}},"ast-content-background-meta":{"desktop":{"background-color":"var(--ast-global-color-5)","background-image":"","background-repeat":"repeat","background-position":"center center","background-size":"auto","background-attachment":"scroll","background-type":"","background-media":"","overlay-type":"","overlay-color":"","overlay-opacity":"","overlay-gradient":""},"tablet":{"background-color":"var(--ast-global-color-5)","background-image":"","background-repeat":"repeat","background-position":"center center","background-size":"auto","background-attachment":"scroll","background-type":"","background-media":"","overlay-type":"","overlay-color":"","overlay-opacity":"","overlay-gradient":""},"mobile":{"background-color":"var(--ast-global-color-5)","background-image":"","background-repeat":"repeat","background-position":"center center","background-size":"auto","background-attachment":"scroll","background-type":"","background-media":"","overlay-type":"","overlay-color":"","overlay-opacity":"","overlay-gradient":""}}},"product_cat":[107],"product_tag":[178],"class_list":{"0":"post-3367","1":"product","2":"type-product","3":"status-publish","4":"has-post-thumbnail","6":"product_cat-dodatki","7":"product_tag-28mm","8":"desktop-align-center","9":"tablet-align-left","10":"mobile-align-left","12":"first","13":"instock","14":"shipping-taxable","15":"purchasable","16":"product-type-variable"},"yoast_head":"<!-- This site is optimized with the Yoast SEO plugin v24.0 - https:\/\/yoast.com\/wordpress\/plugins\/seo\/ -->\n<title>Drewutnia wolnostoj\u0105ca - Megiw<\/title>\n<meta name=\"robots\" content=\"index, follow, max-snippet:-1, max-image-preview:large, max-video-preview:-1\" \/>\n<link rel=\"canonical\" href=\"https:\/\/www.megiw.pl\/de\/produkt\/drewutnia-wolnostojaca\/\" \/>\n<meta property=\"og:locale\" content=\"de_DE\" \/>\n<meta property=\"og:type\" content=\"article\" \/>\n<meta property=\"og:title\" content=\"Drewutnia wolnostoj\u0105ca - Megiw\" \/>\n<meta property=\"og:description\" content=\"Drewutnia wykonana jest z drewna \u015bwierkowego, o rzucie prostok\u0105tnym i dachu jednospadowym. Pokryta jest p\u0142yt\u0105 trapezow\u0105 PCV o grubo\u015bci 2,5 mm.\u00a0Konstrukcja obudowy zapewnia stabilno\u015b\u0107 poprzez trzy \u015bciany no\u015bne, kt\u00f3re zosta\u0142y dodatkowo wzmocnione na naro\u017cach. Budowa zapewnia swobodny przep\u0142yw powietrza. Obiekt mo\u017ce s\u0142u\u017cy\u0107 do przechowywania drewna, a tak\u017ce magazynowania narz\u0119dzi i sprz\u0119tu gospodarskiego. Model jednowymiarowy, wyposa\u017cony w pod\u0142og\u0119.  W wielu ogrodach sprawdza si\u0119 jako\u00a0obudowa \u015bmietnika.\" \/>\n<meta property=\"og:url\" content=\"https:\/\/www.megiw.pl\/de\/produkt\/drewutnia-wolnostojaca\/\" \/>\n<meta property=\"og:site_name\" content=\"Megiw\" \/>\n<meta property=\"article:modified_time\" content=\"2024-12-12T16:35:20+00:00\" \/>\n<meta property=\"og:image\" content=\"https:\/\/www.megiw.pl\/wp-content\/uploads\/2024\/11\/Drewutnia-wolnostojaca-v2.jpg\" \/>\n\t<meta property=\"og:image:width\" content=\"1280\" \/>\n\t<meta property=\"og:image:height\" content=\"1280\" \/>\n\t<meta property=\"og:image:type\" content=\"image\/jpeg\" \/>\n<meta name=\"twitter:card\" content=\"summary_large_image\" \/>\n<script type=\"application\/ld+json\" class=\"yoast-schema-graph\">{\"@context\":\"https:\/\/schema.org\",\"@graph\":[{\"@type\":\"WebPage\",\"@id\":\"https:\/\/www.megiw.pl\/produkt\/drewutnia-wolnostojaca\/\",\"url\":\"https:\/\/www.megiw.pl\/produkt\/drewutnia-wolnostojaca\/\",\"name\":\"Drewutnia wolnostoj\u0105ca - Megiw\",\"isPartOf\":{\"@id\":\"https:\/\/www.megiw.pl\/#website\"},\"primaryImageOfPage\":{\"@id\":\"https:\/\/www.megiw.pl\/produkt\/drewutnia-wolnostojaca\/#primaryimage\"},\"image\":{\"@id\":\"https:\/\/www.megiw.pl\/produkt\/drewutnia-wolnostojaca\/#primaryimage\"},\"thumbnailUrl\":\"https:\/\/www.megiw.pl\/wp-content\/uploads\/2024\/11\/Drewutnia-wolnostojaca-v2.jpg\",\"datePublished\":\"2024-11-07T15:38:21+00:00\",\"dateModified\":\"2024-12-12T16:35:20+00:00\",\"breadcrumb\":{\"@id\":\"https:\/\/www.megiw.pl\/produkt\/drewutnia-wolnostojaca\/#breadcrumb\"},\"inLanguage\":\"de\",\"potentialAction\":[{\"@type\":\"ReadAction\",\"target\":[\"https:\/\/www.megiw.pl\/produkt\/drewutnia-wolnostojaca\/\"]}]},{\"@type\":\"ImageObject\",\"inLanguage\":\"de\",\"@id\":\"https:\/\/www.megiw.pl\/produkt\/drewutnia-wolnostojaca\/#primaryimage\",\"url\":\"https:\/\/www.megiw.pl\/wp-content\/uploads\/2024\/11\/Drewutnia-wolnostojaca-v2.jpg\",\"contentUrl\":\"https:\/\/www.megiw.pl\/wp-content\/uploads\/2024\/11\/Drewutnia-wolnostojaca-v2.jpg\",\"width\":1280,\"height\":1280},{\"@type\":\"BreadcrumbList\",\"@id\":\"https:\/\/www.megiw.pl\/produkt\/drewutnia-wolnostojaca\/#breadcrumb\",\"itemListElement\":[{\"@type\":\"ListItem\",\"position\":1,\"name\":\"Strona g\u0142\u00f3wna\",\"item\":\"https:\/\/www.megiw.pl\/\"},{\"@type\":\"ListItem\",\"position\":2,\"name\":\"Sklep\",\"item\":\"https:\/\/www.megiw.pl\/en\/sklep\/\"},{\"@type\":\"ListItem\",\"position\":3,\"name\":\"Drewutnia wolnostoj\u0105ca\"}]},{\"@type\":\"WebSite\",\"@id\":\"https:\/\/www.megiw.pl\/#website\",\"url\":\"https:\/\/www.megiw.pl\/\",\"name\":\"Megiw\",\"description\":\"Sauny, producent saun - zak\u0142ad obr\u00f3bki drewna\",\"publisher\":{\"@id\":\"https:\/\/www.megiw.pl\/#organization\"},\"alternateName\":\"Megiw\",\"potentialAction\":[{\"@type\":\"SearchAction\",\"target\":{\"@type\":\"EntryPoint\",\"urlTemplate\":\"https:\/\/www.megiw.pl\/?s={search_term_string}\"},\"query-input\":{\"@type\":\"PropertyValueSpecification\",\"valueRequired\":true,\"valueName\":\"search_term_string\"}}],\"inLanguage\":\"de\"},{\"@type\":\"Organization\",\"@id\":\"https:\/\/www.megiw.pl\/#organization\",\"name\":\"Megiw\",\"url\":\"https:\/\/www.megiw.pl\/\",\"logo\":{\"@type\":\"ImageObject\",\"inLanguage\":\"de\",\"@id\":\"https:\/\/www.megiw.pl\/#\/schema\/logo\/image\/\",\"url\":\"https:\/\/www.megiw.pl\/wp-content\/uploads\/2024\/10\/cropped-MEGIW_LOGO_-1-removebg-preview-3.png\",\"contentUrl\":\"https:\/\/www.megiw.pl\/wp-content\/uploads\/2024\/10\/cropped-MEGIW_LOGO_-1-removebg-preview-3.png\",\"width\":511,\"height\":489,\"caption\":\"Megiw\"},\"image\":{\"@id\":\"https:\/\/www.megiw.pl\/#\/schema\/logo\/image\/\"}}]}<\/script>\n<!-- \/ Yoast SEO plugin. -->","yoast_head_json":{"title":"Drewutnia wolnostoj\u0105ca - Megiw","robots":{"index":"index","follow":"follow","max-snippet":"max-snippet:-1","max-image-preview":"max-image-preview:large","max-video-preview":"max-video-preview:-1"},"canonical":"https:\/\/www.megiw.pl\/de\/produkt\/drewutnia-wolnostojaca\/","og_locale":"de_DE","og_type":"article","og_title":"Drewutnia wolnostoj\u0105ca - Megiw","og_description":"Drewutnia wykonana jest z drewna \u015bwierkowego, o rzucie prostok\u0105tnym i dachu jednospadowym. Pokryta jest p\u0142yt\u0105 trapezow\u0105 PCV o grubo\u015bci 2,5 mm.\u00a0Konstrukcja obudowy zapewnia stabilno\u015b\u0107 poprzez trzy \u015bciany no\u015bne, kt\u00f3re zosta\u0142y dodatkowo wzmocnione na naro\u017cach. Budowa zapewnia swobodny przep\u0142yw powietrza. Obiekt mo\u017ce s\u0142u\u017cy\u0107 do przechowywania drewna, a tak\u017ce magazynowania narz\u0119dzi i sprz\u0119tu gospodarskiego. Model jednowymiarowy, wyposa\u017cony w pod\u0142og\u0119.  W wielu ogrodach sprawdza si\u0119 jako\u00a0obudowa \u015bmietnika.","og_url":"https:\/\/www.megiw.pl\/de\/produkt\/drewutnia-wolnostojaca\/","og_site_name":"Megiw","article_modified_time":"2024-12-12T16:35:20+00:00","og_image":[{"width":1280,"height":1280,"url":"https:\/\/www.megiw.pl\/wp-content\/uploads\/2024\/11\/Drewutnia-wolnostojaca-v2.jpg","type":"image\/jpeg"}],"twitter_card":"summary_large_image","schema":{"@context":"https:\/\/schema.org","@graph":[{"@type":"WebPage","@id":"https:\/\/www.megiw.pl\/produkt\/drewutnia-wolnostojaca\/","url":"https:\/\/www.megiw.pl\/produkt\/drewutnia-wolnostojaca\/","name":"Drewutnia wolnostoj\u0105ca - Megiw","isPartOf":{"@id":"https:\/\/www.megiw.pl\/#website"},"primaryImageOfPage":{"@id":"https:\/\/www.megiw.pl\/produkt\/drewutnia-wolnostojaca\/#primaryimage"},"image":{"@id":"https:\/\/www.megiw.pl\/produkt\/drewutnia-wolnostojaca\/#primaryimage"},"thumbnailUrl":"https:\/\/www.megiw.pl\/wp-content\/uploads\/2024\/11\/Drewutnia-wolnostojaca-v2.jpg","datePublished":"2024-11-07T15:38:21+00:00","dateModified":"2024-12-12T16:35:20+00:00","breadcrumb":{"@id":"https:\/\/www.megiw.pl\/produkt\/drewutnia-wolnostojaca\/#breadcrumb"},"inLanguage":"de","potentialAction":[{"@type":"ReadAction","target":["https:\/\/www.megiw.pl\/produkt\/drewutnia-wolnostojaca\/"]}]},{"@type":"ImageObject","inLanguage":"de","@id":"https:\/\/www.megiw.pl\/produkt\/drewutnia-wolnostojaca\/#primaryimage","url":"https:\/\/www.megiw.pl\/wp-content\/uploads\/2024\/11\/Drewutnia-wolnostojaca-v2.jpg","contentUrl":"https:\/\/www.megiw.pl\/wp-content\/uploads\/2024\/11\/Drewutnia-wolnostojaca-v2.jpg","width":1280,"height":1280},{"@type":"BreadcrumbList","@id":"https:\/\/www.megiw.pl\/produkt\/drewutnia-wolnostojaca\/#breadcrumb","itemListElement":[{"@type":"ListItem","position":1,"name":"Strona g\u0142\u00f3wna","item":"https:\/\/www.megiw.pl\/"},{"@type":"ListItem","position":2,"name":"Sklep","item":"https:\/\/www.megiw.pl\/en\/sklep\/"},{"@type":"ListItem","position":3,"name":"Drewutnia wolnostoj\u0105ca"}]},{"@type":"WebSite","@id":"https:\/\/www.megiw.pl\/#website","url":"https:\/\/www.megiw.pl\/","name":"Megiw","description":"Sauny, producent saun - zak\u0142ad obr\u00f3bki drewna","publisher":{"@id":"https:\/\/www.megiw.pl\/#organization"},"alternateName":"Megiw","potentialAction":[{"@type":"SearchAction","target":{"@type":"EntryPoint","urlTemplate":"https:\/\/www.megiw.pl\/?s={search_term_string}"},"query-input":{"@type":"PropertyValueSpecification","valueRequired":true,"valueName":"search_term_string"}}],"inLanguage":"de"},{"@type":"Organization","@id":"https:\/\/www.megiw.pl\/#organization","name":"Megiw","url":"https:\/\/www.megiw.pl\/","logo":{"@type":"ImageObject","inLanguage":"de","@id":"https:\/\/www.megiw.pl\/#\/schema\/logo\/image\/","url":"https:\/\/www.megiw.pl\/wp-content\/uploads\/2024\/10\/cropped-MEGIW_LOGO_-1-removebg-preview-3.png","contentUrl":"https:\/\/www.megiw.pl\/wp-content\/uploads\/2024\/10\/cropped-MEGIW_LOGO_-1-removebg-preview-3.png","width":511,"height":489,"caption":"Megiw"},"image":{"@id":"https:\/\/www.megiw.pl\/#\/schema\/logo\/image\/"}}]}},"_links":{"self":[{"href":"https:\/\/www.megiw.pl\/de\/wp-json\/wp\/v2\/product\/3367"}],"collection":[{"href":"https:\/\/www.megiw.pl\/de\/wp-json\/wp\/v2\/product"}],"about":[{"href":"https:\/\/www.megiw.pl\/de\/wp-json\/wp\/v2\/types\/product"}],"wp:featuredmedia":[{"embeddable":true,"href":"https:\/\/www.megiw.pl\/de\/wp-json\/wp\/v2\/media\/4728"}],"wp:attachment":[{"href":"https:\/\/www.megiw.pl\/de\/wp-json\/wp\/v2\/media?parent=3367"}],"wp:term":[{"taxonomy":"product_cat","embeddable":true,"href":"https:\/\/www.megiw.pl\/de\/wp-json\/wp\/v2\/product_cat?post=3367"},{"taxonomy":"product_tag","embeddable":true,"href":"https:\/\/www.megiw.pl\/de\/wp-json\/wp\/v2\/product_tag?post=3367"}],"curies":[{"name":"wp","href":"https:\/\/api.w.org\/{rel}","templated":true}]}}