{"id":3269,"date":"2024-11-05T18:05:45","date_gmt":"2024-11-05T17:05:45","guid":{"rendered":"https:\/\/www.megiw.pl\/?post_type=product&#038;p=3269"},"modified":"2025-06-11T13:40:29","modified_gmt":"2025-06-11T11:40:29","slug":"domek-dzieciecy-nowoczesny-floks","status":"publish","type":"product","link":"https:\/\/www.megiw.pl\/de\/produkt\/domek-dzieciecy-nowoczesny-floks\/","title":{"rendered":"Kinderhaus \u201eFloks\u201d"},"content":{"rendered":"","protected":false},"excerpt":{"rendered":"<div id=\"tab-description\" class=\"woocommerce-Tabs-panel woocommerce-Tabs-panel--description panel entry-content wc-tab\" role=\"tabpanel\" aria-labelledby=\"tab-title-description\">\n<p>Wir stellen das \u201eFloks\u201d Kinderhaus aus Holz vor \u2013 ein stilvolles, modernes und sicheres Spielelement f\u00fcr den Garten, das die Kleinsten begeistern wird und perfekt in die \u00c4sthetik des Au\u00dfenbereichs passt. Das Haus in grau-wei\u00dfen Farben mit Details in Eichenfarbe (RAL7040\/RAL9016\/RAL1028) kombiniert modernes Design mit Funktionalit\u00e4t und bietet den Kindern einen au\u00dfergew\u00f6hnlichen Ort zum Spielen und zur F\u00f6rderung ihrer Kreativit\u00e4t im Freien.<\/p>\n<p><strong>Produktmerkmale:<\/strong><\/p>\n<ul>\n<li><strong>Farben:<\/strong> Eine nat\u00fcrliche oder moderne Farbpalette \u2013 Grau\/Wei\u00df mit einer Plattform in hellem Eichenholz \u2013 macht das Spielhaus zur idealen Erg\u00e4nzung f\u00fcr jeden Garten.<\/li>\n<li><strong>Material:<\/strong> Hergestellt aus hochwertigem Fichtenholz, das Langlebigkeit und Witterungsbest\u00e4ndigkeit garantiert.<\/li>\n<li><strong>Sicherheit:<\/strong> Die Konstruktion ist stabil, und die Holzoberfl\u00e4che wurde mit ungiftigen, kindersicheren Farben behandelt.<\/li>\n<\/ul>\n<p><strong>Ma\u00dfe:<\/strong> Perfekt an den Gartenraum angepasst, mit ausreichend Platz f\u00fcr freies Spielen und Schutz.<\/p>\n<p>Das \u201eFloks\u201d Kinderhaus ist ein inspirierender Ort f\u00fcr verschiedene Spiele \u2013 von Rollenspielen bis hin zu kleinen Gartenpartys. Es ist ein einzigartiges Element, das die Fantasie anregt und das Verweilen im Freien f\u00f6rdert.<\/p>\n<\/div>","protected":false},"featured_media":4725,"template":"","meta":{"site-sidebar-layout":"default","site-content-layout":"","ast-site-content-layout":"default","site-content-style":"default","site-sidebar-style":"default","ast-global-header-display":"","ast-banner-title-visibility":"","ast-main-header-display":"","ast-hfb-above-header-display":"","ast-hfb-below-header-display":"","ast-hfb-mobile-header-display":"","site-post-title":"","ast-breadcrumbs-content":"","ast-featured-img":"","footer-sml-layout":"","theme-transparent-header-meta":"default","adv-header-id-meta":"","stick-header-meta":"","header-above-stick-meta":"","header-main-stick-meta":"","header-below-stick-meta":"","astra-migrate-meta-layouts":"set","ast-page-background-enabled":"default","ast-page-background-meta":{"desktop":{"background-color":"var(--ast-global-color-4)","background-image":"","background-repeat":"repeat","background-position":"center center","background-size":"auto","background-attachment":"scroll","background-type":"","background-media":"","overlay-type":"","overlay-color":"","overlay-opacity":"","overlay-gradient":""},"tablet":{"background-color":"","background-image":"","background-repeat":"repeat","background-position":"center center","background-size":"auto","background-attachment":"scroll","background-type":"","background-media":"","overlay-type":"","overlay-color":"","overlay-opacity":"","overlay-gradient":""},"mobile":{"background-color":"","background-image":"","background-repeat":"repeat","background-position":"center center","background-size":"auto","background-attachment":"scroll","background-type":"","background-media":"","overlay-type":"","overlay-color":"","overlay-opacity":"","overlay-gradient":""}},"ast-content-background-meta":{"desktop":{"background-color":"var(--ast-global-color-5)","background-image":"","background-repeat":"repeat","background-position":"center center","background-size":"auto","background-attachment":"scroll","background-type":"","background-media":"","overlay-type":"","overlay-color":"","overlay-opacity":"","overlay-gradient":""},"tablet":{"background-color":"var(--ast-global-color-5)","background-image":"","background-repeat":"repeat","background-position":"center center","background-size":"auto","background-attachment":"scroll","background-type":"","background-media":"","overlay-type":"","overlay-color":"","overlay-opacity":"","overlay-gradient":""},"mobile":{"background-color":"var(--ast-global-color-5)","background-image":"","background-repeat":"repeat","background-position":"center center","background-size":"auto","background-attachment":"scroll","background-type":"","background-media":"","overlay-type":"","overlay-color":"","overlay-opacity":"","overlay-gradient":""}}},"product_cat":[93,94,99],"product_tag":[],"class_list":{"0":"post-3269","1":"product","2":"type-product","3":"status-publish","4":"has-post-thumbnail","6":"product_cat-dla-ogrodu","7":"product_cat-domki","8":"product_cat-dzieciece","9":"desktop-align-center","10":"tablet-align-left","11":"mobile-align-left","13":"first","14":"instock","15":"shipping-taxable","16":"purchasable","17":"product-type-variable"},"yoast_head":"<!-- This site is optimized with the Yoast SEO plugin v24.0 - https:\/\/yoast.com\/wordpress\/plugins\/seo\/ -->\n<title>Domek &#039;&#039;Floks&#039;&#039; - Megiw<\/title>\n<meta name=\"robots\" content=\"index, follow, max-snippet:-1, max-image-preview:large, max-video-preview:-1\" \/>\n<link rel=\"canonical\" href=\"https:\/\/www.megiw.pl\/de\/produkt\/domek-dzieciecy-nowoczesny-floks\/\" \/>\n<meta property=\"og:locale\" content=\"de_DE\" \/>\n<meta property=\"og:type\" content=\"article\" \/>\n<meta property=\"og:title\" content=\"Domek &#039;&#039;Floks&#039;&#039; - Megiw\" \/>\n<meta property=\"og:description\" content=\"Przedstawiamy drewniany domek dzieci\u0119cy \u201eFloks\u201d \u2013 stylowy, nowoczesny i bezpieczny element zabaw do ogrodu, kt\u00f3ry zachwyci najm\u0142odszych i doskonale wpisze si\u0119 w estetyk\u0119 przestrzeni. Domek w kolorach szaro-bia\u0142ym z detalami w odcieniu d\u0119bu (RAL7040\/RAL9016\/RAL1028) to po\u0142\u0105czenie nowoczesnego designu z funkcjonalno\u015bci\u0105, zapewniaj\u0105c dzieciom wyj\u0105tkowe miejsce do zabawy i rozwijania kreatywno\u015bci na \u015bwie\u017cym powietrzu.  Charakterystyka produktu:   Kolory: Naturalny lub nowoczesna paleta kolorystyczna \u2013 szaro\/bia\u0142y z podestem w kolorze jasnego d\u0119bu \u2013 sprawia, \u017ce domek idealnie pasuje do ka\u017cdego ogrodu.  Materia\u0142: Wykonany z wysokiej jako\u015bci drewna \u015bwierkowego, co gwarantuje trwa\u0142o\u015b\u0107 i odporno\u015b\u0107 na warunki atmosferyczne.  Bezpiecze\u0144stwo: Konstrukcja jest solidna, a powierzchnia drewna zosta\u0142a odpowiednio zabezpieczona nietoksycznymi, bezpiecznymi dla dzieci farbami.  Wymiary: Idealnie dostosowane do przestrzeni ogrodowej, z miejscem do swobodnej zabawy i schronienia.  Domek dzieci\u0119cy \u201eFloks\u201d to miejsce pe\u0142ne inspiracji do r\u00f3\u017cnorodnych zabaw \u2013 od odgrywania r\u00f3l, po ma\u0142e przyj\u0119cia w ogrodzie. To wyj\u0105tkowy element, kt\u00f3ry pobudza wyobra\u017ani\u0119 i sprzyja sp\u0119dzaniu czasu na \u015bwie\u017cym powietrzu.\" \/>\n<meta property=\"og:url\" content=\"https:\/\/www.megiw.pl\/de\/produkt\/domek-dzieciecy-nowoczesny-floks\/\" \/>\n<meta property=\"og:site_name\" content=\"Megiw\" \/>\n<meta property=\"article:modified_time\" content=\"2025-06-11T11:40:29+00:00\" \/>\n<meta property=\"og:image\" content=\"https:\/\/www.megiw.pl\/wp-content\/uploads\/2024\/11\/Domek-_Dzieciecy-Nowoczesny_-Floks-v2.jpg\" \/>\n\t<meta property=\"og:image:width\" content=\"1280\" \/>\n\t<meta property=\"og:image:height\" content=\"1280\" \/>\n\t<meta property=\"og:image:type\" content=\"image\/jpeg\" \/>\n<meta name=\"twitter:card\" content=\"summary_large_image\" \/>\n<meta name=\"twitter:label1\" content=\"Gesch\u00e4tzte Lesezeit\" \/>\n\t<meta name=\"twitter:data1\" content=\"1\u00a0Minute\" \/>\n<script type=\"application\/ld+json\" class=\"yoast-schema-graph\">{\"@context\":\"https:\/\/schema.org\",\"@graph\":[{\"@type\":\"WebPage\",\"@id\":\"https:\/\/www.megiw.pl\/en\/product\/domek-dzieciecy-nowoczesny-floks\/\",\"url\":\"https:\/\/www.megiw.pl\/en\/product\/domek-dzieciecy-nowoczesny-floks\/\",\"name\":\"Domek ''Floks'' - Megiw\",\"isPartOf\":{\"@id\":\"https:\/\/www.megiw.pl\/#website\"},\"primaryImageOfPage\":{\"@id\":\"https:\/\/www.megiw.pl\/en\/product\/domek-dzieciecy-nowoczesny-floks\/#primaryimage\"},\"image\":{\"@id\":\"https:\/\/www.megiw.pl\/en\/product\/domek-dzieciecy-nowoczesny-floks\/#primaryimage\"},\"thumbnailUrl\":\"https:\/\/www.megiw.pl\/wp-content\/uploads\/2024\/11\/Domek-_Dzieciecy-Nowoczesny_-Floks-v2.jpg\",\"datePublished\":\"2024-11-05T17:05:45+00:00\",\"dateModified\":\"2025-06-11T11:40:29+00:00\",\"breadcrumb\":{\"@id\":\"https:\/\/www.megiw.pl\/en\/product\/domek-dzieciecy-nowoczesny-floks\/#breadcrumb\"},\"inLanguage\":\"de\",\"potentialAction\":[{\"@type\":\"ReadAction\",\"target\":[\"https:\/\/www.megiw.pl\/en\/product\/domek-dzieciecy-nowoczesny-floks\/\"]}]},{\"@type\":\"ImageObject\",\"inLanguage\":\"de\",\"@id\":\"https:\/\/www.megiw.pl\/en\/product\/domek-dzieciecy-nowoczesny-floks\/#primaryimage\",\"url\":\"https:\/\/www.megiw.pl\/wp-content\/uploads\/2024\/11\/Domek-_Dzieciecy-Nowoczesny_-Floks-v2.jpg\",\"contentUrl\":\"https:\/\/www.megiw.pl\/wp-content\/uploads\/2024\/11\/Domek-_Dzieciecy-Nowoczesny_-Floks-v2.jpg\",\"width\":1280,\"height\":1280},{\"@type\":\"BreadcrumbList\",\"@id\":\"https:\/\/www.megiw.pl\/en\/product\/domek-dzieciecy-nowoczesny-floks\/#breadcrumb\",\"itemListElement\":[{\"@type\":\"ListItem\",\"position\":1,\"name\":\"Strona g\u0142\u00f3wna\",\"item\":\"https:\/\/www.megiw.pl\/\"},{\"@type\":\"ListItem\",\"position\":2,\"name\":\"Sklep\",\"item\":\"https:\/\/www.megiw.pl\/en\/sklep\/\"},{\"@type\":\"ListItem\",\"position\":3,\"name\":\"Domek &#8221;Floks&#8221;\"}]},{\"@type\":\"WebSite\",\"@id\":\"https:\/\/www.megiw.pl\/#website\",\"url\":\"https:\/\/www.megiw.pl\/\",\"name\":\"Megiw\",\"description\":\"Sauny, producent saun - zak\u0142ad obr\u00f3bki drewna\",\"publisher\":{\"@id\":\"https:\/\/www.megiw.pl\/#organization\"},\"alternateName\":\"Megiw\",\"potentialAction\":[{\"@type\":\"SearchAction\",\"target\":{\"@type\":\"EntryPoint\",\"urlTemplate\":\"https:\/\/www.megiw.pl\/?s={search_term_string}\"},\"query-input\":{\"@type\":\"PropertyValueSpecification\",\"valueRequired\":true,\"valueName\":\"search_term_string\"}}],\"inLanguage\":\"de\"},{\"@type\":\"Organization\",\"@id\":\"https:\/\/www.megiw.pl\/#organization\",\"name\":\"Megiw\",\"url\":\"https:\/\/www.megiw.pl\/\",\"logo\":{\"@type\":\"ImageObject\",\"inLanguage\":\"de\",\"@id\":\"https:\/\/www.megiw.pl\/#\/schema\/logo\/image\/\",\"url\":\"https:\/\/www.megiw.pl\/wp-content\/uploads\/2024\/10\/cropped-MEGIW_LOGO_-1-removebg-preview-3.png\",\"contentUrl\":\"https:\/\/www.megiw.pl\/wp-content\/uploads\/2024\/10\/cropped-MEGIW_LOGO_-1-removebg-preview-3.png\",\"width\":511,\"height\":489,\"caption\":\"Megiw\"},\"image\":{\"@id\":\"https:\/\/www.megiw.pl\/#\/schema\/logo\/image\/\"}}]}<\/script>\n<!-- \/ Yoast SEO plugin. -->","yoast_head_json":{"title":"Domek ''Floks'' - Megiw","robots":{"index":"index","follow":"follow","max-snippet":"max-snippet:-1","max-image-preview":"max-image-preview:large","max-video-preview":"max-video-preview:-1"},"canonical":"https:\/\/www.megiw.pl\/de\/produkt\/domek-dzieciecy-nowoczesny-floks\/","og_locale":"de_DE","og_type":"article","og_title":"Domek ''Floks'' - Megiw","og_description":"Przedstawiamy drewniany domek dzieci\u0119cy \u201eFloks\u201d \u2013 stylowy, nowoczesny i bezpieczny element zabaw do ogrodu, kt\u00f3ry zachwyci najm\u0142odszych i doskonale wpisze si\u0119 w estetyk\u0119 przestrzeni. Domek w kolorach szaro-bia\u0142ym z detalami w odcieniu d\u0119bu (RAL7040\/RAL9016\/RAL1028) to po\u0142\u0105czenie nowoczesnego designu z funkcjonalno\u015bci\u0105, zapewniaj\u0105c dzieciom wyj\u0105tkowe miejsce do zabawy i rozwijania kreatywno\u015bci na \u015bwie\u017cym powietrzu.  Charakterystyka produktu:   Kolory: Naturalny lub nowoczesna paleta kolorystyczna \u2013 szaro\/bia\u0142y z podestem w kolorze jasnego d\u0119bu \u2013 sprawia, \u017ce domek idealnie pasuje do ka\u017cdego ogrodu.  Materia\u0142: Wykonany z wysokiej jako\u015bci drewna \u015bwierkowego, co gwarantuje trwa\u0142o\u015b\u0107 i odporno\u015b\u0107 na warunki atmosferyczne.  Bezpiecze\u0144stwo: Konstrukcja jest solidna, a powierzchnia drewna zosta\u0142a odpowiednio zabezpieczona nietoksycznymi, bezpiecznymi dla dzieci farbami.  Wymiary: Idealnie dostosowane do przestrzeni ogrodowej, z miejscem do swobodnej zabawy i schronienia.  Domek dzieci\u0119cy \u201eFloks\u201d to miejsce pe\u0142ne inspiracji do r\u00f3\u017cnorodnych zabaw \u2013 od odgrywania r\u00f3l, po ma\u0142e przyj\u0119cia w ogrodzie. To wyj\u0105tkowy element, kt\u00f3ry pobudza wyobra\u017ani\u0119 i sprzyja sp\u0119dzaniu czasu na \u015bwie\u017cym powietrzu.","og_url":"https:\/\/www.megiw.pl\/de\/produkt\/domek-dzieciecy-nowoczesny-floks\/","og_site_name":"Megiw","article_modified_time":"2025-06-11T11:40:29+00:00","og_image":[{"width":1280,"height":1280,"url":"https:\/\/www.megiw.pl\/wp-content\/uploads\/2024\/11\/Domek-_Dzieciecy-Nowoczesny_-Floks-v2.jpg","type":"image\/jpeg"}],"twitter_card":"summary_large_image","twitter_misc":{"Gesch\u00e4tzte Lesezeit":"1\u00a0Minute"},"schema":{"@context":"https:\/\/schema.org","@graph":[{"@type":"WebPage","@id":"https:\/\/www.megiw.pl\/en\/product\/domek-dzieciecy-nowoczesny-floks\/","url":"https:\/\/www.megiw.pl\/en\/product\/domek-dzieciecy-nowoczesny-floks\/","name":"Domek ''Floks'' - Megiw","isPartOf":{"@id":"https:\/\/www.megiw.pl\/#website"},"primaryImageOfPage":{"@id":"https:\/\/www.megiw.pl\/en\/product\/domek-dzieciecy-nowoczesny-floks\/#primaryimage"},"image":{"@id":"https:\/\/www.megiw.pl\/en\/product\/domek-dzieciecy-nowoczesny-floks\/#primaryimage"},"thumbnailUrl":"https:\/\/www.megiw.pl\/wp-content\/uploads\/2024\/11\/Domek-_Dzieciecy-Nowoczesny_-Floks-v2.jpg","datePublished":"2024-11-05T17:05:45+00:00","dateModified":"2025-06-11T11:40:29+00:00","breadcrumb":{"@id":"https:\/\/www.megiw.pl\/en\/product\/domek-dzieciecy-nowoczesny-floks\/#breadcrumb"},"inLanguage":"de","potentialAction":[{"@type":"ReadAction","target":["https:\/\/www.megiw.pl\/en\/product\/domek-dzieciecy-nowoczesny-floks\/"]}]},{"@type":"ImageObject","inLanguage":"de","@id":"https:\/\/www.megiw.pl\/en\/product\/domek-dzieciecy-nowoczesny-floks\/#primaryimage","url":"https:\/\/www.megiw.pl\/wp-content\/uploads\/2024\/11\/Domek-_Dzieciecy-Nowoczesny_-Floks-v2.jpg","contentUrl":"https:\/\/www.megiw.pl\/wp-content\/uploads\/2024\/11\/Domek-_Dzieciecy-Nowoczesny_-Floks-v2.jpg","width":1280,"height":1280},{"@type":"BreadcrumbList","@id":"https:\/\/www.megiw.pl\/en\/product\/domek-dzieciecy-nowoczesny-floks\/#breadcrumb","itemListElement":[{"@type":"ListItem","position":1,"name":"Strona g\u0142\u00f3wna","item":"https:\/\/www.megiw.pl\/"},{"@type":"ListItem","position":2,"name":"Sklep","item":"https:\/\/www.megiw.pl\/en\/sklep\/"},{"@type":"ListItem","position":3,"name":"Domek &#8221;Floks&#8221;"}]},{"@type":"WebSite","@id":"https:\/\/www.megiw.pl\/#website","url":"https:\/\/www.megiw.pl\/","name":"Megiw","description":"Sauny, producent saun - zak\u0142ad obr\u00f3bki drewna","publisher":{"@id":"https:\/\/www.megiw.pl\/#organization"},"alternateName":"Megiw","potentialAction":[{"@type":"SearchAction","target":{"@type":"EntryPoint","urlTemplate":"https:\/\/www.megiw.pl\/?s={search_term_string}"},"query-input":{"@type":"PropertyValueSpecification","valueRequired":true,"valueName":"search_term_string"}}],"inLanguage":"de"},{"@type":"Organization","@id":"https:\/\/www.megiw.pl\/#organization","name":"Megiw","url":"https:\/\/www.megiw.pl\/","logo":{"@type":"ImageObject","inLanguage":"de","@id":"https:\/\/www.megiw.pl\/#\/schema\/logo\/image\/","url":"https:\/\/www.megiw.pl\/wp-content\/uploads\/2024\/10\/cropped-MEGIW_LOGO_-1-removebg-preview-3.png","contentUrl":"https:\/\/www.megiw.pl\/wp-content\/uploads\/2024\/10\/cropped-MEGIW_LOGO_-1-removebg-preview-3.png","width":511,"height":489,"caption":"Megiw"},"image":{"@id":"https:\/\/www.megiw.pl\/#\/schema\/logo\/image\/"}}]}},"_links":{"self":[{"href":"https:\/\/www.megiw.pl\/de\/wp-json\/wp\/v2\/product\/3269"}],"collection":[{"href":"https:\/\/www.megiw.pl\/de\/wp-json\/wp\/v2\/product"}],"about":[{"href":"https:\/\/www.megiw.pl\/de\/wp-json\/wp\/v2\/types\/product"}],"wp:featuredmedia":[{"embeddable":true,"href":"https:\/\/www.megiw.pl\/de\/wp-json\/wp\/v2\/media\/4725"}],"wp:attachment":[{"href":"https:\/\/www.megiw.pl\/de\/wp-json\/wp\/v2\/media?parent=3269"}],"wp:term":[{"taxonomy":"product_cat","embeddable":true,"href":"https:\/\/www.megiw.pl\/de\/wp-json\/wp\/v2\/product_cat?post=3269"},{"taxonomy":"product_tag","embeddable":true,"href":"https:\/\/www.megiw.pl\/de\/wp-json\/wp\/v2\/product_tag?post=3269"}],"curies":[{"name":"wp","href":"https:\/\/api.w.org\/{rel}","templated":true}]}}